{"id":690937,"date":"2025-08-27T13:54:46","date_gmt":"2025-08-27T10:54:46","guid":{"rendered":"https:\/\/roveyayinevi.com.tr\/index.php\/urun\/darwin-ile-yolculuk\/"},"modified":"2026-04-16T02:00:24","modified_gmt":"2026-04-15T23:00:24","slug":"darwin-ile-yolculuk","status":"publish","type":"product","link":"https:\/\/roveyayinevi.com.tr\/index.php\/urun\/darwin-ile-yolculuk\/","title":{"rendered":"Darwin ile Yolculuk"},"content":{"rendered":"<p>Charles Darwin\u2019in evrim teorisi d\u00fcnyay\u0131 ve insan\u0131n d\u00fcnyadaki yerine dair anlay\u0131\u015f\u0131m\u0131z\u0131 tamamen de\u011fi\u015ftirdi. Beagle\u2019la d\u00fcnyan\u0131n etraf\u0131ndaki epik yolculu\u011funda do\u011fan\u0131n fikirlerine nas\u0131l esin kayna\u011f\u0131 oldu\u011funu g\u00f6steren bu kitap sayesinde, Darwin\u2019le birlikte Brezilya\u2019daki ya\u011fmur ormanlar\u0131na gidecek, And Da\u011flar\u0131\u2019n\u0131n tepelerine \u00e7\u0131kacak, Galapagos Adalar\u0131\u2019nda ke\u015fif turlar\u0131 yapaca\u011f\u0131z. Darwin yolculu\u011funun sonunda ke\u015ffettikleri ile uzmanlar\u0131 \u015fa\u015fk\u0131nl\u0131\u011fa d\u00fc\u015f\u00fcr\u00fcrken T\u00fcrlerin K\u00f6keni isimli kitab\u0131yla da ate\u015fli tart\u0131\u015fmalara sebep olacak. Karma\u015f\u0131k fikirleri a\u00e7\u0131k ve heyecan verici bir \u015fekilde aktarmalar\u0131 ile \u00fcnlenen Mick Manning ve Brita Granstr\u00f6m, bu kitapta Darwin\u2019in fikirlerinin olu\u015fum s\u00fcrecinin ve \u00f6neminin canl\u0131 bir portresini \u00e7iziyor. <\/p>\n","protected":false},"excerpt":{"rendered":"<p>Charles Darwin\u2019in evrim teorisi d\u00fcnyay\u0131 ve insan\u0131n d\u00fcnyadaki yerine dair anlay\u0131\u015f\u0131m\u0131z\u0131 tamamen de\u011fi\u015ftirdi. Beagle\u2019la d\u00fcnyan\u0131n etraf\u0131ndaki epik yolculu\u011funda do\u011fan\u0131n fikirlerine nas\u0131l esin kayna\u011f\u0131 oldu\u011funu g\u00f6steren bu<span class=\"excerpt-hellip\"> [\u2026]<\/span><\/p>\n","protected":false},"featured_media":0,"template":"","meta":{"_monsterinsights_skip_tracking":false,"_monsterinsights_sitenote_active":false,"_monsterinsights_sitenote_note":"","_monsterinsights_sitenote_category":0},"product_brand":[],"product_cat":[12274,12284],"product_tag":[],"class_list":{"0":"post-690937","1":"product","2":"type-product","3":"status-publish","5":"product_cat-cocuk-ve-genclik-kitaplari","6":"product_cat-hikayeler","7":"pa_cilt-ciltli","8":"pa_tur-kitap","9":"pa_yayinevi-mandolin-yayinlari","10":"pa_yazar-mick-manning","12":"first","13":"instock","14":"sale","15":"shipping-taxable","16":"purchasable","17":"product-type-simple"},"_links":{"self":[{"href":"https:\/\/roveyayinevi.com.tr\/index.php\/wp-json\/wp\/v2\/product\/690937","targetHints":{"allow":["GET"]}}],"collection":[{"href":"https:\/\/roveyayinevi.com.tr\/index.php\/wp-json\/wp\/v2\/product"}],"about":[{"href":"https:\/\/roveyayinevi.com.tr\/index.php\/wp-json\/wp\/v2\/types\/product"}],"wp:attachment":[{"href":"https:\/\/roveyayinevi.com.tr\/index.php\/wp-json\/wp\/v2\/media?parent=690937"}],"wp:term":[{"taxonomy":"product_brand","embeddable":true,"href":"https:\/\/roveyayinevi.com.tr\/index.php\/wp-json\/wp\/v2\/product_brand?post=690937"},{"taxonomy":"product_cat","embeddable":true,"href":"https:\/\/roveyayinevi.com.tr\/index.php\/wp-json\/wp\/v2\/product_cat?post=690937"},{"taxonomy":"product_tag","embeddable":true,"href":"https:\/\/roveyayinevi.com.tr\/index.php\/wp-json\/wp\/v2\/product_tag?post=690937"}],"curies":[{"name":"wp","href":"https:\/\/api.w.org\/{rel}","templated":true}]}}