{"id":690932,"date":"2025-08-27T13:54:46","date_gmt":"2025-08-27T10:54:46","guid":{"rendered":"https:\/\/roveyayinevi.com.tr\/index.php\/urun\/ac-tirtil\/"},"modified":"2026-04-16T02:00:24","modified_gmt":"2026-04-15T23:00:24","slug":"ac-tirtil","status":"publish","type":"product","link":"https:\/\/roveyayinevi.com.tr\/index.php\/urun\/ac-tirtil\/","title":{"rendered":"A\u00e7 T\u0131rt\u0131l"},"content":{"rendered":"<p>1969 y\u0131l\u0131nda ilk kez yay\u0131mland\u0131\u011f\u0131ndan beri pek \u00e7ok \u00f6d\u00fcl alan, t\u00fcm d\u00fcnyada 62 dile \u00e7evrilen ve 46 milyondan fazla satan A\u00e7 T\u0131rt\u0131l, \u00e7ocuklar\u0131n sevgilisi olmaya devam ediyor. B\u00fcy\u00fck boyutu, Eric Carle\u2019\u0131n capcanl\u0131 resimleri ve sade diliyle bu kitap \u00f6zellikle okul\u00f6ncesi \u00e7ocuklar\u0131na e\u011flenceli okuma deneyimi ya\u015fatarak kitap sevgisi kazand\u0131rmaya yard\u0131mc\u0131 oluyor&#8230; A\u00e7 T\u0131rt\u0131l pazartesi g\u00fcnleri 1 elma, sal\u0131lar\u0131 2 kocaman armut, \u00e7ar\u015fambalar\u0131 3 erik, per\u015fembeleri 4 \u00e7ilek, cumalar\u0131 5 portakal tad\u0131nda&#8230;Cumartesileri ise birbirinden leziz 10 farkl\u0131 yiyece\u011fe bedel. Pazarlar\u0131 m\u0131? Pazarlar\u0131 g\u00fczel bir kitap okuman\u0131n tarif edilmez mutlulu\u011fudur A\u00e7 T\u0131rt\u0131l. <\/p>\n","protected":false},"excerpt":{"rendered":"<p>1969 y\u0131l\u0131nda ilk kez yay\u0131mland\u0131\u011f\u0131ndan beri pek \u00e7ok \u00f6d\u00fcl alan, t\u00fcm d\u00fcnyada 62 dile \u00e7evrilen ve 46 milyondan fazla satan A\u00e7 T\u0131rt\u0131l, \u00e7ocuklar\u0131n sevgilisi olmaya devam<span class=\"excerpt-hellip\"> [\u2026]<\/span><\/p>\n","protected":false},"featured_media":0,"template":"","meta":{"_monsterinsights_skip_tracking":false,"_monsterinsights_sitenote_active":false,"_monsterinsights_sitenote_note":"","_monsterinsights_sitenote_category":0},"product_brand":[],"product_cat":[15192,12274],"product_tag":[],"class_list":{"0":"post-690932","1":"product","2":"type-product","3":"status-publish","5":"product_cat-1-3-yas-kitaplari","6":"product_cat-cocuk-ve-genclik-kitaplari","7":"pa_cilt-ciltsiz","8":"pa_tur-kitap","9":"pa_yayinevi-mavi-bulut-yayinlari","10":"pa_yazar-eric-carle","12":"first","13":"instock","14":"sale","15":"shipping-taxable","16":"purchasable","17":"product-type-simple"},"_links":{"self":[{"href":"https:\/\/roveyayinevi.com.tr\/index.php\/wp-json\/wp\/v2\/product\/690932","targetHints":{"allow":["GET"]}}],"collection":[{"href":"https:\/\/roveyayinevi.com.tr\/index.php\/wp-json\/wp\/v2\/product"}],"about":[{"href":"https:\/\/roveyayinevi.com.tr\/index.php\/wp-json\/wp\/v2\/types\/product"}],"wp:attachment":[{"href":"https:\/\/roveyayinevi.com.tr\/index.php\/wp-json\/wp\/v2\/media?parent=690932"}],"wp:term":[{"taxonomy":"product_brand","embeddable":true,"href":"https:\/\/roveyayinevi.com.tr\/index.php\/wp-json\/wp\/v2\/product_brand?post=690932"},{"taxonomy":"product_cat","embeddable":true,"href":"https:\/\/roveyayinevi.com.tr\/index.php\/wp-json\/wp\/v2\/product_cat?post=690932"},{"taxonomy":"product_tag","embeddable":true,"href":"https:\/\/roveyayinevi.com.tr\/index.php\/wp-json\/wp\/v2\/product_tag?post=690932"}],"curies":[{"name":"wp","href":"https:\/\/api.w.org\/{rel}","templated":true}]}}