{"id":690917,"date":"2025-08-27T13:54:43","date_gmt":"2025-08-27T10:54:43","guid":{"rendered":"https:\/\/roveyayinevi.com.tr\/index.php\/urun\/gunesi-kirmiziya-boyayan-cocuk\/"},"modified":"2026-04-16T02:00:24","modified_gmt":"2026-04-15T23:00:24","slug":"gunesi-kirmiziya-boyayan-cocuk","status":"publish","type":"product","link":"https:\/\/roveyayinevi.com.tr\/index.php\/urun\/gunesi-kirmiziya-boyayan-cocuk\/","title":{"rendered":"G\u00fcne\u015fi K\u0131rm\u0131z\u0131ya Boyayan \u00c7ocuk"},"content":{"rendered":"<p>Masal i\u00e7inde masal&#8230; G\u00fcne\u015fin neden bazen k\u0131rm\u0131z\u0131 bazen de sar\u0131 oldu\u011funu hi\u00e7 merak ettin mi? En b\u00fcy\u00fck hayali getir-g\u00f6t\u00fcr i\u015flerinden kurtulup denizlere a\u00e7\u0131lmak olan Ali yine bir g\u00fcn babas\u0131na yard\u0131m ederken sandal\u0131nda oturan mutlu bir adamla kar\u015f\u0131la\u015f\u0131r. Adam yapt\u0131klar\u0131 i\u015ften mutluluk duymayan \u00e7ocuklara masallar anlatan bir masalc\u0131d\u0131r. Masalc\u0131n\u0131n o g\u00fcn Ali i\u00e7in anlatt\u0131\u011f\u0131 masal o kadar g\u00fczeldir ki, Ali\u2019ye d\u00fcnyadaki her \u015feyin bir sebebi oldu\u011funu g\u00f6sterir. Sen de bu kitab\u0131 okuyunca, t\u0131pk\u0131 Ali gibi g\u00fcne\u015fin ve onu k\u0131rm\u0131z\u0131ya boyayan \u00e7ocu\u011fun maceras\u0131n\u0131 dinleyebilir, hatta g\u00fcne\u015fi batmadan yakalay\u0131p bug\u00fcn k\u0131rm\u0131z\u0131ya boyan\u0131p boyanmad\u0131\u011f\u0131n\u0131 g\u00f6rebilirsin. <\/p>\n","protected":false},"excerpt":{"rendered":"<p>Masal i\u00e7inde masal&#8230; G\u00fcne\u015fin neden bazen k\u0131rm\u0131z\u0131 bazen de sar\u0131 oldu\u011funu hi\u00e7 merak ettin mi? En b\u00fcy\u00fck hayali getir-g\u00f6t\u00fcr i\u015flerinden kurtulup denizlere a\u00e7\u0131lmak olan Ali yine<span class=\"excerpt-hellip\"> [\u2026]<\/span><\/p>\n","protected":false},"featured_media":0,"template":"","meta":{"_monsterinsights_skip_tracking":false,"_monsterinsights_sitenote_active":false,"_monsterinsights_sitenote_note":"","_monsterinsights_sitenote_category":0},"product_brand":[],"product_cat":[12274,12523],"product_tag":[],"class_list":{"0":"post-690917","1":"product","2":"type-product","3":"status-publish","5":"product_cat-cocuk-ve-genclik-kitaplari","6":"product_cat-masallar","7":"pa_tur-kitap","8":"pa_yayinevi-mandolin-yayinlari","9":"pa_yazar-n-aylin-atilla","11":"first","12":"instock","13":"sale","14":"shipping-taxable","15":"purchasable","16":"product-type-simple"},"_links":{"self":[{"href":"https:\/\/roveyayinevi.com.tr\/index.php\/wp-json\/wp\/v2\/product\/690917","targetHints":{"allow":["GET"]}}],"collection":[{"href":"https:\/\/roveyayinevi.com.tr\/index.php\/wp-json\/wp\/v2\/product"}],"about":[{"href":"https:\/\/roveyayinevi.com.tr\/index.php\/wp-json\/wp\/v2\/types\/product"}],"wp:attachment":[{"href":"https:\/\/roveyayinevi.com.tr\/index.php\/wp-json\/wp\/v2\/media?parent=690917"}],"wp:term":[{"taxonomy":"product_brand","embeddable":true,"href":"https:\/\/roveyayinevi.com.tr\/index.php\/wp-json\/wp\/v2\/product_brand?post=690917"},{"taxonomy":"product_cat","embeddable":true,"href":"https:\/\/roveyayinevi.com.tr\/index.php\/wp-json\/wp\/v2\/product_cat?post=690917"},{"taxonomy":"product_tag","embeddable":true,"href":"https:\/\/roveyayinevi.com.tr\/index.php\/wp-json\/wp\/v2\/product_tag?post=690917"}],"curies":[{"name":"wp","href":"https:\/\/api.w.org\/{rel}","templated":true}]}}