{"id":690915,"date":"2025-08-27T13:54:42","date_gmt":"2025-08-27T10:54:42","guid":{"rendered":"https:\/\/roveyayinevi.com.tr\/index.php\/urun\/siyaset-buyuk-fikirlerin-kucuk-kitaplari\/"},"modified":"2026-04-16T02:00:23","modified_gmt":"2026-04-15T23:00:23","slug":"siyaset-buyuk-fikirlerin-kucuk-kitaplari","status":"publish","type":"product","link":"https:\/\/roveyayinevi.com.tr\/index.php\/urun\/siyaset-buyuk-fikirlerin-kucuk-kitaplari\/","title":{"rendered":"Siyaset &#8211; B\u00fcy\u00fck Fikirlerin K\u00fc\u00e7\u00fck Kitaplar\u0131"},"content":{"rendered":"<p>B\u00fcy\u00fck Fikirlerin K\u00fc\u00e7\u00fck Kitaplar\u0131 : Siyaset t\u00fcm zamanlar\u0131n en etkili siyaset ve filozoflar\u0131n\u0131n d\u00fc\u015f\u00fcnceleri, davran\u0131\u015flar\u0131, inan\u00e7lar\u0131 ve modern devleti in\u015fa eden siyaset kuramlar\u0131 \u00fczerine e\u011filiyor.B\u00fcy\u00fck devlet adam\u0131 Abraham Lincoln ve Winston Churchill&#8217;den Aristoteles ve Aziz Simon&#8217;\u0131 da kapsayan siyaset kuramc\u0131lar\u0131na; imparatorlu\u011fun kurucular\u0131 Garibaldi&#8217;den Cengiz Han&#8217;a; devrimci Lenin&#8217;den Mandela ve Atat\u00fcrk&#8217;e d\u00fcnyan\u0131n d\u00f6rt bir yerindeki siyaset kuramc\u0131lar\u0131, aktivistleri ve devlet adamlar\u0131n\u0131n ya\u015fam ve d\u00fc\u015f\u00fcncelerini tarih boyunca izlemek; b\u00fcy\u00fck siyasi d\u00fc\u015f\u00fcnce okullar\u0131n\u0131n pe\u015fine tak\u0131l\u0131p sosyalizmden muhafazakarl\u0131\u011fa, liberteryanizmden totalitarizme tarihin pe\u015fine d\u00fc\u015fmek&#8230;B\u00fcy\u00fck Liderlern K\u00fc\u00e7\u00fck Kitaplar\u0131 : Siyaset d\u00fcnyay\u0131 \u015fekillendiren bu siyasi idealler aras\u0131nda sizin rehberiniz olacak. <\/p>\n","protected":false},"excerpt":{"rendered":"<p>B\u00fcy\u00fck Fikirlerin K\u00fc\u00e7\u00fck Kitaplar\u0131 : Siyaset t\u00fcm zamanlar\u0131n en etkili siyaset ve filozoflar\u0131n\u0131n d\u00fc\u015f\u00fcnceleri, davran\u0131\u015flar\u0131, inan\u00e7lar\u0131 ve modern devleti in\u015fa eden siyaset kuramlar\u0131 \u00fczerine e\u011filiyor.B\u00fcy\u00fck devlet<span class=\"excerpt-hellip\"> [\u2026]<\/span><\/p>\n","protected":false},"featured_media":0,"template":"","meta":{"_monsterinsights_skip_tracking":false,"_monsterinsights_sitenote_active":false,"_monsterinsights_sitenote_note":"","_monsterinsights_sitenote_category":0},"product_brand":[],"product_cat":[12337,14543],"product_tag":[],"class_list":{"0":"post-690915","1":"product","2":"type-product","3":"status-publish","5":"product_cat-politika-siyaset","6":"product_cat-turkiye-siyaseti-ve-politikasi","7":"pa_cilt-ciltsiz","8":"pa_tur-kitap","9":"pa_yayinevi-liman-kitaplar","10":"pa_yazar-anne-perkins","12":"first","13":"instock","14":"sale","15":"shipping-taxable","16":"purchasable","17":"product-type-simple"},"_links":{"self":[{"href":"https:\/\/roveyayinevi.com.tr\/index.php\/wp-json\/wp\/v2\/product\/690915","targetHints":{"allow":["GET"]}}],"collection":[{"href":"https:\/\/roveyayinevi.com.tr\/index.php\/wp-json\/wp\/v2\/product"}],"about":[{"href":"https:\/\/roveyayinevi.com.tr\/index.php\/wp-json\/wp\/v2\/types\/product"}],"wp:attachment":[{"href":"https:\/\/roveyayinevi.com.tr\/index.php\/wp-json\/wp\/v2\/media?parent=690915"}],"wp:term":[{"taxonomy":"product_brand","embeddable":true,"href":"https:\/\/roveyayinevi.com.tr\/index.php\/wp-json\/wp\/v2\/product_brand?post=690915"},{"taxonomy":"product_cat","embeddable":true,"href":"https:\/\/roveyayinevi.com.tr\/index.php\/wp-json\/wp\/v2\/product_cat?post=690915"},{"taxonomy":"product_tag","embeddable":true,"href":"https:\/\/roveyayinevi.com.tr\/index.php\/wp-json\/wp\/v2\/product_tag?post=690915"}],"curies":[{"name":"wp","href":"https:\/\/api.w.org\/{rel}","templated":true}]}}