{"id":690914,"date":"2025-08-27T13:54:42","date_gmt":"2025-08-27T10:54:42","guid":{"rendered":"https:\/\/roveyayinevi.com.tr\/index.php\/urun\/buyuk-fikirlerin-kucuk-kitaplari-din\/"},"modified":"2026-04-16T02:00:23","modified_gmt":"2026-04-15T23:00:23","slug":"buyuk-fikirlerin-kucuk-kitaplari-din","status":"publish","type":"product","link":"https:\/\/roveyayinevi.com.tr\/index.php\/urun\/buyuk-fikirlerin-kucuk-kitaplari-din\/","title":{"rendered":"B\u00fcy\u00fck Fikirlerin K\u00fc\u00e7\u00fck Kitaplar\u0131 &#8211; Din"},"content":{"rendered":"<p>B\u00fcy\u00fck Fikirlerin K\u00fc\u00e7\u00fck Kitaplar\u0131 : Din tarihe en \u00e7ok etki etmi\u015f kimi ilahiyat filozoflar\u0131n\u0131n ve dini liderlerin fikirlerini inceliyor, inan\u00e7, tanr\u0131sall\u0131k, d\u00fcnyadaki yerimiz ve \u00f6l\u00fcmden sonraya dair bak\u0131\u015f a\u00e7\u0131lar\u0131yla miras b\u0131rakt\u0131klar\u0131 kavramlar\u0131 ve bilgileri de\u011ferlendiriyor.H\u0131ristiyan inanc\u0131n\u0131n ilk fikirlerini \u0130sa&#8217;n\u0131n ve Aziz Augustine&#8217;in eserleri ve \u00f6\u011fretileri arac\u0131l\u0131\u011f\u0131yla anlamak; Budizmin, Konf\u00fc\u00e7yanizmin ve \u0130slam\u0131n temellerini Buda, Konf\u00fc\u00e7y\u00fcs ve Muhammed&#8217;in ya\u015famlar\u0131n\u0131 g\u00f6zden ge\u00e7irerek de\u011ferlendirmek; Luther ve Calvin&#8217;in te\u015fvik etti\u011fi Kilise Reformu&#8217;ndaki b\u00fcy\u00fck s\u0131\u00e7ray\u0131\u015f\u0131 ve kar\u015f\u0131 reformu incelemek; s\u0131k s\u0131k yanl\u0131\u015f anla\u015f\u0131lan yarat\u0131c\u0131l\u0131k, kutsal kitap, tek-tanr\u0131c\u0131l\u0131k gibi kavramlar \u00fczerine kafa yormak&#8230; <\/p>\n","protected":false},"excerpt":{"rendered":"<p>B\u00fcy\u00fck Fikirlerin K\u00fc\u00e7\u00fck Kitaplar\u0131 : Din tarihe en \u00e7ok etki etmi\u015f kimi ilahiyat filozoflar\u0131n\u0131n ve dini liderlerin fikirlerini inceliyor, inan\u00e7, tanr\u0131sall\u0131k, d\u00fcnyadaki yerimiz ve \u00f6l\u00fcmden sonraya<span class=\"excerpt-hellip\"> [\u2026]<\/span><\/p>\n","protected":false},"featured_media":0,"template":"","meta":{"_monsterinsights_skip_tracking":false,"_monsterinsights_sitenote_active":false,"_monsterinsights_sitenote_note":"","_monsterinsights_sitenote_category":0},"product_brand":[],"product_cat":[12718,16794],"product_tag":[],"class_list":{"0":"post-690914","1":"product","2":"type-product","3":"status-publish","5":"product_cat-din","6":"product_cat-dinler-tarihi","7":"pa_cilt-ciltsiz","8":"pa_tur-kitap","9":"pa_yayinevi-liman-kitaplar","10":"pa_yazar-jeremy-stangroom","12":"first","13":"instock","14":"sale","15":"shipping-taxable","16":"purchasable","17":"product-type-simple"},"_links":{"self":[{"href":"https:\/\/roveyayinevi.com.tr\/index.php\/wp-json\/wp\/v2\/product\/690914","targetHints":{"allow":["GET"]}}],"collection":[{"href":"https:\/\/roveyayinevi.com.tr\/index.php\/wp-json\/wp\/v2\/product"}],"about":[{"href":"https:\/\/roveyayinevi.com.tr\/index.php\/wp-json\/wp\/v2\/types\/product"}],"wp:attachment":[{"href":"https:\/\/roveyayinevi.com.tr\/index.php\/wp-json\/wp\/v2\/media?parent=690914"}],"wp:term":[{"taxonomy":"product_brand","embeddable":true,"href":"https:\/\/roveyayinevi.com.tr\/index.php\/wp-json\/wp\/v2\/product_brand?post=690914"},{"taxonomy":"product_cat","embeddable":true,"href":"https:\/\/roveyayinevi.com.tr\/index.php\/wp-json\/wp\/v2\/product_cat?post=690914"},{"taxonomy":"product_tag","embeddable":true,"href":"https:\/\/roveyayinevi.com.tr\/index.php\/wp-json\/wp\/v2\/product_tag?post=690914"}],"curies":[{"name":"wp","href":"https:\/\/api.w.org\/{rel}","templated":true}]}}