{"id":690913,"date":"2025-08-27T13:54:42","date_gmt":"2025-08-27T10:54:42","guid":{"rendered":"https:\/\/roveyayinevi.com.tr\/index.php\/urun\/piyasa-medeniyeti\/"},"modified":"2026-04-16T02:00:23","modified_gmt":"2026-04-15T23:00:23","slug":"piyasa-medeniyeti","status":"publish","type":"product","link":"https:\/\/roveyayinevi.com.tr\/index.php\/urun\/piyasa-medeniyeti\/","title":{"rendered":"Piyasa Medeniyeti"},"content":{"rendered":"<p>Baz\u0131lar\u0131, kitaba Piyasa Medeniyeti ad\u0131n\u0131n verilmesinin provakatif bir tav\u0131r oldu\u011funu d\u00fc\u015f\u00fcnebilir. Ancak, bu ba\u015fl\u0131k, provakatif olmaktan ziyade meydan okuyucudur. Esasen, piyasa ekonomisinin ne oldu\u011funu \u00fcniversite hayat\u0131ndan sonra \u00f6\u011frenen ve \u00f6\u011frendik\u00e7e ona hayranl\u0131\u011f\u0131 artan biri olarak, piyasa kar\u015f\u0131tlar\u0131na \/ d\u00fc\u015fmanlar\u0131na meydan okuma hissiyat\u0131na s\u0131k s\u0131k kap\u0131l\u0131yorum. Bu hissiyat bazen infiale var\u0131yor. Bunun sebebi piyasa ekonomisinin ele\u015ftirilmesi de\u011fil&#8230; Ele\u015ftiri yapmak, elbette, \u00f6zg\u00fcr bir fikir ortam\u0131nda, herkesin hakk\u0131d\u0131r. Ele\u015ftiriye u\u011framayan bir fikir de bundan fayda de\u011fil, zarar g\u00f6recektir. Ne var ki, piyasa ekonomisini ele\u015ftirenlerin \u00e7o\u011fu, asl\u0131nda bir ele\u015ftiri yapmakta, ilgili kavramlar\u0131n \u00e7o\u011funu buland\u0131rarak, f\u00fctursuzca sald\u0131rmaktad\u0131r. Akla de\u011fil hislere; delilli bilgiye de\u011fil \u015fayiaya; usul\u00fcne uygun ak\u0131l y\u00fcr\u00fctmeye de\u011fil \u00e7arp\u0131tmaya dayanarak piyasa ekonomisini tercihe \u015fayan iktisadi sistem alternatiflerinin d\u0131\u015f\u0131na atmaya \u00e7abalamaktad\u0131r. Piyasa Medeniyeti i\u015fte bu \u00e7abalara ve dayand\u0131klar\u0131 temellere bir reddiyedir. <\/p>\n","protected":false},"excerpt":{"rendered":"<p>Baz\u0131lar\u0131, kitaba Piyasa Medeniyeti ad\u0131n\u0131n verilmesinin provakatif bir tav\u0131r oldu\u011funu d\u00fc\u015f\u00fcnebilir. Ancak, bu ba\u015fl\u0131k, provakatif olmaktan ziyade meydan okuyucudur. Esasen, piyasa ekonomisinin ne oldu\u011funu \u00fcniversite hayat\u0131ndan<span class=\"excerpt-hellip\"> [\u2026]<\/span><\/p>\n","protected":false},"featured_media":0,"template":"","meta":{"_monsterinsights_skip_tracking":false,"_monsterinsights_sitenote_active":false,"_monsterinsights_sitenote_note":"","_monsterinsights_sitenote_category":0},"product_brand":[],"product_cat":[12835,12324],"product_tag":[],"class_list":{"0":"post-690913","1":"product","2":"type-product","3":"status-publish","5":"product_cat-genel-sosyoloji","6":"product_cat-sosyoloji","7":"pa_cilt-ciltsiz","8":"pa_tur-kitap","9":"pa_yayinevi-liberte-yayinlari","10":"pa_yazar-kolektif","12":"first","13":"instock","14":"sale","15":"shipping-taxable","16":"purchasable","17":"product-type-simple"},"_links":{"self":[{"href":"https:\/\/roveyayinevi.com.tr\/index.php\/wp-json\/wp\/v2\/product\/690913","targetHints":{"allow":["GET"]}}],"collection":[{"href":"https:\/\/roveyayinevi.com.tr\/index.php\/wp-json\/wp\/v2\/product"}],"about":[{"href":"https:\/\/roveyayinevi.com.tr\/index.php\/wp-json\/wp\/v2\/types\/product"}],"wp:attachment":[{"href":"https:\/\/roveyayinevi.com.tr\/index.php\/wp-json\/wp\/v2\/media?parent=690913"}],"wp:term":[{"taxonomy":"product_brand","embeddable":true,"href":"https:\/\/roveyayinevi.com.tr\/index.php\/wp-json\/wp\/v2\/product_brand?post=690913"},{"taxonomy":"product_cat","embeddable":true,"href":"https:\/\/roveyayinevi.com.tr\/index.php\/wp-json\/wp\/v2\/product_cat?post=690913"},{"taxonomy":"product_tag","embeddable":true,"href":"https:\/\/roveyayinevi.com.tr\/index.php\/wp-json\/wp\/v2\/product_tag?post=690913"}],"curies":[{"name":"wp","href":"https:\/\/api.w.org\/{rel}","templated":true}]}}