{"id":690912,"date":"2025-08-27T13:54:42","date_gmt":"2025-08-27T10:54:42","guid":{"rendered":"https:\/\/roveyayinevi.com.tr\/index.php\/urun\/insan-ve\/"},"modified":"2026-04-16T02:00:23","modified_gmt":"2026-04-15T23:00:23","slug":"insan-ve","status":"publish","type":"product","link":"https:\/\/roveyayinevi.com.tr\/index.php\/urun\/insan-ve\/","title":{"rendered":"\u0130nsan ve&#8230;"},"content":{"rendered":"<p>H\u00fcsamettin Ayd\u0131n bu de\u011ferli eserinde, Sokrates ve John Stuart Mill gibi filozoflar\u0131n d\u00fc\u015f\u00fcncelerinde v\u00fccut bulan ancak sorgulanm\u0131\u015f hayat\u0131n mutluluk getirebilece\u011fi y\u00f6n\u00fcndeki bilgeli\u011fi takip ediyor. Evet, Ayd\u0131n i\u00e7in en temel varl\u0131k ne s\u0131n\u0131f, ne millet ne de \u00fcmmet olmay\u0131p \u0130nsan d\u0131r. En temel varl\u0131k olarak insan \u0131 alan Ayd\u0131n\u2019a g\u00f6re, en temel ama\u00e7 da, ne s\u0131n\u0131f\u0131n, ne milletin, ne de \u00fcmmetin mutlulu\u011fudur. \u0130nsani eylemlerin en temel amac\u0131, olsa olsa biricik insan\u0131n mutlulu\u011fudur. Birey, sahip oldu\u011fu \u00f6zg\u00fcrl\u00fck temelinde bireyselli\u011fini kazanma yolunda hayat\u0131 sorgulamal\u0131d\u0131r. \u0130\u015fte bu eserin de Ayd\u0131n da, merkeze insan\u0131 ve onun \u00f6zg\u00fcrl\u00fc\u011f\u00fcn\u00fc alarak hayat\u0131n, siyaset, din, hukuk, ekonomi ve sanat gibi farkl\u0131 alanlar\u0131nda insan\u0131n rol\u00fcn\u00fc sorgulamakta, bu alanlarla insan\u0131n ili\u015fkisini tart\u0131\u015fmakta. Ayd\u0131n, insan\u0131n bu alanlara olmas\u0131 gereken ili\u015fkisini yani ideali ortaya koyduktan sonra \u00fclkemizde var olan durumu ele al\u0131p bunun idealden ne nispette uzak d\u00fc\u015ft\u00fc\u011f\u00fcn\u00fc g\u00f6zler \u00f6n\u00fcne sermekte. Son olarak , Ayd\u0131n sahip oldu\u011fu ilkeler ve bu ilkeler \u00fczerinde y\u00fckselen idealler do\u011frultusunda \u00fclkemizde ve d\u00fcnyada yap\u0131lmas\u0131 gerekenler do\u011frultusunda d\u00fc\u015f\u00fcncelerini okuyucuyla payla\u015fmakta. Bunu da s\u0131kl\u0131kla d\u00fcz yaz\u0131 ama zaman zaman da \u015fiirlerle ve veciz s\u00f6zlerle okuyucuyu s\u0131kmadan, e\u011flendirerek yapmakta. <\/p>\n","protected":false},"excerpt":{"rendered":"<p>H\u00fcsamettin Ayd\u0131n bu de\u011ferli eserinde, Sokrates ve John Stuart Mill gibi filozoflar\u0131n d\u00fc\u015f\u00fcncelerinde v\u00fccut bulan ancak sorgulanm\u0131\u015f hayat\u0131n mutluluk getirebilece\u011fi y\u00f6n\u00fcndeki bilgeli\u011fi takip ediyor. Evet, Ayd\u0131n<span class=\"excerpt-hellip\"> [\u2026]<\/span><\/p>\n","protected":false},"featured_media":0,"template":"","meta":{"_monsterinsights_skip_tracking":false,"_monsterinsights_sitenote_active":false,"_monsterinsights_sitenote_note":"","_monsterinsights_sitenote_category":0},"product_brand":[],"product_cat":[12389,12388],"product_tag":[],"class_list":{"0":"post-690912","1":"product","2":"type-product","3":"status-publish","5":"product_cat-diger-felsefe","6":"product_cat-felsefe","7":"pa_cilt-ciltsiz","8":"pa_tur-kitap","9":"pa_yayinevi-liberte-yayinlari","10":"pa_yazar-husamettin-aydin","12":"first","13":"instock","14":"sale","15":"shipping-taxable","16":"purchasable","17":"product-type-simple"},"_links":{"self":[{"href":"https:\/\/roveyayinevi.com.tr\/index.php\/wp-json\/wp\/v2\/product\/690912","targetHints":{"allow":["GET"]}}],"collection":[{"href":"https:\/\/roveyayinevi.com.tr\/index.php\/wp-json\/wp\/v2\/product"}],"about":[{"href":"https:\/\/roveyayinevi.com.tr\/index.php\/wp-json\/wp\/v2\/types\/product"}],"wp:attachment":[{"href":"https:\/\/roveyayinevi.com.tr\/index.php\/wp-json\/wp\/v2\/media?parent=690912"}],"wp:term":[{"taxonomy":"product_brand","embeddable":true,"href":"https:\/\/roveyayinevi.com.tr\/index.php\/wp-json\/wp\/v2\/product_brand?post=690912"},{"taxonomy":"product_cat","embeddable":true,"href":"https:\/\/roveyayinevi.com.tr\/index.php\/wp-json\/wp\/v2\/product_cat?post=690912"},{"taxonomy":"product_tag","embeddable":true,"href":"https:\/\/roveyayinevi.com.tr\/index.php\/wp-json\/wp\/v2\/product_tag?post=690912"}],"curies":[{"name":"wp","href":"https:\/\/api.w.org\/{rel}","templated":true}]}}