{"id":690909,"date":"2025-08-27T13:54:41","date_gmt":"2025-08-27T10:54:41","guid":{"rendered":"https:\/\/roveyayinevi.com.tr\/index.php\/urun\/iktisat-ilmi\/"},"modified":"2026-04-16T02:00:23","modified_gmt":"2026-04-15T23:00:23","slug":"iktisat-ilmi","status":"publish","type":"product","link":"https:\/\/roveyayinevi.com.tr\/index.php\/urun\/iktisat-ilmi\/","title":{"rendered":"\u0130ktisat \u0130lmi"},"content":{"rendered":"<p>Cavid Bey, T\u00fcrkiye&#8217;nin ilk liberal iktisat\u00e7\u0131lar\u0131ndand\u0131r. Eserleri incelendi\u011finde d\u00f6neminin iktisat iliminin bilgi stokuna hayranl\u0131k verici vukufiyeti kolayca farkedilmektedir. Ayn\u0131 \u015fekilde, ciddi bir bilim-fikir adam\u0131na yak\u0131\u015f\u0131r bir analiz, muhakeme ve sentez kabiliyetine sahip oldu\u011fu da hemen anla\u015f\u0131lmaktad\u0131r. Ne yaz\u0131k ki, di\u011fer baz\u0131 isimler gibi Cavid Bey de \u00fclkemizin \u00e7orak fikir ortam\u0131 ve hastal\u0131kl\u0131 siyasi yap\u0131lanmas\u0131 i\u00e7inde unutulmaya mahkum olmu\u015f, belki de mahkum edilmi\u015ftir.Bu memleketin LDT b\u00fcnyesindeki yeni nesil liberalleri olarak asla kabullenemeyece\u011fimiz bu talihsiz durumu de\u011fi\u015ftirmeye kararl\u0131y\u0131z. Bu \u00e7er\u00e7evede daha \u00f6nce Deniz Karaman&#8217;\u0131n Cavid Bey&#8217;in Ulum-\u0131 \u0130ktisadiye ve \u0130\u00e7timaiye Mecmuas\u0131&#8217;ndaki yaz\u0131lar\u0131n\u0131 derleyen \u00e7al\u0131\u015fmas\u0131n\u0131 yay\u0131nlam\u0131\u015ft\u0131k. \u015eimdi de Cavid Bey&#8217;in Mekteb-i \u0130dadiye&#8217;de okutulmak \u00fczere kaleme ald\u0131\u011f\u0131 iktisat ilmi kitab\u0131n\u0131 okuyucuya sunuyoruz.Liberal D\u00fc\u015f\u00fcnce Toplulu\u011fu b\u00fcnyesindeki \u00e7al\u0131\u015fmalar\u0131m\u0131z\u0131, ayn\u0131 \u00e7izgide, unutulmaya mahkum edilen \u00f6nemli liberal fikir adamlar\u0131n\u0131n ve fikirlerinin yeniden g\u00fcn \u0131\u015f\u0131\u011f\u0131na \u00e7\u0131kar\u0131lmas\u0131n\u0131 sa\u011flamak i\u00e7in azim ve kararl\u0131l\u0131kla s\u00fcrd\u00fcrece\u011fiz.Atilla YAYLA <\/p>\n","protected":false},"excerpt":{"rendered":"<p>Cavid Bey, T\u00fcrkiye&#8217;nin ilk liberal iktisat\u00e7\u0131lar\u0131ndand\u0131r. Eserleri incelendi\u011finde d\u00f6neminin iktisat iliminin bilgi stokuna hayranl\u0131k verici vukufiyeti kolayca farkedilmektedir. Ayn\u0131 \u015fekilde, ciddi bir bilim-fikir adam\u0131na yak\u0131\u015f\u0131r bir<span class=\"excerpt-hellip\"> [\u2026]<\/span><\/p>\n","protected":false},"featured_media":0,"template":"","meta":{"_monsterinsights_skip_tracking":false,"_monsterinsights_sitenote_active":false,"_monsterinsights_sitenote_note":"","_monsterinsights_sitenote_category":0},"product_brand":[],"product_cat":[13044,13043],"product_tag":[],"class_list":{"0":"post-690909","1":"product","2":"type-product","3":"status-publish","5":"product_cat-dunya-ekonomisi","6":"product_cat-ekonomi","7":"pa_cilt-ciltsiz","8":"pa_tur-kitap","9":"pa_yayinevi-liberte-yayinlari","10":"pa_yazar-mehmed-cavid-bey","12":"first","13":"instock","14":"sale","15":"shipping-taxable","16":"purchasable","17":"product-type-simple"},"_links":{"self":[{"href":"https:\/\/roveyayinevi.com.tr\/index.php\/wp-json\/wp\/v2\/product\/690909","targetHints":{"allow":["GET"]}}],"collection":[{"href":"https:\/\/roveyayinevi.com.tr\/index.php\/wp-json\/wp\/v2\/product"}],"about":[{"href":"https:\/\/roveyayinevi.com.tr\/index.php\/wp-json\/wp\/v2\/types\/product"}],"wp:attachment":[{"href":"https:\/\/roveyayinevi.com.tr\/index.php\/wp-json\/wp\/v2\/media?parent=690909"}],"wp:term":[{"taxonomy":"product_brand","embeddable":true,"href":"https:\/\/roveyayinevi.com.tr\/index.php\/wp-json\/wp\/v2\/product_brand?post=690909"},{"taxonomy":"product_cat","embeddable":true,"href":"https:\/\/roveyayinevi.com.tr\/index.php\/wp-json\/wp\/v2\/product_cat?post=690909"},{"taxonomy":"product_tag","embeddable":true,"href":"https:\/\/roveyayinevi.com.tr\/index.php\/wp-json\/wp\/v2\/product_tag?post=690909"}],"curies":[{"name":"wp","href":"https:\/\/api.w.org\/{rel}","templated":true}]}}