{"id":690907,"date":"2025-08-27T13:54:41","date_gmt":"2025-08-27T10:54:41","guid":{"rendered":"https:\/\/roveyayinevi.com.tr\/index.php\/urun\/dunya-cocuklari-tanisiyor\/"},"modified":"2026-04-16T02:00:23","modified_gmt":"2026-04-15T23:00:23","slug":"dunya-cocuklari-tanisiyor","status":"publish","type":"product","link":"https:\/\/roveyayinevi.com.tr\/index.php\/urun\/dunya-cocuklari-tanisiyor\/","title":{"rendered":"D\u00fcnya \u00c7ocuklar\u0131 Tan\u0131\u015f\u0131yor"},"content":{"rendered":"<p>D\u00fcnyam\u0131zdaki renkli hayat\u0131 olu\u015fturan, 15 farkl\u0131 \u00fclkeden 15 farkl\u0131 \u00e7ocu\u011fun kendi \u00fclkesi, ya\u015fam tarz\u0131 ve k\u00fclt\u00fcrleri ile ilgili k\u0131sa bilgiler verdi\u011fi D\u00fcnya \u00c7ocuklar\u0131 Tan\u0131\u015f\u0131yor kitab\u0131, renklerin, dilin, co\u011frafyalar\u0131n, ge\u00e7mi\u015flerin ve k\u00fclt\u00fcre dair pek \u00e7ok \u015feyin birbirinden farkl\u0131 oldu\u011fu d\u00fcnya \u00fczerinde, de\u011fi\u015fmeyen tek \u015feyin \u00e7ocuklar oldu\u011funu bir kere daha g\u00f6zler \u00f6n\u00fcne seriyor. \ufffcTan\u0131t\u0131m Metni<\/p>\n","protected":false},"excerpt":{"rendered":"<p>D\u00fcnyam\u0131zdaki renkli hayat\u0131 olu\u015fturan, 15 farkl\u0131 \u00fclkeden 15 farkl\u0131 \u00e7ocu\u011fun kendi \u00fclkesi, ya\u015fam tarz\u0131 ve k\u00fclt\u00fcrleri ile ilgili k\u0131sa bilgiler verdi\u011fi D\u00fcnya \u00c7ocuklar\u0131 Tan\u0131\u015f\u0131yor kitab\u0131, renklerin,<span class=\"excerpt-hellip\"> [\u2026]<\/span><\/p>\n","protected":false},"featured_media":0,"template":"","meta":{"_monsterinsights_skip_tracking":false,"_monsterinsights_sitenote_active":false,"_monsterinsights_sitenote_note":"","_monsterinsights_sitenote_category":0},"product_brand":[],"product_cat":[12274,12284],"product_tag":[],"class_list":{"0":"post-690907","1":"product","2":"type-product","3":"status-publish","5":"product_cat-cocuk-ve-genclik-kitaplari","6":"product_cat-hikayeler","7":"pa_cilt-ciltsiz","8":"pa_tur-kitap","9":"pa_yayinevi-mandolin-yayinlari","10":"pa_yazar-burak-senturk","12":"first","13":"instock","14":"sale","15":"shipping-taxable","16":"purchasable","17":"product-type-simple"},"_links":{"self":[{"href":"https:\/\/roveyayinevi.com.tr\/index.php\/wp-json\/wp\/v2\/product\/690907","targetHints":{"allow":["GET"]}}],"collection":[{"href":"https:\/\/roveyayinevi.com.tr\/index.php\/wp-json\/wp\/v2\/product"}],"about":[{"href":"https:\/\/roveyayinevi.com.tr\/index.php\/wp-json\/wp\/v2\/types\/product"}],"wp:attachment":[{"href":"https:\/\/roveyayinevi.com.tr\/index.php\/wp-json\/wp\/v2\/media?parent=690907"}],"wp:term":[{"taxonomy":"product_brand","embeddable":true,"href":"https:\/\/roveyayinevi.com.tr\/index.php\/wp-json\/wp\/v2\/product_brand?post=690907"},{"taxonomy":"product_cat","embeddable":true,"href":"https:\/\/roveyayinevi.com.tr\/index.php\/wp-json\/wp\/v2\/product_cat?post=690907"},{"taxonomy":"product_tag","embeddable":true,"href":"https:\/\/roveyayinevi.com.tr\/index.php\/wp-json\/wp\/v2\/product_tag?post=690907"}],"curies":[{"name":"wp","href":"https:\/\/api.w.org\/{rel}","templated":true}]}}