{"id":690905,"date":"2025-08-27T13:54:41","date_gmt":"2025-08-27T10:54:41","guid":{"rendered":"https:\/\/roveyayinevi.com.tr\/index.php\/urun\/ekonomiyi-anlamak\/"},"modified":"2026-04-16T02:00:23","modified_gmt":"2026-04-15T23:00:23","slug":"ekonomiyi-anlamak","status":"publish","type":"product","link":"https:\/\/roveyayinevi.com.tr\/index.php\/urun\/ekonomiyi-anlamak\/","title":{"rendered":"Ekonomiyi Anlamak"},"content":{"rendered":"<p>Bir\u00e7ok ki\u015fi iktisat biliminin anla\u015f\u0131lmas\u0131 g\u00fc\u00e7 teorilere, hesaplamalara ve tahminlere dayal\u0131 karma\u015f\u0131k bir bilim oldu\u011funu d\u00fc\u015f\u00fcn\u00fcr. Ancak bir Avusturya Ekol\u00fc iktisat\u00e7\u0131s\u0131 olan Murray N. Rothbard, hocas\u0131 Mises gibi iktisad\u0131 herkesin anlayabilece\u011fi bir bilim olarak g\u00f6r\u00fcr ve davran\u0131rd\u0131. Rothbard\u2019\u0131n eserlerinde faiz oranlar\u0131 ve vergiler gibi s\u0131k\u0131c\u0131 konular bile e\u011flendirerek \u00f6\u011freten bir tarzda verilir. Liberteryanizmin, yani \u00f6zel m\u00fclkiyete odaklanan ve devletin do\u011fas\u0131 gere\u011fi \u00f6zel m\u00fclkiyet eti\u011fine z\u0131t oldu\u011funu savunan politik felsefenin \u00f6nc\u00fc d\u00fc\u015f\u00fcn\u00fcr\u00fc olan Rothbard, y\u00fczy\u0131l\u0131m\u0131z\u0131n anar\u015fist gelene\u011fine en k\u0131\u015fk\u0131rt\u0131c\u0131 ve etkili katk\u0131da bulunan ki\u015fi olarak \u00fcnl\u00fcd\u00fcr.Bu kitapta 1982 ve 1995 y\u0131llar\u0131nda d\u00fcnyan\u0131n ba\u015f\u0131na dert olan ekonomik sorunlarla ilgili te\u015fhis edici yorumlar bulacaks\u0131n\u0131z. G\u00fcn\u00fcm\u00fczde ya\u015fad\u0131\u011f\u0131m\u0131z k\u00fcresel ekonomik krizin sebeplerinin asl\u0131nda bu kitapta y\u0131llar \u00f6nce a\u00e7\u0131k\u00e7a ortaya kondu\u011funu hayretler i\u00e7inde anlayacaks\u0131n\u0131z. Tabi\u00ee Rothbard\u2019\u0131n sade, k\u0131\u015fk\u0131rt\u0131c\u0131 usl\u00fbbu ve \u201cvah\u015fi d\u00fcr\u00fcstl\u00fc\u011f\u00fcyle.\u201d <\/p>\n","protected":false},"excerpt":{"rendered":"<p>Bir\u00e7ok ki\u015fi iktisat biliminin anla\u015f\u0131lmas\u0131 g\u00fc\u00e7 teorilere, hesaplamalara ve tahminlere dayal\u0131 karma\u015f\u0131k bir bilim oldu\u011funu d\u00fc\u015f\u00fcn\u00fcr. Ancak bir Avusturya Ekol\u00fc iktisat\u00e7\u0131s\u0131 olan Murray N. Rothbard, hocas\u0131<span class=\"excerpt-hellip\"> [\u2026]<\/span><\/p>\n","protected":false},"featured_media":0,"template":"","meta":{"_monsterinsights_skip_tracking":false,"_monsterinsights_sitenote_active":false,"_monsterinsights_sitenote_note":"","_monsterinsights_sitenote_category":0},"product_brand":[],"product_cat":[13044,13043],"product_tag":[],"class_list":{"0":"post-690905","1":"product","2":"type-product","3":"status-publish","5":"product_cat-dunya-ekonomisi","6":"product_cat-ekonomi","7":"pa_cilt-ciltsiz","8":"pa_tur-kitap","9":"pa_yayinevi-liberte-yayinlari","10":"pa_yazar-murray-n-rothbard","12":"first","13":"instock","14":"sale","15":"shipping-taxable","16":"purchasable","17":"product-type-simple"},"_links":{"self":[{"href":"https:\/\/roveyayinevi.com.tr\/index.php\/wp-json\/wp\/v2\/product\/690905","targetHints":{"allow":["GET"]}}],"collection":[{"href":"https:\/\/roveyayinevi.com.tr\/index.php\/wp-json\/wp\/v2\/product"}],"about":[{"href":"https:\/\/roveyayinevi.com.tr\/index.php\/wp-json\/wp\/v2\/types\/product"}],"wp:attachment":[{"href":"https:\/\/roveyayinevi.com.tr\/index.php\/wp-json\/wp\/v2\/media?parent=690905"}],"wp:term":[{"taxonomy":"product_brand","embeddable":true,"href":"https:\/\/roveyayinevi.com.tr\/index.php\/wp-json\/wp\/v2\/product_brand?post=690905"},{"taxonomy":"product_cat","embeddable":true,"href":"https:\/\/roveyayinevi.com.tr\/index.php\/wp-json\/wp\/v2\/product_cat?post=690905"},{"taxonomy":"product_tag","embeddable":true,"href":"https:\/\/roveyayinevi.com.tr\/index.php\/wp-json\/wp\/v2\/product_tag?post=690905"}],"curies":[{"name":"wp","href":"https:\/\/api.w.org\/{rel}","templated":true}]}}