{"id":690904,"date":"2025-08-27T13:54:40","date_gmt":"2025-08-27T10:54:40","guid":{"rendered":"https:\/\/roveyayinevi.com.tr\/index.php\/urun\/devlet-faaliyetinin-sinirlari\/"},"modified":"2026-04-16T02:00:23","modified_gmt":"2026-04-15T23:00:23","slug":"devlet-faaliyetinin-sinirlari","status":"publish","type":"product","link":"https:\/\/roveyayinevi.com.tr\/index.php\/urun\/devlet-faaliyetinin-sinirlari\/","title":{"rendered":"Devlet Faaliyetinin S\u0131n\u0131rlar\u0131"},"content":{"rendered":"<p>Devlet&#8230; \u0130nsano\u011flunun tarihteki en b\u00fcy\u00fck icad\u0131&#8230; Kendi elleriyle yaratt\u0131\u011f\u0131, bilerek ve isteyerek iradesini, haklar\u0131n\u0131, hatta biricik varl\u0131\u011f\u0131, can\u0131n\u0131 teslim etti\u011fi, \u00e7o\u011fu zaman, her anlam\u0131yla bir &#8220;yok edici&#8221;ye d\u00f6n\u00fc\u015ft\u00fcrd\u00fc\u011f\u00fc, kar\u015f\u0131 konulamaz ayg\u0131t&#8230; Thomas Hobbes&#8217;un &#8220;canavar&#8221;\u0131, Hegel&#8217;e g\u00f6re &#8220;Tanr\u0131&#8217;n\u0131n yery\u00fcz\u00fcndeki y\u00fcr\u00fcy\u00fc\u015f\u00fc&#8221;, Max Weber&#8217;in tan\u0131m\u0131yla &#8220;\u015fiddet kullanma hakk\u0131n\u0131 elinde bulunduran yeg\u00e2ne g\u00fc\u00e7&#8221;&#8230;Devletin varl\u0131\u011f\u0131na ve faaliyetlerine neredeyse tap\u0131nmaya varan bu zihniyetin en ac\u0131 neticeleri 20. as\u0131rda ya\u015fand\u0131. \u0130ki d\u00fcnya sava\u015f\u0131, kurulan onlarca kan kokan diktat\u00f6rl\u00fck, ezilen, hakaret g\u00f6ren, i\u015fkence edilen ve hatta so\u011fukkanl\u0131l\u0131kla \u00f6ld\u00fcr\u00fclen insanlar&#8230; Ancak, elbette bu zihniyeti ta\u015f\u0131mayan \u00f6zg\u00fcrl\u00fck\u00e7\u00fc, bireyci istisnalar da yok de\u011fil&#8230;Wilhelm von Humboldt, elinizdeki kitapta, vatanda\u015f\u0131n g\u00fcvenli\u011fini sa\u011flamas\u0131 d\u0131\u015f\u0131nda &#8220;onun iyili\u011fi&#8221; d\u00fc\u015f\u00fcn\u00fclerek, devlet taraf\u0131ndan yap\u0131lan her t\u00fcrl\u00fc d\u00fczenlemenin devletin faaliyet alan\u0131 d\u0131\u015f\u0131nda kalmas\u0131 gerekti\u011fini ortaya koymaktad\u0131r.Devlet Faaliyetinin S\u0131n\u0131rlar\u0131, kendi alan\u0131nda bir ba\u015fyap\u0131t, dev bir klasik&#8230; <\/p>\n","protected":false},"excerpt":{"rendered":"<p>Devlet&#8230; \u0130nsano\u011flunun tarihteki en b\u00fcy\u00fck icad\u0131&#8230; Kendi elleriyle yaratt\u0131\u011f\u0131, bilerek ve isteyerek iradesini, haklar\u0131n\u0131, hatta biricik varl\u0131\u011f\u0131, can\u0131n\u0131 teslim etti\u011fi, \u00e7o\u011fu zaman, her anlam\u0131yla bir &#8220;yok<span class=\"excerpt-hellip\"> [\u2026]<\/span><\/p>\n","protected":false},"featured_media":0,"template":"","meta":{"_monsterinsights_skip_tracking":false,"_monsterinsights_sitenote_active":false,"_monsterinsights_sitenote_note":"","_monsterinsights_sitenote_category":0},"product_brand":[],"product_cat":[16098,12337],"product_tag":[],"class_list":{"0":"post-690904","1":"product","2":"type-product","3":"status-publish","5":"product_cat-politik-akimlar-hareketler","6":"product_cat-politika-siyaset","7":"pa_cilt-ciltsiz","8":"pa_tur-kitap","9":"pa_yayinevi-liberte-yayinlari","10":"pa_yazar-wilhelm-von-humboldt","12":"first","13":"instock","14":"sale","15":"shipping-taxable","16":"purchasable","17":"product-type-simple"},"_links":{"self":[{"href":"https:\/\/roveyayinevi.com.tr\/index.php\/wp-json\/wp\/v2\/product\/690904","targetHints":{"allow":["GET"]}}],"collection":[{"href":"https:\/\/roveyayinevi.com.tr\/index.php\/wp-json\/wp\/v2\/product"}],"about":[{"href":"https:\/\/roveyayinevi.com.tr\/index.php\/wp-json\/wp\/v2\/types\/product"}],"wp:attachment":[{"href":"https:\/\/roveyayinevi.com.tr\/index.php\/wp-json\/wp\/v2\/media?parent=690904"}],"wp:term":[{"taxonomy":"product_brand","embeddable":true,"href":"https:\/\/roveyayinevi.com.tr\/index.php\/wp-json\/wp\/v2\/product_brand?post=690904"},{"taxonomy":"product_cat","embeddable":true,"href":"https:\/\/roveyayinevi.com.tr\/index.php\/wp-json\/wp\/v2\/product_cat?post=690904"},{"taxonomy":"product_tag","embeddable":true,"href":"https:\/\/roveyayinevi.com.tr\/index.php\/wp-json\/wp\/v2\/product_tag?post=690904"}],"curies":[{"name":"wp","href":"https:\/\/api.w.org\/{rel}","templated":true}]}}