{"id":690901,"date":"2025-08-27T13:54:40","date_gmt":"2025-08-27T10:54:40","guid":{"rendered":"https:\/\/roveyayinevi.com.tr\/index.php\/urun\/elma-ve-bicak\/"},"modified":"2026-04-03T02:04:25","modified_gmt":"2026-04-02T23:04:25","slug":"elma-ve-bicak","status":"publish","type":"product","link":"https:\/\/roveyayinevi.com.tr\/index.php\/urun\/elma-ve-bicak\/","title":{"rendered":"Elma ve B\u0131\u00e7ak"},"content":{"rendered":"<p>Elma ve B\u0131\u00e7ak, bir 12 Eyl\u00fcl roman\u0131d\u0131r&#8230; Ya\u015fanm\u0131\u015f ve ya\u015fanmas\u0131 muhtemel olaylar\u0131n yine ger\u00e7ek ve hayal\u00ee ki\u015filer e\u015fli\u011finde dile getirildi\u011fi bir romand\u0131r Elma ve B\u0131\u00e7ak&#8230; <\/p>\n","protected":false},"excerpt":{"rendered":"<p>Elma ve B\u0131\u00e7ak, bir 12 Eyl\u00fcl roman\u0131d\u0131r&#8230; Ya\u015fanm\u0131\u015f ve ya\u015fanmas\u0131 muhtemel olaylar\u0131n yine ger\u00e7ek ve hayal\u00ee ki\u015filer e\u015fli\u011finde dile getirildi\u011fi bir romand\u0131r Elma ve B\u0131\u00e7ak&#8230;<\/p>\n","protected":false},"featured_media":0,"template":"","meta":{"_monsterinsights_skip_tracking":false,"_monsterinsights_sitenote_active":false,"_monsterinsights_sitenote_note":"","_monsterinsights_sitenote_category":0},"product_brand":[],"product_cat":[12291,16009],"product_tag":[],"class_list":{"0":"post-690901","1":"product","2":"type-product","3":"status-publish","5":"product_cat-edebiyat","6":"product_cat-politik-kurgu","7":"pa_tur-kitap","8":"pa_yayinevi-kurgan-edebiyat","9":"pa_yazar-s-adnan-senel","11":"first","12":"instock","13":"sale","14":"shipping-taxable","15":"purchasable","16":"product-type-simple"},"_links":{"self":[{"href":"https:\/\/roveyayinevi.com.tr\/index.php\/wp-json\/wp\/v2\/product\/690901","targetHints":{"allow":["GET"]}}],"collection":[{"href":"https:\/\/roveyayinevi.com.tr\/index.php\/wp-json\/wp\/v2\/product"}],"about":[{"href":"https:\/\/roveyayinevi.com.tr\/index.php\/wp-json\/wp\/v2\/types\/product"}],"wp:attachment":[{"href":"https:\/\/roveyayinevi.com.tr\/index.php\/wp-json\/wp\/v2\/media?parent=690901"}],"wp:term":[{"taxonomy":"product_brand","embeddable":true,"href":"https:\/\/roveyayinevi.com.tr\/index.php\/wp-json\/wp\/v2\/product_brand?post=690901"},{"taxonomy":"product_cat","embeddable":true,"href":"https:\/\/roveyayinevi.com.tr\/index.php\/wp-json\/wp\/v2\/product_cat?post=690901"},{"taxonomy":"product_tag","embeddable":true,"href":"https:\/\/roveyayinevi.com.tr\/index.php\/wp-json\/wp\/v2\/product_tag?post=690901"}],"curies":[{"name":"wp","href":"https:\/\/api.w.org\/{rel}","templated":true}]}}