{"id":690899,"date":"2025-08-27T13:54:39","date_gmt":"2025-08-27T10:54:39","guid":{"rendered":"https:\/\/roveyayinevi.com.tr\/index.php\/urun\/tercih\/"},"modified":"2026-04-16T02:00:23","modified_gmt":"2026-04-15T23:00:23","slug":"tercih","status":"publish","type":"product","link":"https:\/\/roveyayinevi.com.tr\/index.php\/urun\/tercih\/","title":{"rendered":"Tercih"},"content":{"rendered":"<p>Global ekonomiyle ilgili bir roman m\u0131? Russell Roberts Amerika ve Amerikan i\u015f aleminin kar\u015f\u0131 kar\u015f\u0131ya oldu\u011fu anahtar uluslararas\u0131 ekonomik sorunlara bu k\u0131\u015fk\u0131rt\u0131c\u0131 ve tuhaf bak\u0131\u015f\u0131yla t\u00fcm kurallar\u0131 alt\u00fcst ediyor. Tercih\u2019in y\u0131ld\u0131z\u0131 bir 19. Y\u00fczy\u0131l ekonomisti olan David Ricardo\u2019nun hayaleti, kanatlar\u0131n\u0131 geri alabilmek i\u00e7in bir Amerikan televizyon imalat \u015firketi genel m\u00fcd\u00fcr\u00fcn\u00fc, yerel televizyon end\u00fcstrisini yok etmek pahas\u0131na bile olsa ithalat\u0131n Amerika i\u00e7in iyi oldu\u011funa ikna etmek zorundad\u0131r. Tercih, iktisat jargonunu kullanmadan uluslararas\u0131 ticaretin i\u015f hayat\u0131n\u0131 ve g\u00fcnl\u00fck ya\u015fant\u0131n\u0131z\u0131 nas\u0131l etkiledi\u011fine ili\u015fkin okuyucuya yeni bir perspektif kazand\u0131r\u0131yor. <\/p>\n","protected":false},"excerpt":{"rendered":"<p>Global ekonomiyle ilgili bir roman m\u0131? Russell Roberts Amerika ve Amerikan i\u015f aleminin kar\u015f\u0131 kar\u015f\u0131ya oldu\u011fu anahtar uluslararas\u0131 ekonomik sorunlara bu k\u0131\u015fk\u0131rt\u0131c\u0131 ve tuhaf bak\u0131\u015f\u0131yla t\u00fcm<span class=\"excerpt-hellip\"> [\u2026]<\/span><\/p>\n","protected":false},"featured_media":0,"template":"","meta":{"_monsterinsights_skip_tracking":false,"_monsterinsights_sitenote_active":false,"_monsterinsights_sitenote_note":"","_monsterinsights_sitenote_category":0},"product_brand":[],"product_cat":[13043,17647],"product_tag":[],"class_list":{"0":"post-690899","1":"product","2":"type-product","3":"status-publish","5":"product_cat-ekonomi","6":"product_cat-is-dunyasi","7":"pa_cilt-ciltsiz","8":"pa_tur-kitap","9":"pa_yayinevi-liman-kitaplar","10":"pa_yazar-russell-d-roberts","12":"first","13":"instock","14":"sale","15":"shipping-taxable","16":"purchasable","17":"product-type-simple"},"_links":{"self":[{"href":"https:\/\/roveyayinevi.com.tr\/index.php\/wp-json\/wp\/v2\/product\/690899","targetHints":{"allow":["GET"]}}],"collection":[{"href":"https:\/\/roveyayinevi.com.tr\/index.php\/wp-json\/wp\/v2\/product"}],"about":[{"href":"https:\/\/roveyayinevi.com.tr\/index.php\/wp-json\/wp\/v2\/types\/product"}],"wp:attachment":[{"href":"https:\/\/roveyayinevi.com.tr\/index.php\/wp-json\/wp\/v2\/media?parent=690899"}],"wp:term":[{"taxonomy":"product_brand","embeddable":true,"href":"https:\/\/roveyayinevi.com.tr\/index.php\/wp-json\/wp\/v2\/product_brand?post=690899"},{"taxonomy":"product_cat","embeddable":true,"href":"https:\/\/roveyayinevi.com.tr\/index.php\/wp-json\/wp\/v2\/product_cat?post=690899"},{"taxonomy":"product_tag","embeddable":true,"href":"https:\/\/roveyayinevi.com.tr\/index.php\/wp-json\/wp\/v2\/product_tag?post=690899"}],"curies":[{"name":"wp","href":"https:\/\/api.w.org\/{rel}","templated":true}]}}