{"id":690898,"date":"2025-08-27T13:54:39","date_gmt":"2025-08-27T10:54:39","guid":{"rendered":"https:\/\/roveyayinevi.com.tr\/index.php\/urun\/sefaletten-zenginlige\/"},"modified":"2026-04-16T02:00:23","modified_gmt":"2026-04-15T23:00:23","slug":"sefaletten-zenginlige","status":"publish","type":"product","link":"https:\/\/roveyayinevi.com.tr\/index.php\/urun\/sefaletten-zenginlige\/","title":{"rendered":"Sefaletten Zenginli\u011fe"},"content":{"rendered":"<p>\u00d6nce kendi kendinize sonra etraftaki insanlara bir sorun: \u0130nsanlar a\u00e7l\u0131\u011f\u0131 m\u0131 yoksa toklu\u011fu mu, zenginli\u011fi mi yoksa fakirli\u011fi mi tercih ederler? B\u00fct\u00fcn insanlar\u0131n tokluk ve zenginli\u011fi a\u00e7l\u0131k ve yoksullu\u011fa tercih etmesine ra\u011fmen neden baz\u0131 toplumlar m\u00fcthi\u015f zengin ve baz\u0131lar\u0131 ak\u0131l almayacak kadar fakir? Zenginli\u011fin sihirli ve ancak \u00e7ok az say\u0131da insan\u0131n ke\u015ffine a\u00e7\u0131k bir yolu mu var?Yoksa zenginlik belirli de\u011fer ve kurumlarla ilgili ve bu de\u011fer ve bu kurumlar t\u00fcm insanl\u0131\u011f\u0131n ortak mal\u0131 m\u0131? Sefaletten zenginli\u011fe medeniyetimizin, refah\u0131n ve bar\u0131\u015f\u0131n b\u00fcy\u00fck, fakat basit; sab\u0131r ve itina gerektiren, fakat her toplumun takip edebilece\u011fi yolunu laf kalabal\u0131\u011f\u0131, demagoji ve slogan \u00e7\u0131\u011f\u0131rtkanl\u0131\u011f\u0131 yapmadan a\u00e7\u0131kl\u0131yor. Yediden yetmi\u015fe&#8230; herkes i\u00e7in. <\/p>\n","protected":false},"excerpt":{"rendered":"<p>\u00d6nce kendi kendinize sonra etraftaki insanlara bir sorun: \u0130nsanlar a\u00e7l\u0131\u011f\u0131 m\u0131 yoksa toklu\u011fu mu, zenginli\u011fi mi yoksa fakirli\u011fi mi tercih ederler? B\u00fct\u00fcn insanlar\u0131n tokluk ve zenginli\u011fi<span class=\"excerpt-hellip\"> [\u2026]<\/span><\/p>\n","protected":false},"featured_media":0,"template":"","meta":{"_monsterinsights_skip_tracking":false,"_monsterinsights_sitenote_active":false,"_monsterinsights_sitenote_note":"","_monsterinsights_sitenote_category":0},"product_brand":[],"product_cat":[12965,12337],"product_tag":[],"class_list":{"0":"post-690898","1":"product","2":"type-product","3":"status-publish","5":"product_cat-genel-politika","6":"product_cat-politika-siyaset","7":"pa_cilt-ciltsiz","8":"pa_tur-kitap","9":"pa_yayinevi-liman-kitaplar","10":"pa_yazar-marc-swanepoel","12":"first","13":"instock","14":"sale","15":"shipping-taxable","16":"purchasable","17":"product-type-simple"},"_links":{"self":[{"href":"https:\/\/roveyayinevi.com.tr\/index.php\/wp-json\/wp\/v2\/product\/690898","targetHints":{"allow":["GET"]}}],"collection":[{"href":"https:\/\/roveyayinevi.com.tr\/index.php\/wp-json\/wp\/v2\/product"}],"about":[{"href":"https:\/\/roveyayinevi.com.tr\/index.php\/wp-json\/wp\/v2\/types\/product"}],"wp:attachment":[{"href":"https:\/\/roveyayinevi.com.tr\/index.php\/wp-json\/wp\/v2\/media?parent=690898"}],"wp:term":[{"taxonomy":"product_brand","embeddable":true,"href":"https:\/\/roveyayinevi.com.tr\/index.php\/wp-json\/wp\/v2\/product_brand?post=690898"},{"taxonomy":"product_cat","embeddable":true,"href":"https:\/\/roveyayinevi.com.tr\/index.php\/wp-json\/wp\/v2\/product_cat?post=690898"},{"taxonomy":"product_tag","embeddable":true,"href":"https:\/\/roveyayinevi.com.tr\/index.php\/wp-json\/wp\/v2\/product_tag?post=690898"}],"curies":[{"name":"wp","href":"https:\/\/api.w.org\/{rel}","templated":true}]}}