{"id":690897,"date":"2025-08-27T13:54:39","date_gmt":"2025-08-27T10:54:39","guid":{"rendered":"https:\/\/roveyayinevi.com.tr\/index.php\/urun\/marjinde-cinayet-bir-henry-spearman-hikayesi\/"},"modified":"2026-04-16T02:00:23","modified_gmt":"2026-04-15T23:00:23","slug":"marjinde-cinayet-bir-henry-spearman-hikayesi","status":"publish","type":"product","link":"https:\/\/roveyayinevi.com.tr\/index.php\/urun\/marjinde-cinayet-bir-henry-spearman-hikayesi\/","title":{"rendered":"Marjinde Cinayet &#8211; Bir Henry Spearman Hikayesi"},"content":{"rendered":"<p>Her b\u00fcy\u00fck dedektifin kendine g\u00f6re bir ortam\u0131 olur. Sherlock Holmes i\u00e7in o ortam, Edward d\u00f6nemi \u0130ngilteresinin karanl\u0131k sokaklar\u0131yla g\u00f6rkemli malikaneleridir. Miss Marple i\u00e7in \u0130ngiltere k\u0131rsal\u0131nda bir k\u00f6yd\u00fcr. Komiser Maigret i\u00e7in Paris\u2019in bulvarlar\u0131d\u0131r. Bu t\u00fcr detektifler o yerlerin yaln\u0131z co\u011frafyas\u0131n\u0131 bilmekle kalmaz, kurumlar\u0131n\u0131, insanlar\u0131n\u0131 da bilirler. Kendi ortamlar\u0131nda i\u015flerin nas\u0131l y\u00fcr\u00fcd\u00fc\u011f\u00fcn\u00fc, insanlar\u0131n nas\u0131l davrand\u0131\u011f\u0131n\u0131 \u00e7ok iyi anlarlar. Marjinde Cinayet\u2019in dedektif kahraman\u0131 Henry Spearman\u2019\u0131n da farkl\u0131 bir ortam\u0131 vard\u0131r, ama o ortam hi\u00e7bir zamanla ya da mek\u00e2nla s\u0131n\u0131rlanm\u0131\u015f de\u011fildir. Onun ortam\u0131, rasyonel insan\u0131n kafas\u0131n\u0131n i\u00e7indedir; o insana belli bir amaca ula\u015fmak i\u00e7in iki se\u00e7enek verildi\u011finde, her zaman maliyeti d\u00fc\u015f\u00fck olan\u0131 se\u00e7ecektir. Spearman\u2019\u0131n esrarengiz olay\u0131 \u00e7\u00f6zmesi, bu rasyonel insan\u0131n nas\u0131l davrand\u0131\u011f\u0131n\u0131 anlamak ve t\u00fcm insanlar\u0131n rasyonel oldu\u011funu varsaymak y\u00f6ntemiyle ger\u00e7ekle\u015fmektedir. Bir iktisat\u00e7\u0131 olan dedektifimiz, insanlar\u0131n mant\u0131ks\u0131z g\u00f6r\u00fcnen se\u00e7imlerinin arkas\u0131ndaki gizli amac\u0131 ke\u015ffetmeye \u00e7al\u0131\u015f\u0131yor. \u0130ktisada Giri\u015f derslerinde yard\u0131m kaynak olarak da kullan\u0131lan kitap, okuyucuya insan davran\u0131\u015flar\u0131n\u0131n iktisad\u00ee analizlerini heyecan verici bir maceran\u0131n i\u00e7inde sunuyor. <\/p>\n","protected":false},"excerpt":{"rendered":"<p>Her b\u00fcy\u00fck dedektifin kendine g\u00f6re bir ortam\u0131 olur. Sherlock Holmes i\u00e7in o ortam, Edward d\u00f6nemi \u0130ngilteresinin karanl\u0131k sokaklar\u0131yla g\u00f6rkemli malikaneleridir. Miss Marple i\u00e7in \u0130ngiltere k\u0131rsal\u0131nda bir<span class=\"excerpt-hellip\"> [\u2026]<\/span><\/p>\n","protected":false},"featured_media":0,"template":"","meta":{"_monsterinsights_skip_tracking":false,"_monsterinsights_sitenote_active":false,"_monsterinsights_sitenote_note":"","_monsterinsights_sitenote_category":0},"product_brand":[],"product_cat":[12803,12291],"product_tag":[],"class_list":{"0":"post-690897","1":"product","2":"type-product","3":"status-publish","5":"product_cat-aksiyon-macera","6":"product_cat-edebiyat","7":"pa_cilt-ciltsiz","8":"pa_tur-kitap","9":"pa_yayinevi-liman-kitaplar","10":"pa_yazar-marshall-jevons","12":"first","13":"instock","14":"sale","15":"shipping-taxable","16":"purchasable","17":"product-type-simple"},"_links":{"self":[{"href":"https:\/\/roveyayinevi.com.tr\/index.php\/wp-json\/wp\/v2\/product\/690897","targetHints":{"allow":["GET"]}}],"collection":[{"href":"https:\/\/roveyayinevi.com.tr\/index.php\/wp-json\/wp\/v2\/product"}],"about":[{"href":"https:\/\/roveyayinevi.com.tr\/index.php\/wp-json\/wp\/v2\/types\/product"}],"wp:attachment":[{"href":"https:\/\/roveyayinevi.com.tr\/index.php\/wp-json\/wp\/v2\/media?parent=690897"}],"wp:term":[{"taxonomy":"product_brand","embeddable":true,"href":"https:\/\/roveyayinevi.com.tr\/index.php\/wp-json\/wp\/v2\/product_brand?post=690897"},{"taxonomy":"product_cat","embeddable":true,"href":"https:\/\/roveyayinevi.com.tr\/index.php\/wp-json\/wp\/v2\/product_cat?post=690897"},{"taxonomy":"product_tag","embeddable":true,"href":"https:\/\/roveyayinevi.com.tr\/index.php\/wp-json\/wp\/v2\/product_tag?post=690897"}],"curies":[{"name":"wp","href":"https:\/\/api.w.org\/{rel}","templated":true}]}}