{"id":690896,"date":"2025-08-27T13:54:39","date_gmt":"2025-08-27T10:54:39","guid":{"rendered":"https:\/\/roveyayinevi.com.tr\/index.php\/urun\/guc-dengesi-kuresellesme-ve-kapitalist-baris\/"},"modified":"2026-04-16T02:00:23","modified_gmt":"2026-04-15T23:00:23","slug":"guc-dengesi-kuresellesme-ve-kapitalist-baris","status":"publish","type":"product","link":"https:\/\/roveyayinevi.com.tr\/index.php\/urun\/guc-dengesi-kuresellesme-ve-kapitalist-baris\/","title":{"rendered":"G\u00fc\u00e7 Dengesi, K\u00fcreselle\u015fme ve Kapitalist Bar\u0131\u015f"},"content":{"rendered":"<p>20. Y\u00fczy\u0131l\u2019da uluslararas\u0131 sistemi etkileyen en \u00f6nemli olgulardan ikisi hi\u00e7 \u015f\u00fcphesiz k\u00fcreselle\u015fme ve Amerikan hegemonyas\u0131d\u0131r. Birbirinin tamamlay\u0131c\u0131s\u0131 olan bu iki olgunun ortaya \u00e7\u0131kard\u0131\u011f\u0131 kapitalist bar\u0131\u015f\u0131n etkileri g\u00fcn\u00fcm\u00fczde h\u00e2l\u00e2 hissedilmekle birlikte, 21. Y\u00fczy\u0131l\u2019\u0131n uluslararas\u0131 sisteminin gelece\u011finde s\u00f6z konusu iki olgunun a\u011f\u0131rl\u0131\u011f\u0131n\u0131n ne olaca\u011f\u0131 tart\u0131\u015fma konusudur. So\u011fuk Sava\u015f sonras\u0131 d\u00f6nemde ABD \u00f6nderli\u011finde kurulan Bat\u0131 kaynakl\u0131 g\u00fc\u00e7 dengesi bug\u00fcn, ge\u00e7mi\u015fte hi\u00e7 olmad\u0131\u011f\u0131 kadar, yeni meydan okumalarla kar\u015f\u0131 kar\u015f\u0131yad\u0131r. \u00c7in ve Hindistan gibi Do\u011fulu \u00fclkelerin uluslararas\u0131 sistem \u00fczerinde hem ekonomik hem de k\u00fclt\u00fcrel alanlarda artan etkileri, \u00f6zelde ABD hegemonyas\u0131 genelde ise Bat\u0131l\u0131 g\u00fc\u00e7 dengesi \u00fczerinde sars\u0131c\u0131 etkiler ortaya \u00e7\u0131karmaktad\u0131r. Erich Weede, G\u00fc\u00e7 Dengesi, K\u00fcreselle\u015fme ve Kapitalist Bar\u0131\u015f\u2019ta Do\u011fu\u2019nun artan bu g\u00fcc\u00fcne vurgu yaparak, k\u00fcreselle\u015fme ve Amerikan hegemonyas\u0131 ile sa\u011flanan kapitalist bar\u0131\u015f\u0131n gelece\u011fini sorgulamaktad\u0131r. Kitapta ayr\u0131ca ekonomik zenginlik, demokrasi ve sava\u015flar\u0131n \u00f6nlenmesi konular\u0131ndaki yak\u0131n ili\u015fkiler ile k\u00fcreselle\u015fmenin bu olgular \u00fczerine olan etkileri de derinlemesine incelenmekte, kapitalist bar\u0131\u015f\u0131n sa\u011flad\u0131\u011f\u0131 k\u00fcresel ekonomik refah\u0131n demokrasileri g\u00fc\u00e7lendirmede ve sava\u015flar\u0131 \u00f6nlemedeki rol\u00fc detayl\u0131 bir bi\u00e7imde de\u011ferlendirilmektedir. <\/p>\n","protected":false},"excerpt":{"rendered":"<p>20. Y\u00fczy\u0131l\u2019da uluslararas\u0131 sistemi etkileyen en \u00f6nemli olgulardan ikisi hi\u00e7 \u015f\u00fcphesiz k\u00fcreselle\u015fme ve Amerikan hegemonyas\u0131d\u0131r. Birbirinin tamamlay\u0131c\u0131s\u0131 olan bu iki olgunun ortaya \u00e7\u0131kard\u0131\u011f\u0131 kapitalist bar\u0131\u015f\u0131n etkileri<span class=\"excerpt-hellip\"> [\u2026]<\/span><\/p>\n","protected":false},"featured_media":0,"template":"","meta":{"_monsterinsights_skip_tracking":false,"_monsterinsights_sitenote_active":false,"_monsterinsights_sitenote_note":"","_monsterinsights_sitenote_category":0},"product_brand":[],"product_cat":[12338,12337],"product_tag":[],"class_list":{"0":"post-690896","1":"product","2":"type-product","3":"status-publish","5":"product_cat-dunya-siyaseti-ve-politikasi","6":"product_cat-politika-siyaset","7":"pa_cilt-ciltsiz","8":"pa_tur-kitap","9":"pa_yayinevi-liman-kitaplar","10":"pa_yazar-erich-weede","12":"first","13":"instock","14":"sale","15":"shipping-taxable","16":"purchasable","17":"product-type-simple"},"_links":{"self":[{"href":"https:\/\/roveyayinevi.com.tr\/index.php\/wp-json\/wp\/v2\/product\/690896","targetHints":{"allow":["GET"]}}],"collection":[{"href":"https:\/\/roveyayinevi.com.tr\/index.php\/wp-json\/wp\/v2\/product"}],"about":[{"href":"https:\/\/roveyayinevi.com.tr\/index.php\/wp-json\/wp\/v2\/types\/product"}],"wp:attachment":[{"href":"https:\/\/roveyayinevi.com.tr\/index.php\/wp-json\/wp\/v2\/media?parent=690896"}],"wp:term":[{"taxonomy":"product_brand","embeddable":true,"href":"https:\/\/roveyayinevi.com.tr\/index.php\/wp-json\/wp\/v2\/product_brand?post=690896"},{"taxonomy":"product_cat","embeddable":true,"href":"https:\/\/roveyayinevi.com.tr\/index.php\/wp-json\/wp\/v2\/product_cat?post=690896"},{"taxonomy":"product_tag","embeddable":true,"href":"https:\/\/roveyayinevi.com.tr\/index.php\/wp-json\/wp\/v2\/product_tag?post=690896"}],"curies":[{"name":"wp","href":"https:\/\/api.w.org\/{rel}","templated":true}]}}