{"id":690895,"date":"2025-08-27T13:54:39","date_gmt":"2025-08-27T10:54:39","guid":{"rendered":"https:\/\/roveyayinevi.com.tr\/index.php\/urun\/buyuk-fikirlerin-kucuk-kitaplari-iktisat\/"},"modified":"2026-04-16T02:00:23","modified_gmt":"2026-04-15T23:00:23","slug":"buyuk-fikirlerin-kucuk-kitaplari-iktisat","status":"publish","type":"product","link":"https:\/\/roveyayinevi.com.tr\/index.php\/urun\/buyuk-fikirlerin-kucuk-kitaplari-iktisat\/","title":{"rendered":"B\u00fcy\u00fck Fikirlerin K\u00fc\u00e7\u00fck Kitaplar\u0131 &#8211; \u0130ktisat"},"content":{"rendered":"<p>B\u00fcy\u00fck Fikirlerin K\u00fc\u00e7\u00fck Kitaplar\u0131 : \u0130ktisat iktisadi d\u00fc\u015f\u00fcncenin b\u00fcy\u00fck fikirlerine do\u011fru b\u00fcy\u00fcleyici bir yolculuk. Yaln\u0131z makro-iktisat, mikro-iktisat, rekabet v etekel gibi kimi kavramlar\u0131 de\u011fil, ayn\u0131 zamanda Mill, Keynes, Marx ve Krugman gibi b\u00fcy\u00fck isimlerin katk\u0131lar\u0131n\u0131 da ke\u015ffederken, bu kitap uluslararas\u0131 \u00f6l\u00e7ekte \u00f6nem ta\u015f\u0131yan ve d\u00fcnyan\u0131n her yerine n\u00fcfuz etmi\u015f modern bilimin s\u0131rad\u0131\u015f\u0131 i\u00e7 y\u00fcz\u00fcn\u00fc anlamay\u0131 sa\u011fl\u0131yor.Klasik iktisat \u00f6ncesi ekonomistlerin b\u00fcy\u00fck fikirlerini g\u00f6zden ge\u00e7irmek; iktisadi d\u00fc\u015f\u00fcnce ve ekonomik faaliyetlerdeki devrimlerin izini s\u00fcrmek ve b\u00fcy\u00fck d\u00fc\u015f\u00fcnce okullar\u0131n\u0131n kurucular\u0131n\u0131 incelemek&#8230;B\u00fcy\u00fck Fikirlerin K\u00fc\u00e7\u00fck Kitaplar\u0131 : \u0130ktisat b\u00fct\u00fcn bu kilit olaylar ve fig\u00fcrler hakk\u0131nda yan\u0131n\u0131zdan ay\u0131rmad\u0131\u011f\u0131n\u0131z rehberiniz olacak. <\/p>\n","protected":false},"excerpt":{"rendered":"<p>B\u00fcy\u00fck Fikirlerin K\u00fc\u00e7\u00fck Kitaplar\u0131 : \u0130ktisat iktisadi d\u00fc\u015f\u00fcncenin b\u00fcy\u00fck fikirlerine do\u011fru b\u00fcy\u00fcleyici bir yolculuk. Yaln\u0131z makro-iktisat, mikro-iktisat, rekabet v etekel gibi kimi kavramlar\u0131 de\u011fil, ayn\u0131 zamanda<span class=\"excerpt-hellip\"> [\u2026]<\/span><\/p>\n","protected":false},"featured_media":0,"template":"","meta":{"_monsterinsights_skip_tracking":false,"_monsterinsights_sitenote_active":false,"_monsterinsights_sitenote_note":"","_monsterinsights_sitenote_category":0},"product_brand":[],"product_cat":[13043,14144],"product_tag":[],"class_list":{"0":"post-690895","1":"product","2":"type-product","3":"status-publish","5":"product_cat-ekonomi","6":"product_cat-turkiye-ekonomisi","7":"pa_cilt-ciltsiz","8":"pa_tur-kitap","9":"pa_yayinevi-liman-kitaplar","10":"pa_yazar-mathew-forstater","12":"first","13":"instock","14":"sale","15":"shipping-taxable","16":"purchasable","17":"product-type-simple"},"_links":{"self":[{"href":"https:\/\/roveyayinevi.com.tr\/index.php\/wp-json\/wp\/v2\/product\/690895","targetHints":{"allow":["GET"]}}],"collection":[{"href":"https:\/\/roveyayinevi.com.tr\/index.php\/wp-json\/wp\/v2\/product"}],"about":[{"href":"https:\/\/roveyayinevi.com.tr\/index.php\/wp-json\/wp\/v2\/types\/product"}],"wp:attachment":[{"href":"https:\/\/roveyayinevi.com.tr\/index.php\/wp-json\/wp\/v2\/media?parent=690895"}],"wp:term":[{"taxonomy":"product_brand","embeddable":true,"href":"https:\/\/roveyayinevi.com.tr\/index.php\/wp-json\/wp\/v2\/product_brand?post=690895"},{"taxonomy":"product_cat","embeddable":true,"href":"https:\/\/roveyayinevi.com.tr\/index.php\/wp-json\/wp\/v2\/product_cat?post=690895"},{"taxonomy":"product_tag","embeddable":true,"href":"https:\/\/roveyayinevi.com.tr\/index.php\/wp-json\/wp\/v2\/product_tag?post=690895"}],"curies":[{"name":"wp","href":"https:\/\/api.w.org\/{rel}","templated":true}]}}