{"id":690894,"date":"2025-08-27T13:54:38","date_gmt":"2025-08-27T10:54:38","guid":{"rendered":"https:\/\/roveyayinevi.com.tr\/index.php\/urun\/isletme-buyuk-fikirlerin-kucuk-kitaplari\/"},"modified":"2026-04-16T02:00:23","modified_gmt":"2026-04-15T23:00:23","slug":"isletme-buyuk-fikirlerin-kucuk-kitaplari","status":"publish","type":"product","link":"https:\/\/roveyayinevi.com.tr\/index.php\/urun\/isletme-buyuk-fikirlerin-kucuk-kitaplari\/","title":{"rendered":"\u0130\u015fletme &#8211; B\u00fcy\u00fck Fikirlerin K\u00fc\u00e7\u00fck Kitaplar\u0131"},"content":{"rendered":"<p>B\u00fcy\u00fck Fikirlerin K\u00fc\u00e7\u00fck Kitaplar\u0131 : \u0130\u015fletme i\u015f ve sanayi d\u00fcnyas\u0131n\u0131n en etkili 50 kad\u0131n ve erke\u011fini bu alandaki en \u00f6nemli 10 ak\u0131m ve geli\u015fmeyle birlikte sunuyor.Henry Ford, Coco Chanel, Bill Gates ve John D. Rockefeller gibi fig\u00fcrlerin ya\u015fam ve ba\u015far\u0131lar\u0131n\u0131 izlerken, bu k\u00fc\u00e7\u00fck kitap, hayallerinin pe\u015finden ko\u015farak ba\u015far\u0131l\u0131 olan ve bazen de iflas eden giri\u015fimcileri bizlere tan\u0131t\u0131yor.B\u00fcy\u00fck sanayicilere \u00f6nc\u00fcl\u00fck eden giri\u015fimciler ve dahi ekonomistlerden ikna edici sat\u0131\u015f elemanlar\u0131 ve kad\u0131nlara, B\u00fcy\u00fck Fikirlerin K\u00fc\u00e7\u00fck Kitab\u0131 : \u0130\u015fletme tarihteki en ba\u015far\u0131l\u0131, becerikli ve parlak i\u015fletme d\u00fc\u015f\u00fcn\u00fcrleri hakk\u0131nda sizin rehberiniz olacak. <\/p>\n","protected":false},"excerpt":{"rendered":"<p>B\u00fcy\u00fck Fikirlerin K\u00fc\u00e7\u00fck Kitaplar\u0131 : \u0130\u015fletme i\u015f ve sanayi d\u00fcnyas\u0131n\u0131n en etkili 50 kad\u0131n ve erke\u011fini bu alandaki en \u00f6nemli 10 ak\u0131m ve geli\u015fmeyle birlikte sunuyor.Henry<span class=\"excerpt-hellip\"> [\u2026]<\/span><\/p>\n","protected":false},"featured_media":0,"template":"","meta":{"_monsterinsights_skip_tracking":false,"_monsterinsights_sitenote_active":false,"_monsterinsights_sitenote_note":"","_monsterinsights_sitenote_category":0},"product_brand":[],"product_cat":[13043,14381],"product_tag":[],"class_list":{"0":"post-690894","1":"product","2":"type-product","3":"status-publish","5":"product_cat-ekonomi","6":"product_cat-isletme-muhasebe-maliye","7":"pa_cilt-ciltsiz","8":"pa_tur-kitap","9":"pa_yayinevi-liman-kitaplar","10":"pa_yazar-john-lipczynski","12":"first","13":"instock","14":"sale","15":"shipping-taxable","16":"purchasable","17":"product-type-simple"},"_links":{"self":[{"href":"https:\/\/roveyayinevi.com.tr\/index.php\/wp-json\/wp\/v2\/product\/690894","targetHints":{"allow":["GET"]}}],"collection":[{"href":"https:\/\/roveyayinevi.com.tr\/index.php\/wp-json\/wp\/v2\/product"}],"about":[{"href":"https:\/\/roveyayinevi.com.tr\/index.php\/wp-json\/wp\/v2\/types\/product"}],"wp:attachment":[{"href":"https:\/\/roveyayinevi.com.tr\/index.php\/wp-json\/wp\/v2\/media?parent=690894"}],"wp:term":[{"taxonomy":"product_brand","embeddable":true,"href":"https:\/\/roveyayinevi.com.tr\/index.php\/wp-json\/wp\/v2\/product_brand?post=690894"},{"taxonomy":"product_cat","embeddable":true,"href":"https:\/\/roveyayinevi.com.tr\/index.php\/wp-json\/wp\/v2\/product_cat?post=690894"},{"taxonomy":"product_tag","embeddable":true,"href":"https:\/\/roveyayinevi.com.tr\/index.php\/wp-json\/wp\/v2\/product_tag?post=690894"}],"curies":[{"name":"wp","href":"https:\/\/api.w.org\/{rel}","templated":true}]}}