{"id":690893,"date":"2025-08-27T13:54:38","date_gmt":"2025-08-27T10:54:38","guid":{"rendered":"https:\/\/roveyayinevi.com.tr\/index.php\/urun\/felsefe-buyuk-fikirlerin-kucuk-kitaplari\/"},"modified":"2026-04-16T02:00:23","modified_gmt":"2026-04-15T23:00:23","slug":"felsefe-buyuk-fikirlerin-kucuk-kitaplari","status":"publish","type":"product","link":"https:\/\/roveyayinevi.com.tr\/index.php\/urun\/felsefe-buyuk-fikirlerin-kucuk-kitaplari\/","title":{"rendered":"Felsefe &#8211; B\u00fcy\u00fck Fikirlerin K\u00fc\u00e7\u00fck Kitaplar\u0131"},"content":{"rendered":"<p>B\u00fcy\u00fck Fikirlerin K\u00fc\u00e7\u00fck Kitaplar\u0131 : Felsefe en b\u00fcy\u00fck 50 felsefi d\u00fc\u015f\u00fcn\u00fcr ve \u015fimdiye kadar \u00fczerine d\u00fc\u015f\u00fcn\u00fclm\u00fc\u015f en b\u00fcy\u00fck 10 kavram hakk\u0131nda miras kalm\u0131\u015f anlay\u0131\u015f ve bilgileri bir araya getiriyor.Metafizik, psikoanaliz, liberteryanizm ve feminizmi i\u00e7eren ve felsefi d\u00fc\u015f\u00fcncenin omurilik kemi\u011fini olu\u015fturan kilit kavramlar\u0131n \u00fcstesinden geliyor. Antik s\u00f6zc\u00fcler Sokrates, Aristoteles ve Platon&#8217;dan Marx&#8217;\u0131n devrimci polemiklerine ve Piaget&#8217;le Chomsky&#8217;den e\u011fitici derslere en etkili fig\u00fcrleri ortaya koyuyor.B\u00fcy\u00fck Fikirlerin K\u00fc\u00e7\u00fck Kitaplar\u0131 : Felsefe felsefenin \u00e7\u0131\u011f\u0131r a\u00e7an, karma\u015f\u0131k d\u00fcnyas\u0131 hakk\u0131nda sizin rehberiniz olacak. <\/p>\n","protected":false},"excerpt":{"rendered":"<p>B\u00fcy\u00fck Fikirlerin K\u00fc\u00e7\u00fck Kitaplar\u0131 : Felsefe en b\u00fcy\u00fck 50 felsefi d\u00fc\u015f\u00fcn\u00fcr ve \u015fimdiye kadar \u00fczerine d\u00fc\u015f\u00fcn\u00fclm\u00fc\u015f en b\u00fcy\u00fck 10 kavram hakk\u0131nda miras kalm\u0131\u015f anlay\u0131\u015f ve bilgileri<span class=\"excerpt-hellip\"> [\u2026]<\/span><\/p>\n","protected":false},"featured_media":0,"template":"","meta":{"_monsterinsights_skip_tracking":false,"_monsterinsights_sitenote_active":false,"_monsterinsights_sitenote_note":"","_monsterinsights_sitenote_category":0},"product_brand":[],"product_cat":[12388,13555],"product_tag":[],"class_list":{"0":"post-690893","1":"product","2":"type-product","3":"status-publish","5":"product_cat-felsefe","6":"product_cat-genel-felsefe","7":"pa_cilt-ciltsiz","8":"pa_tur-kitap","9":"pa_yayinevi-liman-kitaplar","10":"pa_yazar-jeremy-stangroom","12":"first","13":"instock","14":"sale","15":"shipping-taxable","16":"purchasable","17":"product-type-simple"},"_links":{"self":[{"href":"https:\/\/roveyayinevi.com.tr\/index.php\/wp-json\/wp\/v2\/product\/690893","targetHints":{"allow":["GET"]}}],"collection":[{"href":"https:\/\/roveyayinevi.com.tr\/index.php\/wp-json\/wp\/v2\/product"}],"about":[{"href":"https:\/\/roveyayinevi.com.tr\/index.php\/wp-json\/wp\/v2\/types\/product"}],"wp:attachment":[{"href":"https:\/\/roveyayinevi.com.tr\/index.php\/wp-json\/wp\/v2\/media?parent=690893"}],"wp:term":[{"taxonomy":"product_brand","embeddable":true,"href":"https:\/\/roveyayinevi.com.tr\/index.php\/wp-json\/wp\/v2\/product_brand?post=690893"},{"taxonomy":"product_cat","embeddable":true,"href":"https:\/\/roveyayinevi.com.tr\/index.php\/wp-json\/wp\/v2\/product_cat?post=690893"},{"taxonomy":"product_tag","embeddable":true,"href":"https:\/\/roveyayinevi.com.tr\/index.php\/wp-json\/wp\/v2\/product_tag?post=690893"}],"curies":[{"name":"wp","href":"https:\/\/api.w.org\/{rel}","templated":true}]}}