{"id":690891,"date":"2025-08-27T13:54:38","date_gmt":"2025-08-27T10:54:38","guid":{"rendered":"https:\/\/roveyayinevi.com.tr\/index.php\/urun\/siyaset-teorisinde-mukemmelliyetcilik\/"},"modified":"2026-04-16T02:00:23","modified_gmt":"2026-04-15T23:00:23","slug":"siyaset-teorisinde-mukemmelliyetcilik","status":"publish","type":"product","link":"https:\/\/roveyayinevi.com.tr\/index.php\/urun\/siyaset-teorisinde-mukemmelliyetcilik\/","title":{"rendered":"Siyaset Teorisinde M\u00fckemmelliyet\u00e7ilik"},"content":{"rendered":"<p>Hayat\u0131 anlama ve y\u00f6netme konusunda kendisini daha ehil g\u00f6renler taraf\u0131ndan ba\u015fkalar\u0131n\u0131n hayat\u0131 \u00fczerinde tasarrufta bulunma ve onlar\u0131 bi\u00e7imlendirme arzusu tarihsel deneyimde \u00f6nemli izler b\u0131rakan temel bir insan\u00ee g\u00fcd\u00fcd\u00fcr. Bu arzunun devlet prati\u011fiyle birle\u015fmesi, \u00f6zg\u00fcrl\u00fck ihlallerinin en \u00f6nemli kayna\u011f\u0131n\u0131 olu\u015fturmu\u015ftur. Bu ise, ortak ya\u015fam\u0131n olumsuzluklar\u0131n\u0131 en aza indirmek ve avantajlar\u0131ndan azam\u00ee \u00f6l\u00e7\u00fcde istifade etmek i\u00e7in insanlar taraf\u0131ndan \u00fcretilmi\u015f olan devleti, yine insanlar taraf\u0131ndan, \u00f6zg\u00fcrl\u00fckleri korumak i\u00e7in kendisine kar\u015f\u0131 m\u00fccadele verilen bir ara\u00e7 haline getirmi\u015ftir.Ayd\u0131nlanma sonras\u0131 daha merkez\u00eele\u015fen yap\u0131s\u0131yla modern devlet, insan hayat\u0131na m\u00fcdahalenin s\u0131n\u0131rlar\u0131n\u0131 daha da geni\u015fleterek \u00f6zg\u00fcrl\u00fcklerin ihl\u00e2line kapsaml\u0131 bir boyut kazand\u0131rm\u0131\u015ft\u0131r. \u0130nsanlar\u0131 geleneksel zincirlerinden kurtulmaya davet eden Ayd\u0131nlanma d\u00fc\u015f\u00fcncesi, kendisini daha se\u00e7kin kabul edenler taraf\u0131ndan, ba\u015fkalar\u0131 \u00fczerinde yeni zincirler in\u015fa etme arac\u0131na d\u00f6n\u00fc\u015ft\u00fcr\u00fclm\u00fc\u015ft\u00fcr. Buna kar\u015f\u0131n, \u00f6zg\u00fcrl\u00fck m\u00fccadelesi de, yeni kavramlar ve y\u00f6ntemlerle kendisini s\u00fcrekli olarak devam ettirmi\u015ftir. <\/p>\n","protected":false},"excerpt":{"rendered":"<p>Hayat\u0131 anlama ve y\u00f6netme konusunda kendisini daha ehil g\u00f6renler taraf\u0131ndan ba\u015fkalar\u0131n\u0131n hayat\u0131 \u00fczerinde tasarrufta bulunma ve onlar\u0131 bi\u00e7imlendirme arzusu tarihsel deneyimde \u00f6nemli izler b\u0131rakan temel bir<span class=\"excerpt-hellip\"> [\u2026]<\/span><\/p>\n","protected":false},"featured_media":0,"template":"","meta":{"_monsterinsights_skip_tracking":false,"_monsterinsights_sitenote_active":false,"_monsterinsights_sitenote_note":"","_monsterinsights_sitenote_category":0},"product_brand":[],"product_cat":[12337,14543],"product_tag":[],"class_list":{"0":"post-690891","1":"product","2":"type-product","3":"status-publish","5":"product_cat-politika-siyaset","6":"product_cat-turkiye-siyaseti-ve-politikasi","7":"pa_cilt-ciltsiz","8":"pa_tur-kitap","9":"pa_yayinevi-liberte-yayinlari","10":"pa_yazar-zekeriya-tuysuz","12":"first","13":"instock","14":"sale","15":"shipping-taxable","16":"purchasable","17":"product-type-simple"},"_links":{"self":[{"href":"https:\/\/roveyayinevi.com.tr\/index.php\/wp-json\/wp\/v2\/product\/690891","targetHints":{"allow":["GET"]}}],"collection":[{"href":"https:\/\/roveyayinevi.com.tr\/index.php\/wp-json\/wp\/v2\/product"}],"about":[{"href":"https:\/\/roveyayinevi.com.tr\/index.php\/wp-json\/wp\/v2\/types\/product"}],"wp:attachment":[{"href":"https:\/\/roveyayinevi.com.tr\/index.php\/wp-json\/wp\/v2\/media?parent=690891"}],"wp:term":[{"taxonomy":"product_brand","embeddable":true,"href":"https:\/\/roveyayinevi.com.tr\/index.php\/wp-json\/wp\/v2\/product_brand?post=690891"},{"taxonomy":"product_cat","embeddable":true,"href":"https:\/\/roveyayinevi.com.tr\/index.php\/wp-json\/wp\/v2\/product_cat?post=690891"},{"taxonomy":"product_tag","embeddable":true,"href":"https:\/\/roveyayinevi.com.tr\/index.php\/wp-json\/wp\/v2\/product_tag?post=690891"}],"curies":[{"name":"wp","href":"https:\/\/api.w.org\/{rel}","templated":true}]}}