{"id":690886,"date":"2025-08-27T13:54:37","date_gmt":"2025-08-27T10:54:37","guid":{"rendered":"https:\/\/roveyayinevi.com.tr\/index.php\/urun\/kuresel-kapitalizmi-savunmak\/"},"modified":"2026-04-16T02:00:22","modified_gmt":"2026-04-15T23:00:22","slug":"kuresel-kapitalizmi-savunmak","status":"publish","type":"product","link":"https:\/\/roveyayinevi.com.tr\/index.php\/urun\/kuresel-kapitalizmi-savunmak\/","title":{"rendered":"K\u00fcresel Kapitalizmi Savunmak"},"content":{"rendered":"<p>Johan Norberg k\u00fcresel kapitalizmi \u00e7evresinden soyutlanm\u0131\u015f bir sistem olarak de\u011fil, \u201cinsan \u00f6zg\u00fcrl\u00fc\u011f\u00fc fikrinin liberal ekonomik  ifadesi\u201d olarak savunuyor:\u201cKapitalizm demokrasi, insan haklar\u0131 ve gerek kad\u0131nlar, gerekse erkekler i\u00e7in ki\u015fisel \u00f6zg\u00fcrl\u00fcklerden ayr\u0131lamaz. Bireylerin kendi ya\u015famlar\u0131n\u0131 d\u00fczenleme konusunda getirdi\u011fi \u00f6zg\u00fcrl\u00fck ve  sorumlulukla kapitalizm, farkl\u0131 de\u011ferlerimiz ve inan\u00e7lar\u0131m\u0131za ra\u011fmen bar\u0131\u015f i\u00e7inde ya\u015fayabilece\u011fimiz ho\u015fg\u00f6r\u00fcl\u00fc bir toplumun \u00f6nko\u015fuludur. Bunun alternatifi iktisat ve organizasyon konusunda kararlar\u0131n tepeden, idareciler taraf\u0131ndan al\u0131nmas\u0131d\u0131r. O durumda, y\u00f6netilenler aras\u0131nda de\u011fil de y\u00f6netenler aras\u0131nda yer alabilmek i\u00e7in g\u00fc\u00e7 elde etmeye al\u0131\u015fmak en \u00f6nemli \u015fey haline gelmektedir. Baz\u0131lar\u0131 i\u00e7in iktidar m\u00fccadelesi, refah ve herkes i\u00e7in daha iyi bir yar\u0131n m\u00fccadelesinin yerini almaktad\u0131r. Ticaret, yat\u0131r\u0131mlar, fikirler  ve teknolojinin yay\u0131lmas\u0131 sayesinde insanlar\u0131n yoksulluk ve azgeli\u015fmi\u015flikle ba\u015fedebildikleri m\u00fcreffeh toplumlar\u0131 in\u015fa etme imk\u00e2n\u0131 hi\u00e7 bug\u00fcnk\u00fc kadar geni\u015f olmam\u0131\u015ft\u0131. \u0130sve\u00e7\u2019in 100 y\u0131l\u0131na  malolan kalk\u0131nma s\u00fcreci \u015fimdi, liberal kurumlar\u0131 ve a\u00e7\u0131k  ekonomileri olan fakir \u00fclkeler taraf\u0131ndan 10-20 y\u0131lda  ger\u00e7ekle\u015ftirilebilir.\u201d <\/p>\n","protected":false},"excerpt":{"rendered":"<p>Johan Norberg k\u00fcresel kapitalizmi \u00e7evresinden soyutlanm\u0131\u015f bir sistem olarak de\u011fil, \u201cinsan \u00f6zg\u00fcrl\u00fc\u011f\u00fc fikrinin liberal ekonomik ifadesi\u201d olarak savunuyor:\u201cKapitalizm demokrasi, insan haklar\u0131 ve gerek kad\u0131nlar, gerekse erkekler<span class=\"excerpt-hellip\"> [\u2026]<\/span><\/p>\n","protected":false},"featured_media":0,"template":"","meta":{"_monsterinsights_skip_tracking":false,"_monsterinsights_sitenote_active":false,"_monsterinsights_sitenote_note":"","_monsterinsights_sitenote_category":0},"product_brand":[],"product_cat":[16098,12337],"product_tag":[],"class_list":{"0":"post-690886","1":"product","2":"type-product","3":"status-publish","5":"product_cat-politik-akimlar-hareketler","6":"product_cat-politika-siyaset","7":"pa_cilt-ciltsiz","8":"pa_tur-kitap","9":"pa_yayinevi-liberte-yayinlari","10":"pa_yazar-johan-norberg","12":"first","13":"instock","14":"sale","15":"shipping-taxable","16":"purchasable","17":"product-type-simple"},"_links":{"self":[{"href":"https:\/\/roveyayinevi.com.tr\/index.php\/wp-json\/wp\/v2\/product\/690886","targetHints":{"allow":["GET"]}}],"collection":[{"href":"https:\/\/roveyayinevi.com.tr\/index.php\/wp-json\/wp\/v2\/product"}],"about":[{"href":"https:\/\/roveyayinevi.com.tr\/index.php\/wp-json\/wp\/v2\/types\/product"}],"wp:attachment":[{"href":"https:\/\/roveyayinevi.com.tr\/index.php\/wp-json\/wp\/v2\/media?parent=690886"}],"wp:term":[{"taxonomy":"product_brand","embeddable":true,"href":"https:\/\/roveyayinevi.com.tr\/index.php\/wp-json\/wp\/v2\/product_brand?post=690886"},{"taxonomy":"product_cat","embeddable":true,"href":"https:\/\/roveyayinevi.com.tr\/index.php\/wp-json\/wp\/v2\/product_cat?post=690886"},{"taxonomy":"product_tag","embeddable":true,"href":"https:\/\/roveyayinevi.com.tr\/index.php\/wp-json\/wp\/v2\/product_tag?post=690886"}],"curies":[{"name":"wp","href":"https:\/\/api.w.org\/{rel}","templated":true}]}}