{"id":690884,"date":"2025-08-27T13:54:37","date_gmt":"2025-08-27T10:54:37","guid":{"rendered":"https:\/\/roveyayinevi.com.tr\/index.php\/urun\/kemalizm\/"},"modified":"2026-04-16T02:00:22","modified_gmt":"2026-04-15T23:00:22","slug":"kemalizm","status":"publish","type":"product","link":"https:\/\/roveyayinevi.com.tr\/index.php\/urun\/kemalizm\/","title":{"rendered":"Kemalizm"},"content":{"rendered":"<p>&#8220;Kemalizm, 80 y\u0131ll\u0131k Cumhuriyet tarihinin b\u00fcy\u00fck b\u00f6l\u00fcm\u00fcnde, siyasetten bazen ama b\u00fcrokratik olarak her zaman iktidarda kald\u0131. Fikri temellerininzay\u0131fl\u0131\u011f\u0131na ilaveten, devaml\u0131 iktidarda bulunmas\u0131, Kemalizmin, fikirolarak, bir nebze olsun geli\u015fme imk\u00e2n\u0131 vard\u0131ysa, onu da ortadan kald\u0131rd\u0131.Bug\u00fcn gelinen noktada T\u00fcrkiye ger\u00e7ek bir demokrasi olmak i\u00e7inKemalizmi resmi ideolojisi daha do\u011frusu resmi dogmas\u0131 olmaktan\u00e7\u0131karmak ve Kemalist miras\u0131n \u00e7o\u011fu ama\u00e7lar\u0131n\u0131 ve ara\u00e7lar\u0131n\u0131 ya tamamenreddetmek veya ciddi bi\u00e7imde ehl\u00eele\u015ftirmek ve modernle\u015ftirmekzorundad\u0131r.&#8217; \ufffcTan\u0131t\u0131m Metni<\/p>\n","protected":false},"excerpt":{"rendered":"<p>&#8220;Kemalizm, 80 y\u0131ll\u0131k Cumhuriyet tarihinin b\u00fcy\u00fck b\u00f6l\u00fcm\u00fcnde, siyasetten bazen ama b\u00fcrokratik olarak her zaman iktidarda kald\u0131. Fikri temellerininzay\u0131fl\u0131\u011f\u0131na ilaveten, devaml\u0131 iktidarda bulunmas\u0131, Kemalizmin, fikirolarak, bir nebze<span class=\"excerpt-hellip\"> [\u2026]<\/span><\/p>\n","protected":false},"featured_media":0,"template":"","meta":{"_monsterinsights_skip_tracking":false,"_monsterinsights_sitenote_active":false,"_monsterinsights_sitenote_note":"","_monsterinsights_sitenote_category":0},"product_brand":[],"product_cat":[12337,14706],"product_tag":[],"class_list":{"0":"post-690884","1":"product","2":"type-product","3":"status-publish","5":"product_cat-politika-siyaset","6":"product_cat-siyaset-bilimi","7":"pa_cilt-ciltsiz","8":"pa_tur-kitap","9":"pa_yayinevi-liberte-yayinlari","10":"pa_yazar-atilla-yayla","12":"first","13":"instock","14":"sale","15":"shipping-taxable","16":"purchasable","17":"product-type-simple"},"_links":{"self":[{"href":"https:\/\/roveyayinevi.com.tr\/index.php\/wp-json\/wp\/v2\/product\/690884","targetHints":{"allow":["GET"]}}],"collection":[{"href":"https:\/\/roveyayinevi.com.tr\/index.php\/wp-json\/wp\/v2\/product"}],"about":[{"href":"https:\/\/roveyayinevi.com.tr\/index.php\/wp-json\/wp\/v2\/types\/product"}],"wp:attachment":[{"href":"https:\/\/roveyayinevi.com.tr\/index.php\/wp-json\/wp\/v2\/media?parent=690884"}],"wp:term":[{"taxonomy":"product_brand","embeddable":true,"href":"https:\/\/roveyayinevi.com.tr\/index.php\/wp-json\/wp\/v2\/product_brand?post=690884"},{"taxonomy":"product_cat","embeddable":true,"href":"https:\/\/roveyayinevi.com.tr\/index.php\/wp-json\/wp\/v2\/product_cat?post=690884"},{"taxonomy":"product_tag","embeddable":true,"href":"https:\/\/roveyayinevi.com.tr\/index.php\/wp-json\/wp\/v2\/product_tag?post=690884"}],"curies":[{"name":"wp","href":"https:\/\/api.w.org\/{rel}","templated":true}]}}