{"id":690883,"date":"2025-08-27T13:54:37","date_gmt":"2025-08-27T10:54:37","guid":{"rendered":"https:\/\/roveyayinevi.com.tr\/index.php\/urun\/iktisat-ve-hayat\/"},"modified":"2026-04-16T02:00:22","modified_gmt":"2026-04-15T23:00:22","slug":"iktisat-ve-hayat","status":"publish","type":"product","link":"https:\/\/roveyayinevi.com.tr\/index.php\/urun\/iktisat-ve-hayat\/","title":{"rendered":"\u0130ktisat ve Hayat"},"content":{"rendered":"<p>&#8220;Ramazan\u0131 f\u0131rsat bilip fiyatlar\u0131 art\u0131rd\u0131lar&#8221;, &#8220;e\u011fitim bir mal de\u011fildir&#8221;, &#8220;herkesin bedava t\u0131bbi tedaviye hakk\u0131 vard\u0131r&#8221; gibisinden sloganlar, piyasa iktisad\u0131 bilgisinin k\u0131tl\u0131\u011f\u0131n\u0131n pop\u00fcler dildeki tezah\u00fcrleridir. Bir\u00e7ok insan\u0131 iktisad\u00ee problemlerin \u00e7\u00f6z\u00fcm\u00fcn\u00fcn devletin kaynaklar\u0131 &#8220;e\u015fit&#8221;, &#8220;\u00e2dil&#8221;, &#8220;fakirlerin lehine olacak&#8221; \u015fekilde da\u011f\u0131tmas\u0131ndan ge\u00e7ti\u011fini zannetmektedir. Devletin k\u0131sm\u00ee bir yeniden da\u011f\u0131t\u0131mc\u0131 rol \u00fcstlenebilmesinin piyasan\u0131n zenginlik yaratmas\u0131na ba\u011fl\u0131 oldu\u011funu bilmemektedir. Devletin mutlak bir yeniden da\u011f\u0131t\u0131mc\u0131l\u0131k fonksiyonu \u00fcstlenmesininse a\u00e7l\u0131k ve sefaleti daimile\u015ftirece\u011finin ve sosyal \u00e7at\u0131\u015fmalar\u0131 azd\u0131raca\u011f\u0131n\u0131n fark\u0131na varamamaktad\u0131r. Bu y\u00fczden, kanaatimce, piyasa iktisad\u0131 bilgisinin zenginle\u015ftirilmesi ve yay\u0131lmas\u0131 b\u00fcy\u00fck \u00f6nem ta\u015f\u0131maktad\u0131r.Bu derlemede, g\u00fcnl\u00fck hayatta kar\u015f\u0131la\u015ft\u0131\u011f\u0131m\u0131z kimi problemlere piyasa iktisadiyat\u0131 a\u00e7\u0131s\u0131ndan yakla\u015fan yaz\u0131lar yer almaktad\u0131r. Yaz\u0131lar\u0131n hemen hemen tamam\u0131 \u0130zmir Ticaret Gazetesi\u2019nde yay\u0131nlanm\u0131\u015ft\u0131r. Akt\u00fcel problemleri ele almakla beraber, bir\u00e7ok yaz\u0131, piyasa iktisad\u0131 teorisini bir \u015fekilde yans\u0131tmaktad\u0131r. Baz\u0131 iktisat\u00e7\u0131lar\u0131n iktisad\u0131 anla\u015f\u0131lmaz jargonlara bo\u011fan ve n\u00fcfuzu zor, soyut form\u00fclasyonlara kurban eden tarz\u0131n\u0131n z\u0131dd\u0131na, meseleler a\u00e7\u0131k, anla\u015f\u0131l\u0131r, fakat tutarl\u0131 bir \u00fcslupla tahlil edilmektedir. Kimi meselelerin irdelenmesindeki basitlik ve mant\u0131k\u00ee tutarl\u0131l\u0131k da, kendi ba\u015f\u0131na okuyucunun piyasa iktisadiyat\u0131na ilgisini art\u0131racak mahiyettedir.Atilla Yayla <\/p>\n","protected":false},"excerpt":{"rendered":"<p>&#8220;Ramazan\u0131 f\u0131rsat bilip fiyatlar\u0131 art\u0131rd\u0131lar&#8221;, &#8220;e\u011fitim bir mal de\u011fildir&#8221;, &#8220;herkesin bedava t\u0131bbi tedaviye hakk\u0131 vard\u0131r&#8221; gibisinden sloganlar, piyasa iktisad\u0131 bilgisinin k\u0131tl\u0131\u011f\u0131n\u0131n pop\u00fcler dildeki tezah\u00fcrleridir. Bir\u00e7ok insan\u0131<span class=\"excerpt-hellip\"> [\u2026]<\/span><\/p>\n","protected":false},"featured_media":0,"template":"","meta":{"_monsterinsights_skip_tracking":false,"_monsterinsights_sitenote_active":false,"_monsterinsights_sitenote_note":"","_monsterinsights_sitenote_category":0},"product_brand":[],"product_cat":[13043,14144],"product_tag":[],"class_list":{"0":"post-690883","1":"product","2":"type-product","3":"status-publish","5":"product_cat-ekonomi","6":"product_cat-turkiye-ekonomisi","7":"pa_cilt-ciltsiz","8":"pa_tur-kitap","9":"pa_yayinevi-liberte-yayinlari","10":"pa_yazar-atilla-yayla","12":"first","13":"instock","14":"sale","15":"shipping-taxable","16":"purchasable","17":"product-type-simple"},"_links":{"self":[{"href":"https:\/\/roveyayinevi.com.tr\/index.php\/wp-json\/wp\/v2\/product\/690883","targetHints":{"allow":["GET"]}}],"collection":[{"href":"https:\/\/roveyayinevi.com.tr\/index.php\/wp-json\/wp\/v2\/product"}],"about":[{"href":"https:\/\/roveyayinevi.com.tr\/index.php\/wp-json\/wp\/v2\/types\/product"}],"wp:attachment":[{"href":"https:\/\/roveyayinevi.com.tr\/index.php\/wp-json\/wp\/v2\/media?parent=690883"}],"wp:term":[{"taxonomy":"product_brand","embeddable":true,"href":"https:\/\/roveyayinevi.com.tr\/index.php\/wp-json\/wp\/v2\/product_brand?post=690883"},{"taxonomy":"product_cat","embeddable":true,"href":"https:\/\/roveyayinevi.com.tr\/index.php\/wp-json\/wp\/v2\/product_cat?post=690883"},{"taxonomy":"product_tag","embeddable":true,"href":"https:\/\/roveyayinevi.com.tr\/index.php\/wp-json\/wp\/v2\/product_tag?post=690883"}],"curies":[{"name":"wp","href":"https:\/\/api.w.org\/{rel}","templated":true}]}}