{"id":690880,"date":"2025-08-27T13:54:36","date_gmt":"2025-08-27T10:54:36","guid":{"rendered":"https:\/\/roveyayinevi.com.tr\/index.php\/urun\/liberalizm\/"},"modified":"2026-04-16T02:00:22","modified_gmt":"2026-04-15T23:00:22","slug":"liberalizm","status":"publish","type":"product","link":"https:\/\/roveyayinevi.com.tr\/index.php\/urun\/liberalizm\/","title":{"rendered":"Liberalizm"},"content":{"rendered":"<p>Liberalizm, y\u00fczy\u0131l\u0131m\u0131z\u0131n son y\u0131llar\u0131n\u0131n en g\u00f6zde ak\u0131m\u0131 haline gelmi\u015f bulunmaktad\u0131r. Bir\u00e7ok insan\u0131n belirli fikirleri veya muayyen toplumsal sistemleri adland\u0131rmak i\u00e7in kulland\u0131\u011f\u0131 &#8220;Liberalizm&#8221; kavram\u0131 ne anlama gelmekte, neyi ifade etmektedir? Sosyal d\u00fc\u015f\u00fcnce s\u00f6zl\u00fc\u011f\u00fcne ne zaman ve nas\u0131l girmi\u015ftir? Hangi sosyal vak\u0131aya kar\u015f\u0131l\u0131k olarak kullan\u0131lm\u0131\u015f ve kullan\u0131lmaktad\u0131r? Bir tek liberalizm mi vard\u0131r, yoksa \u00e7ok say\u0131da liberalizm mi mevcuttur? Liberalizmin \u00f6\u011feleri ve \u00f6zellikleri nelerdir? Atilla Yayla, b\u00fct\u00fcn bu sorular\u0131n cevaplar\u0131n\u0131 ara\u015ft\u0131rd\u0131\u011f\u0131 eserinde genellikle konuyla ilgili birincil kaynaklara gitmekte, ikinci &#8211; \u00fc\u00e7\u00fcnc\u00fc elden bilgi ve yorum aktarmak yerine, liberalizmin temellerini, ana yap\u0131s\u0131n\u0131 ve \u00e7at\u0131s\u0131n\u0131 kuran d\u00fc\u015f\u00fcn\u00fcrlerin ve yazarlar\u0131n g\u00f6r\u00fc\u015flerini analitik ve tarihsel bir a\u00e7\u0131dan i\u015fleyerek okuyucuya sunmaktad\u0131r <\/p>\n","protected":false},"excerpt":{"rendered":"<p>Liberalizm, y\u00fczy\u0131l\u0131m\u0131z\u0131n son y\u0131llar\u0131n\u0131n en g\u00f6zde ak\u0131m\u0131 haline gelmi\u015f bulunmaktad\u0131r. Bir\u00e7ok insan\u0131n belirli fikirleri veya muayyen toplumsal sistemleri adland\u0131rmak i\u00e7in kulland\u0131\u011f\u0131 &#8220;Liberalizm&#8221; kavram\u0131 ne anlama gelmekte,<span class=\"excerpt-hellip\"> [\u2026]<\/span><\/p>\n","protected":false},"featured_media":0,"template":"","meta":{"_monsterinsights_skip_tracking":false,"_monsterinsights_sitenote_active":false,"_monsterinsights_sitenote_note":"","_monsterinsights_sitenote_category":0},"product_brand":[],"product_cat":[12965,12337],"product_tag":[],"class_list":{"0":"post-690880","1":"product","2":"type-product","3":"status-publish","5":"product_cat-genel-politika","6":"product_cat-politika-siyaset","7":"pa_cilt-ciltsiz","8":"pa_tur-kitap","9":"pa_yayinevi-liberte-yayinlari","10":"pa_yazar-atilla-yayla","12":"first","13":"instock","14":"sale","15":"shipping-taxable","16":"purchasable","17":"product-type-simple"},"_links":{"self":[{"href":"https:\/\/roveyayinevi.com.tr\/index.php\/wp-json\/wp\/v2\/product\/690880","targetHints":{"allow":["GET"]}}],"collection":[{"href":"https:\/\/roveyayinevi.com.tr\/index.php\/wp-json\/wp\/v2\/product"}],"about":[{"href":"https:\/\/roveyayinevi.com.tr\/index.php\/wp-json\/wp\/v2\/types\/product"}],"wp:attachment":[{"href":"https:\/\/roveyayinevi.com.tr\/index.php\/wp-json\/wp\/v2\/media?parent=690880"}],"wp:term":[{"taxonomy":"product_brand","embeddable":true,"href":"https:\/\/roveyayinevi.com.tr\/index.php\/wp-json\/wp\/v2\/product_brand?post=690880"},{"taxonomy":"product_cat","embeddable":true,"href":"https:\/\/roveyayinevi.com.tr\/index.php\/wp-json\/wp\/v2\/product_cat?post=690880"},{"taxonomy":"product_tag","embeddable":true,"href":"https:\/\/roveyayinevi.com.tr\/index.php\/wp-json\/wp\/v2\/product_tag?post=690880"}],"curies":[{"name":"wp","href":"https:\/\/api.w.org\/{rel}","templated":true}]}}