{"id":690879,"date":"2025-08-27T13:54:36","date_gmt":"2025-08-27T10:54:36","guid":{"rendered":"https:\/\/roveyayinevi.com.tr\/index.php\/urun\/adaletin-unsurlari\/"},"modified":"2026-04-16T02:00:22","modified_gmt":"2026-04-15T23:00:22","slug":"adaletin-unsurlari","status":"publish","type":"product","link":"https:\/\/roveyayinevi.com.tr\/index.php\/urun\/adaletin-unsurlari\/","title":{"rendered":"Adaletin Unsurlar\u0131"},"content":{"rendered":"<p>Adalet sorunu insanlar\u0131n yapmalar\u0131 gerekenle ilgilidir, fakat bunun pratikte anlam\u0131; bu \u00f6devlerin kesin bir ba\u011flam \u00fczerine oturtulmas\u0131d\u0131r. Kesin bir ba\u011flam \u00fczerine oturtulmas\u0131 demek, bu yap\u0131lmas\u0131 gereken \u00f6devlerin, hak edi\u015f, kar\u015f\u0131l\u0131kl\u0131l\u0131k, e\u015fitlik veya ihtiya\u00e7 gibi ilkelerle yan\u0131tlanmas\u0131 demektir. Adalet, b\u00f6ylece, bir \u00e7e\u015fit b\u00fct\u00fcnl\u00fck ve birle\u015fim sa\u011flayan baz\u0131 unsurlar\u0131n meydana getirdi\u011fi bir tak\u0131my\u0131ld\u0131z\u0131 halini al\u0131r. Ancak adaletin bu b\u00fct\u00fcnle\u015fimi s\u0131n\u0131rl\u0131d\u0131r; t\u0131pk\u0131 k\u00fc\u00e7\u00fck bir mahalle gibidir.David Schmitz, Arizona \u00dcniversitesi&#8217;nde \u00d6zg\u00fcrl\u00fck Felsefesi Program\u0131 Direkt\u00f6r\u00fc ve Felsefe ve Ekonomi profes\u00f6r\u00fcd\u00fcr. Rational Choice and Moral Agency (Princeton 1995) adl\u0131 kitab\u0131n yazar\u0131 ve Social Welfare and Individual Responsibility adl\u0131 kitab\u0131n yazarlar\u0131ndan olan Schmitz, Robert Nozick \u00fczerine yaz\u0131lar\u0131n derlendi\u011fi Contemporary Philosophy in Focus serisinin edit\u00f6rl\u00fc\u011f\u00fcn\u00fc ve ayr\u0131ca Environmental Ethics: What Really Matters, What Really Works adl\u0131 kitab\u0131n edit\u00f6rl\u00fc\u011f\u00fcn\u00fc Elizabeth Willot ile birlikte yapm\u0131\u015ft\u0131r.\u00d6zg\u00fcrl\u00fck ve Adalet \u00fczerine \u00e7al\u0131\u015fmalar\u0131 yirmi \u00fclke ve alt\u0131 k\u0131taya ula\u015fm\u0131\u015f durumdad\u0131r. <\/p>\n","protected":false},"excerpt":{"rendered":"<p>Adalet sorunu insanlar\u0131n yapmalar\u0131 gerekenle ilgilidir, fakat bunun pratikte anlam\u0131; bu \u00f6devlerin kesin bir ba\u011flam \u00fczerine oturtulmas\u0131d\u0131r. Kesin bir ba\u011flam \u00fczerine oturtulmas\u0131 demek, bu yap\u0131lmas\u0131 gereken<span class=\"excerpt-hellip\"> [\u2026]<\/span><\/p>\n","protected":false},"featured_media":0,"template":"","meta":{"_monsterinsights_skip_tracking":false,"_monsterinsights_sitenote_active":false,"_monsterinsights_sitenote_note":"","_monsterinsights_sitenote_category":0},"product_brand":[],"product_cat":[15350,17602],"product_tag":[],"class_list":{"0":"post-690879","1":"product","2":"type-product","3":"status-publish","5":"product_cat-hukuk","6":"product_cat-hukuk-uzerine","7":"pa_cilt-ciltsiz","8":"pa_tur-kitap","9":"pa_yayinevi-liberte-yayinlari","10":"pa_yazar-david-schmidtz","12":"first","13":"instock","14":"sale","15":"shipping-taxable","16":"purchasable","17":"product-type-simple"},"_links":{"self":[{"href":"https:\/\/roveyayinevi.com.tr\/index.php\/wp-json\/wp\/v2\/product\/690879","targetHints":{"allow":["GET"]}}],"collection":[{"href":"https:\/\/roveyayinevi.com.tr\/index.php\/wp-json\/wp\/v2\/product"}],"about":[{"href":"https:\/\/roveyayinevi.com.tr\/index.php\/wp-json\/wp\/v2\/types\/product"}],"wp:attachment":[{"href":"https:\/\/roveyayinevi.com.tr\/index.php\/wp-json\/wp\/v2\/media?parent=690879"}],"wp:term":[{"taxonomy":"product_brand","embeddable":true,"href":"https:\/\/roveyayinevi.com.tr\/index.php\/wp-json\/wp\/v2\/product_brand?post=690879"},{"taxonomy":"product_cat","embeddable":true,"href":"https:\/\/roveyayinevi.com.tr\/index.php\/wp-json\/wp\/v2\/product_cat?post=690879"},{"taxonomy":"product_tag","embeddable":true,"href":"https:\/\/roveyayinevi.com.tr\/index.php\/wp-json\/wp\/v2\/product_tag?post=690879"}],"curies":[{"name":"wp","href":"https:\/\/api.w.org\/{rel}","templated":true}]}}