{"id":690875,"date":"2025-08-27T13:54:35","date_gmt":"2025-08-27T10:54:35","guid":{"rendered":"https:\/\/roveyayinevi.com.tr\/index.php\/urun\/cinghai-salarcasinintasviri-grameri\/"},"modified":"2026-04-16T02:00:22","modified_gmt":"2026-04-15T23:00:22","slug":"cinghai-salarcasinintasviri-grameri","status":"publish","type":"product","link":"https:\/\/roveyayinevi.com.tr\/index.php\/urun\/cinghai-salarcasinintasviri-grameri\/","title":{"rendered":"\u00c7inghai Salarcas\u0131n\u0131nTasviri Grameri"},"content":{"rendered":"<p>Salar T\u00fcrkleri g\u00fcn\u00fcm\u00fczde \u00c7in Halk Cumhuriyeti\u2019nin \u00c7inghai ve Gansu eyaletlerinde ya\u015fayan M\u00fcsl\u00fcman T\u00fcrk topluluklar\u0131ndan biridir. Salarca \u00c7inghai eyaletinde konu\u015fulan K\u0131p\u00e7ak T\u00fcrk\u00e7es\u0130nin kimi \u00f6zelliklerini 14. y\u00fczy\u0131l\u0131n sonuna kadar b\u00fcnyesine al\u0131p bu d\u00f6nemden sonra bunlar\u0131 izole etmi\u015f bir O\u011fuz leh\u00e7esi olarak tan\u0131mlanaca\u011f\u0131 gibi 14. y\u00fczy\u0131l\u0131n M\u00fc\u015fterek Orta Asya T\u00fcrk\u00e7es\u0130nin Harezm O\u011fuz \u00f6zelliklerini korumu\u015f bir T\u00fcrk leh\u00e7esi olarak da tan\u0131mlanabilir. Salarca ayn\u0131 zamanda b\u00fcnyesindeki karma leh\u00e7elik \u00f6zellikler ile \u00c7ince Mo\u011folca ve Tibet\u00e7e gibi ili\u015fki dillerinin yap\u0131sal \u00f6zelliklerini de bar\u0131nd\u0131ran bir T\u00fcrk leh\u00e7esidir. <\/p>\n","protected":false},"excerpt":{"rendered":"<p>Salar T\u00fcrkleri g\u00fcn\u00fcm\u00fczde \u00c7in Halk Cumhuriyeti\u2019nin \u00c7inghai ve Gansu eyaletlerinde ya\u015fayan M\u00fcsl\u00fcman T\u00fcrk topluluklar\u0131ndan biridir. Salarca \u00c7inghai eyaletinde konu\u015fulan K\u0131p\u00e7ak T\u00fcrk\u00e7es\u0130nin kimi \u00f6zelliklerini 14. y\u00fczy\u0131l\u0131n sonuna<span class=\"excerpt-hellip\"> [\u2026]<\/span><\/p>\n","protected":false},"featured_media":0,"template":"","meta":{"_monsterinsights_skip_tracking":false,"_monsterinsights_sitenote_active":false,"_monsterinsights_sitenote_note":"","_monsterinsights_sitenote_category":0},"product_brand":[],"product_cat":[12364,16266],"product_tag":[],"class_list":{"0":"post-690875","1":"product","2":"type-product","3":"status-publish","5":"product_cat-genel-konular","6":"product_cat-referans-kaynak-kitap","7":"pa_tur-kitap","8":"pa_yayinevi-kurgan-edebiyat","9":"pa_yazar-gulsun-mehmet","11":"first","12":"instock","13":"sale","14":"shipping-taxable","15":"purchasable","16":"product-type-simple"},"_links":{"self":[{"href":"https:\/\/roveyayinevi.com.tr\/index.php\/wp-json\/wp\/v2\/product\/690875","targetHints":{"allow":["GET"]}}],"collection":[{"href":"https:\/\/roveyayinevi.com.tr\/index.php\/wp-json\/wp\/v2\/product"}],"about":[{"href":"https:\/\/roveyayinevi.com.tr\/index.php\/wp-json\/wp\/v2\/types\/product"}],"wp:attachment":[{"href":"https:\/\/roveyayinevi.com.tr\/index.php\/wp-json\/wp\/v2\/media?parent=690875"}],"wp:term":[{"taxonomy":"product_brand","embeddable":true,"href":"https:\/\/roveyayinevi.com.tr\/index.php\/wp-json\/wp\/v2\/product_brand?post=690875"},{"taxonomy":"product_cat","embeddable":true,"href":"https:\/\/roveyayinevi.com.tr\/index.php\/wp-json\/wp\/v2\/product_cat?post=690875"},{"taxonomy":"product_tag","embeddable":true,"href":"https:\/\/roveyayinevi.com.tr\/index.php\/wp-json\/wp\/v2\/product_tag?post=690875"}],"curies":[{"name":"wp","href":"https:\/\/api.w.org\/{rel}","templated":true}]}}