{"id":690871,"date":"2025-08-27T13:54:34","date_gmt":"2025-08-27T10:54:34","guid":{"rendered":"https:\/\/roveyayinevi.com.tr\/index.php\/urun\/hukuk\/"},"modified":"2026-04-16T02:00:22","modified_gmt":"2026-04-15T23:00:22","slug":"hukuk","status":"publish","type":"product","link":"https:\/\/roveyayinevi.com.tr\/index.php\/urun\/hukuk\/","title":{"rendered":"Hukuk"},"content":{"rendered":"<p>19. y\u00fczy\u0131lda ya\u015fam\u0131\u015f Frans\u0131z Filozof Frederic Bastiat\u2019 n\u0131n eserleri, muhte\u015fem dili ve g\u00fc\u00e7l\u00fc muhakemesi ile tan\u0131n\u0131r. Hukuk, sade anlat\u0131m\u0131na ra\u011fmen, entelekt\u00fcel tart\u0131\u015fma g\u00fcndeminin ba\u015f s\u0131ralar\u0131n\u0131 i\u015fgal etmekte olan konulara hayranl\u0131k uyand\u0131r\u0131c\u0131 bir a\u00e7\u0131kl\u0131kla ya\u015flakmaktad\u0131r. Bastiat zaman\u0131n\u0131n ve zaman\u0131m\u0131z\u0131n kollektivist, \u00f6zg\u00fcrl\u00fck kar\u015f\u0131t\u0131, d\u00fczenlemeci, da\u011f\u0131t\u0131mc\u0131, ya\u011fmac\u0131 mant\u0131\u011f\u0131n\u0131 yerle bir etmektedir. Hukukun yozla\u015ft\u0131r\u0131lmas\u0131n\u0131n ve ya\u011fmac\u0131l\u0131\u011f\u0131n\u0131n arac\u0131 haline getirlmesinin insanl\u0131\u011fa ve medeniyete verdi\u011fi zararlar\u0131 bir bir g\u00f6stermektedir. Hukuk, sade insana duyulan g\u00fcveni yans\u0131tmakta ve ayd\u0131nlara di\u011fer insanlara sayg\u0131 dumaya davet etmektedir. <\/p>\n","protected":false},"excerpt":{"rendered":"<p>19. y\u00fczy\u0131lda ya\u015fam\u0131\u015f Frans\u0131z Filozof Frederic Bastiat\u2019 n\u0131n eserleri, muhte\u015fem dili ve g\u00fc\u00e7l\u00fc muhakemesi ile tan\u0131n\u0131r. Hukuk, sade anlat\u0131m\u0131na ra\u011fmen, entelekt\u00fcel tart\u0131\u015fma g\u00fcndeminin ba\u015f s\u0131ralar\u0131n\u0131 i\u015fgal<span class=\"excerpt-hellip\"> [\u2026]<\/span><\/p>\n","protected":false},"featured_media":0,"template":"","meta":{"_monsterinsights_skip_tracking":false,"_monsterinsights_sitenote_active":false,"_monsterinsights_sitenote_note":"","_monsterinsights_sitenote_category":0},"product_brand":[],"product_cat":[15350,17583],"product_tag":[],"class_list":{"0":"post-690871","1":"product","2":"type-product","3":"status-publish","5":"product_cat-hukuk","6":"product_cat-kanun-ve-uygulama-kitaplari","7":"pa_cilt-ciltsiz","8":"pa_tur-kitap","9":"pa_yayinevi-liberte-yayinlari","10":"pa_yazar-frederic-bastiat","12":"first","13":"instock","14":"sale","15":"shipping-taxable","16":"purchasable","17":"product-type-simple"},"_links":{"self":[{"href":"https:\/\/roveyayinevi.com.tr\/index.php\/wp-json\/wp\/v2\/product\/690871","targetHints":{"allow":["GET"]}}],"collection":[{"href":"https:\/\/roveyayinevi.com.tr\/index.php\/wp-json\/wp\/v2\/product"}],"about":[{"href":"https:\/\/roveyayinevi.com.tr\/index.php\/wp-json\/wp\/v2\/types\/product"}],"wp:attachment":[{"href":"https:\/\/roveyayinevi.com.tr\/index.php\/wp-json\/wp\/v2\/media?parent=690871"}],"wp:term":[{"taxonomy":"product_brand","embeddable":true,"href":"https:\/\/roveyayinevi.com.tr\/index.php\/wp-json\/wp\/v2\/product_brand?post=690871"},{"taxonomy":"product_cat","embeddable":true,"href":"https:\/\/roveyayinevi.com.tr\/index.php\/wp-json\/wp\/v2\/product_cat?post=690871"},{"taxonomy":"product_tag","embeddable":true,"href":"https:\/\/roveyayinevi.com.tr\/index.php\/wp-json\/wp\/v2\/product_tag?post=690871"}],"curies":[{"name":"wp","href":"https:\/\/api.w.org\/{rel}","templated":true}]}}