{"id":690870,"date":"2025-08-27T13:54:34","date_gmt":"2025-08-27T10:54:34","guid":{"rendered":"https:\/\/roveyayinevi.com.tr\/index.php\/urun\/cok-hukukluluk-laiklik-ve-laikrasi\/"},"modified":"2026-04-16T02:00:22","modified_gmt":"2026-04-15T23:00:22","slug":"cok-hukukluluk-laiklik-ve-laikrasi","status":"publish","type":"product","link":"https:\/\/roveyayinevi.com.tr\/index.php\/urun\/cok-hukukluluk-laiklik-ve-laikrasi\/","title":{"rendered":"\u00c7ok-Hukukluluk, Laiklik ve Laikrasi"},"content":{"rendered":"<p>\u00c7ok-hukukluluk, Laiklik ve Laikrasi, \u00fclkemizin \u00f6nemli fikir adamlar\u0131ndan Kadir Cang\u0131zbay&#8217;\u0131n \u00e7o\u011fu daha \u00f6nce yay\u0131nlanm\u0131\u015f baz\u0131 makalelerini dil, dilde sadele\u015fme, yabanc\u0131 dilde e\u011fitim, insan haklar\u0131, do\u011fru anla\u015f\u0131lm\u0131\u015f laiklik, laiklik etiketini kullanarak yap\u0131lan \u00e7arp\u0131k laiklik yorumlar\u0131 ve bu t\u00fcr yorumlar\u0131n a\u00e7mazlar\u0131 gibi pek \u00e7ok konuyla me\u015fgul olmaktad\u0131r. Her makale, ilgilendi\u011fi konuda ya yeni a\u00e7\u0131l\u0131mlar getirmekte ya da g\u00f6z\u00fcm\u00fczden ka\u00e7an veya akl\u0131m\u0131za gelmeyen, kimi zaman basit g\u00f6r\u00fcnen, fakat \u00e7o\u011fu defa sars\u0131c\u0131 ve hatta paradigma de\u011fi\u015ftirmeye zorlay\u0131c\u0131 noktalar\u0131 ortaya sermektedir.D\u00fc\u015f\u00fcnmeyi seven ve ayk\u0131r\u0131 d\u00fc\u015f\u00fcnceden korkmayanlara&#8230; <\/p>\n","protected":false},"excerpt":{"rendered":"<p>\u00c7ok-hukukluluk, Laiklik ve Laikrasi, \u00fclkemizin \u00f6nemli fikir adamlar\u0131ndan Kadir Cang\u0131zbay&#8217;\u0131n \u00e7o\u011fu daha \u00f6nce yay\u0131nlanm\u0131\u015f baz\u0131 makalelerini dil, dilde sadele\u015fme, yabanc\u0131 dilde e\u011fitim, insan haklar\u0131, do\u011fru anla\u015f\u0131lm\u0131\u015f<span class=\"excerpt-hellip\"> [\u2026]<\/span><\/p>\n","protected":false},"featured_media":0,"template":"","meta":{"_monsterinsights_skip_tracking":false,"_monsterinsights_sitenote_active":false,"_monsterinsights_sitenote_note":"","_monsterinsights_sitenote_category":0},"product_brand":[],"product_cat":[12312,12304],"product_tag":[],"class_list":{"0":"post-690870","1":"product","2":"type-product","3":"status-publish","5":"product_cat-diger","6":"product_cat-tarih","7":"pa_cilt-ciltsiz","8":"pa_tur-kitap","9":"pa_yayinevi-liberte-yayinlari","10":"pa_yazar-kadir-cangizbay","12":"first","13":"instock","14":"sale","15":"shipping-taxable","16":"purchasable","17":"product-type-simple"},"_links":{"self":[{"href":"https:\/\/roveyayinevi.com.tr\/index.php\/wp-json\/wp\/v2\/product\/690870","targetHints":{"allow":["GET"]}}],"collection":[{"href":"https:\/\/roveyayinevi.com.tr\/index.php\/wp-json\/wp\/v2\/product"}],"about":[{"href":"https:\/\/roveyayinevi.com.tr\/index.php\/wp-json\/wp\/v2\/types\/product"}],"wp:attachment":[{"href":"https:\/\/roveyayinevi.com.tr\/index.php\/wp-json\/wp\/v2\/media?parent=690870"}],"wp:term":[{"taxonomy":"product_brand","embeddable":true,"href":"https:\/\/roveyayinevi.com.tr\/index.php\/wp-json\/wp\/v2\/product_brand?post=690870"},{"taxonomy":"product_cat","embeddable":true,"href":"https:\/\/roveyayinevi.com.tr\/index.php\/wp-json\/wp\/v2\/product_cat?post=690870"},{"taxonomy":"product_tag","embeddable":true,"href":"https:\/\/roveyayinevi.com.tr\/index.php\/wp-json\/wp\/v2\/product_tag?post=690870"}],"curies":[{"name":"wp","href":"https:\/\/api.w.org\/{rel}","templated":true}]}}