{"id":690869,"date":"2025-08-27T13:54:34","date_gmt":"2025-08-27T10:54:34","guid":{"rendered":"https:\/\/roveyayinevi.com.tr\/index.php\/urun\/hosgoru-ustune-bir-mektup\/"},"modified":"2026-04-16T02:00:22","modified_gmt":"2026-04-15T23:00:22","slug":"hosgoru-ustune-bir-mektup","status":"publish","type":"product","link":"https:\/\/roveyayinevi.com.tr\/index.php\/urun\/hosgoru-ustune-bir-mektup\/","title":{"rendered":"Ho\u015fg\u00f6r\u00fc \u00dcst\u00fcne Bir Mektup"},"content":{"rendered":"<p>Ho\u015fg\u00f6r\u00fc, insan toplumlar\u0131n\u0131n kal\u0131c\u0131 bir bar\u0131\u015f ve huzur ortam\u0131nda ya\u015fayabilmelerinin \u00f6n\u015fart\u0131d\u0131r. Bu sadece bug\u00fcn b\u00f6yle de\u011fildir. D\u00fcn de b\u00f6yleydi, yar\u0131n da b\u00f6yle kalacakt\u0131r. Ho\u015fg\u00f6r\u00fcn\u00fcn iki temel alan\u0131 vard\u0131r. Birincisi toplumsal ho\u015fg\u00f6r\u00fcd\u00fcr. Toplumsal ho\u015fg\u00f6r\u00fcn\u00fcn sosyolojik bir olgu olarak yerle\u015fmesi zaman al\u0131r. Ho\u015fg\u00f6r\u00fcn\u00fcn ikinci boyutu siyasal alanla, daha do\u011frusu devletin toplumsal hayattaki yeriyle ilgilidir. Toplumlarda ho\u015fg\u00f6r\u00fc probleminin do\u011fmas\u0131na yol a\u00e7an ve ho\u015fg\u00f6r\u00fcn\u00fcn \u00e7\u00f6zmeye y\u00f6neldi\u011fi temel problemlerden biri insanlar\u0131n farkl\u0131 dinlere veya ayn\u0131 dinin de\u011fi\u015fik yorumlar\u0131na inanmalar\u0131ndan kaynaklanmaktad\u0131r. John Locke yakla\u015f\u0131k \u00fc\u00e7y\u00fcz y\u0131l \u00f6nce yazd\u0131\u011f\u0131 bu denemesinde ho\u015fg\u00f6r\u00fc problemini, \u00f6zellikle dini meseleler \u00e7er\u00e7evesinde, enine boyuna tart\u0131\u015fmaktad\u0131r. <\/p>\n","protected":false},"excerpt":{"rendered":"<p>Ho\u015fg\u00f6r\u00fc, insan toplumlar\u0131n\u0131n kal\u0131c\u0131 bir bar\u0131\u015f ve huzur ortam\u0131nda ya\u015fayabilmelerinin \u00f6n\u015fart\u0131d\u0131r. Bu sadece bug\u00fcn b\u00f6yle de\u011fildir. D\u00fcn de b\u00f6yleydi, yar\u0131n da b\u00f6yle kalacakt\u0131r. Ho\u015fg\u00f6r\u00fcn\u00fcn iki temel<span class=\"excerpt-hellip\"> [\u2026]<\/span><\/p>\n","protected":false},"featured_media":0,"template":"","meta":{"_monsterinsights_skip_tracking":false,"_monsterinsights_sitenote_active":false,"_monsterinsights_sitenote_note":"","_monsterinsights_sitenote_category":0},"product_brand":[],"product_cat":[13633,12324],"product_tag":[],"class_list":{"0":"post-690869","1":"product","2":"type-product","3":"status-publish","5":"product_cat-kultur-ve-bilim","6":"product_cat-sosyoloji","7":"pa_cilt-ciltsiz","8":"pa_tur-kitap","9":"pa_yayinevi-liberte-yayinlari","10":"pa_yazar-john-locke","12":"first","13":"instock","14":"sale","15":"shipping-taxable","16":"purchasable","17":"product-type-simple"},"_links":{"self":[{"href":"https:\/\/roveyayinevi.com.tr\/index.php\/wp-json\/wp\/v2\/product\/690869","targetHints":{"allow":["GET"]}}],"collection":[{"href":"https:\/\/roveyayinevi.com.tr\/index.php\/wp-json\/wp\/v2\/product"}],"about":[{"href":"https:\/\/roveyayinevi.com.tr\/index.php\/wp-json\/wp\/v2\/types\/product"}],"wp:attachment":[{"href":"https:\/\/roveyayinevi.com.tr\/index.php\/wp-json\/wp\/v2\/media?parent=690869"}],"wp:term":[{"taxonomy":"product_brand","embeddable":true,"href":"https:\/\/roveyayinevi.com.tr\/index.php\/wp-json\/wp\/v2\/product_brand?post=690869"},{"taxonomy":"product_cat","embeddable":true,"href":"https:\/\/roveyayinevi.com.tr\/index.php\/wp-json\/wp\/v2\/product_cat?post=690869"},{"taxonomy":"product_tag","embeddable":true,"href":"https:\/\/roveyayinevi.com.tr\/index.php\/wp-json\/wp\/v2\/product_tag?post=690869"}],"curies":[{"name":"wp","href":"https:\/\/api.w.org\/{rel}","templated":true}]}}