{"id":690868,"date":"2025-08-27T13:54:34","date_gmt":"2025-08-27T10:54:34","guid":{"rendered":"https:\/\/roveyayinevi.com.tr\/index.php\/urun\/burokrasi\/"},"modified":"2026-04-16T02:00:22","modified_gmt":"2026-04-15T23:00:22","slug":"burokrasi","status":"publish","type":"product","link":"https:\/\/roveyayinevi.com.tr\/index.php\/urun\/burokrasi\/","title":{"rendered":"B\u00fcrokrasi"},"content":{"rendered":"<p>B\u00fcrokrasi\u2019den \u00f6\u011frenece\u011fimiz \u00e7ok \u015fey var.Bunlar aras\u0131nda;\u00b7              fa\u015fizm ve sosyalizmin totalitarizm yaratmada ayn\u0131 yata\u011f\u0131 payla\u015fmalar\u0131, baz\u0131lar\u0131n\u0131n iddias\u0131n\u0131n tersine piyasa ekonomisin fa\u015fizmin panzehiri olmas\u0131, \u00b7              b\u00fcrokrasinin \u00f6zel kesiminden farkl\u0131l\u0131\u011f\u0131n\u0131 yaratan \u015feyin ki\u015filer ve ki\u015filikler de\u011fil motivasyonlar olmas\u0131, \u00b7              sosyalizmin ger\u00e7ekle\u015fmesi imk\u00e2ns\u0131z ve medeniyetin z\u0131dd\u0131 bir teori te\u015fkil etmesi, \u00b7              tenkit ruhunun kaybolmas\u0131n\u0131n medeniyeti tehlikeye d\u00fc\u015f\u00fcrmesi, \u00b7              fikir \u00f6zg\u00fcrl\u00fc\u011f\u00fcn\u00fcn kayboldu\u011fu yerde \u015farlatanlar\u0131n halk\u0131 aldatma imk\u00e2nlar\u0131n\u0131n artmas\u0131 hemen dikkat \u00e7ekenlerdir. <\/p>\n","protected":false},"excerpt":{"rendered":"<p>B\u00fcrokrasi\u2019den \u00f6\u011frenece\u011fimiz \u00e7ok \u015fey var.Bunlar aras\u0131nda;\u00b7 fa\u015fizm ve sosyalizmin totalitarizm yaratmada ayn\u0131 yata\u011f\u0131 payla\u015fmalar\u0131, baz\u0131lar\u0131n\u0131n iddias\u0131n\u0131n tersine piyasa ekonomisin fa\u015fizmin panzehiri olmas\u0131, \u00b7 b\u00fcrokrasinin \u00f6zel kesiminden<span class=\"excerpt-hellip\"> [\u2026]<\/span><\/p>\n","protected":false},"featured_media":0,"template":"","meta":{"_monsterinsights_skip_tracking":false,"_monsterinsights_sitenote_active":false,"_monsterinsights_sitenote_note":"","_monsterinsights_sitenote_category":0},"product_brand":[],"product_cat":[17574,13527],"product_tag":[],"class_list":{"0":"post-690868","1":"product","2":"type-product","3":"status-publish","5":"product_cat-politika","6":"product_cat-sureli-yayinlar","7":"pa_cilt-ciltsiz","8":"pa_tur-kitap","9":"pa_yayinevi-liberte-yayinlari","10":"pa_yazar-ludwig-von-mises","12":"first","13":"instock","14":"sale","15":"shipping-taxable","16":"purchasable","17":"product-type-simple"},"_links":{"self":[{"href":"https:\/\/roveyayinevi.com.tr\/index.php\/wp-json\/wp\/v2\/product\/690868","targetHints":{"allow":["GET"]}}],"collection":[{"href":"https:\/\/roveyayinevi.com.tr\/index.php\/wp-json\/wp\/v2\/product"}],"about":[{"href":"https:\/\/roveyayinevi.com.tr\/index.php\/wp-json\/wp\/v2\/types\/product"}],"wp:attachment":[{"href":"https:\/\/roveyayinevi.com.tr\/index.php\/wp-json\/wp\/v2\/media?parent=690868"}],"wp:term":[{"taxonomy":"product_brand","embeddable":true,"href":"https:\/\/roveyayinevi.com.tr\/index.php\/wp-json\/wp\/v2\/product_brand?post=690868"},{"taxonomy":"product_cat","embeddable":true,"href":"https:\/\/roveyayinevi.com.tr\/index.php\/wp-json\/wp\/v2\/product_cat?post=690868"},{"taxonomy":"product_tag","embeddable":true,"href":"https:\/\/roveyayinevi.com.tr\/index.php\/wp-json\/wp\/v2\/product_tag?post=690868"}],"curies":[{"name":"wp","href":"https:\/\/api.w.org\/{rel}","templated":true}]}}