{"id":690867,"date":"2025-08-27T13:54:34","date_gmt":"2025-08-27T10:54:34","guid":{"rendered":"https:\/\/roveyayinevi.com.tr\/index.php\/urun\/din-ozgurlugu-ve-laisite\/"},"modified":"2026-04-16T02:00:22","modified_gmt":"2026-04-15T23:00:22","slug":"din-ozgurlugu-ve-laisite","status":"publish","type":"product","link":"https:\/\/roveyayinevi.com.tr\/index.php\/urun\/din-ozgurlugu-ve-laisite\/","title":{"rendered":"Din \u00d6zg\u00fcrl\u00fc\u011f\u00fc ve Laisite"},"content":{"rendered":"<p>B\u00fct\u00fcn mill\u00ee devletler kavramlardan mitler yaratarak \u015fanl\u0131 tarihler yazmaya merakl\u0131d\u0131r. Tabu h\u00e2line gelmi\u015f bu mitleri sorgulamak \u00e7o\u011fu zaman cesaret ve bilgelik isteyen zor bir i\u015ftir. T. Jeremy Gunn, Amerika Birle\u015fik devletlerindeki din \u00f6zg\u00fcrl\u00fc\u011f\u00fc uygulamas\u0131 ile Fransa`da laiklik anlay\u0131\u015f\u0131 \u00fczerine yapt\u0131\u011f\u0131 \u00e7arp\u0131c\u0131 \u00e7al\u0131\u015fmas\u0131yla, bizi, sadece bu \u00fclkelerdeki mitleri sorgulamaya de\u011fil ayn\u0131 zamanda kendi tabular\u0131m\u0131zla da y\u00fczle\u015fmeye zorluyor. kurulu\u015f efsanelerinde birle\u015ftirici, bar\u0131\u015f\u00e7\u0131 y\u00f6nlerine at\u0131f yap\u0131lan bu kavramlar\u0131n asl\u0131nda nas\u0131l do\u011fduklar\u0131 ve bug\u00fcn toplumsal ya\u015fant\u0131da nas\u0131l bir \u00e7at\u0131\u015fma unsuruna d\u00f6n\u00fc\u015ft\u00fcr\u00fcld\u00fcklerini ele alan kitap, din \u00f6zg\u00fcrl\u00fc\u011f\u00fc ve laiklik kavramlar\u0131n\u0131n ger\u00e7ekte neye hizmet etmesi gerekti\u011fi y\u00f6n\u00fcnde \u00e7ok g\u00fc\u00e7l\u00fc bir tez ortaya koyuyor. <\/p>\n","protected":false},"excerpt":{"rendered":"<p>B\u00fct\u00fcn mill\u00ee devletler kavramlardan mitler yaratarak \u015fanl\u0131 tarihler yazmaya merakl\u0131d\u0131r. Tabu h\u00e2line gelmi\u015f bu mitleri sorgulamak \u00e7o\u011fu zaman cesaret ve bilgelik isteyen zor bir i\u015ftir. T.<span class=\"excerpt-hellip\"> [\u2026]<\/span><\/p>\n","protected":false},"featured_media":0,"template":"","meta":{"_monsterinsights_skip_tracking":false,"_monsterinsights_sitenote_active":false,"_monsterinsights_sitenote_note":"","_monsterinsights_sitenote_category":0},"product_brand":[],"product_cat":[12351,12324],"product_tag":[],"class_list":{"0":"post-690867","1":"product","2":"type-product","3":"status-publish","5":"product_cat-siyaset-sosyolojisi","6":"product_cat-sosyoloji","7":"pa_cilt-ciltsiz","8":"pa_tur-kitap","9":"pa_yayinevi-liberte-yayinlari","10":"pa_yazar-t-jeremy-gunn","12":"first","13":"instock","14":"sale","15":"shipping-taxable","16":"purchasable","17":"product-type-simple"},"_links":{"self":[{"href":"https:\/\/roveyayinevi.com.tr\/index.php\/wp-json\/wp\/v2\/product\/690867","targetHints":{"allow":["GET"]}}],"collection":[{"href":"https:\/\/roveyayinevi.com.tr\/index.php\/wp-json\/wp\/v2\/product"}],"about":[{"href":"https:\/\/roveyayinevi.com.tr\/index.php\/wp-json\/wp\/v2\/types\/product"}],"wp:attachment":[{"href":"https:\/\/roveyayinevi.com.tr\/index.php\/wp-json\/wp\/v2\/media?parent=690867"}],"wp:term":[{"taxonomy":"product_brand","embeddable":true,"href":"https:\/\/roveyayinevi.com.tr\/index.php\/wp-json\/wp\/v2\/product_brand?post=690867"},{"taxonomy":"product_cat","embeddable":true,"href":"https:\/\/roveyayinevi.com.tr\/index.php\/wp-json\/wp\/v2\/product_cat?post=690867"},{"taxonomy":"product_tag","embeddable":true,"href":"https:\/\/roveyayinevi.com.tr\/index.php\/wp-json\/wp\/v2\/product_tag?post=690867"}],"curies":[{"name":"wp","href":"https:\/\/api.w.org\/{rel}","templated":true}]}}