{"id":690866,"date":"2025-08-27T13:54:33","date_gmt":"2025-08-27T10:54:33","guid":{"rendered":"https:\/\/roveyayinevi.com.tr\/index.php\/urun\/acik-toplum-yazilari\/"},"modified":"2026-04-16T02:00:22","modified_gmt":"2026-04-15T23:00:22","slug":"acik-toplum-yazilari","status":"publish","type":"product","link":"https:\/\/roveyayinevi.com.tr\/index.php\/urun\/acik-toplum-yazilari\/","title":{"rendered":"A\u00e7\u0131k Toplum Yaz\u0131lar\u0131"},"content":{"rendered":"<p>\u0130nsan esrarengiz bir varl\u0131kt\u0131r. De\u011fi\u015fik arzular\u0131, istekleri ve fantezileri vard\u0131r. Sosyal aktivitelerine paralel olarak bu arzu ve fanteziler farkl\u0131la\u015f\u0131r, geli\u015fir ve zenginle\u015fir. Siyasal otorite, alan\u0131n\u0131 geni\u015fletti\u011fi zaman, bireylerin \u00f6zg\u00fcrl\u00fck alan\u0131 daral\u0131r. Alt\u0131ndakileri zapt-u rapt alt\u0131na almak siyasal otoritenin tabiat\u0131ndand\u0131r. Onun beslenme kayna\u011f\u0131, s\u0131n\u0131rlama, daraltma, yasaklama, k\u0131s\u0131tlamad\u0131r. Siyasal otorite bu de\u011ferler \u00fczerinde y\u00fccelir. Siyasal otorite, bu y\u00f6n\u00fcyle, Hobbes`un ifade etti\u011fi gibi, bir Leviathan`dan (canavar) farks\u0131zd\u0131r. \u00dczerimizdeki siyasal otoriteyi geni\u015fletmemiz kendimizi canavar\u0131n merhametine terk etmemiz anlam\u0131na gelir. Canavarla birlikte mutlu olma \u015fans\u0131m\u0131z ne ise, geni\u015f yetkili siyasal otoritelerle birlikte mutlu olma \u015fans\u0131m\u0131z da o kadard\u0131r. <\/p>\n","protected":false},"excerpt":{"rendered":"<p>\u0130nsan esrarengiz bir varl\u0131kt\u0131r. De\u011fi\u015fik arzular\u0131, istekleri ve fantezileri vard\u0131r. Sosyal aktivitelerine paralel olarak bu arzu ve fanteziler farkl\u0131la\u015f\u0131r, geli\u015fir ve zenginle\u015fir. Siyasal otorite, alan\u0131n\u0131 geni\u015fletti\u011fi<span class=\"excerpt-hellip\"> [\u2026]<\/span><\/p>\n","protected":false},"featured_media":0,"template":"","meta":{"_monsterinsights_skip_tracking":false,"_monsterinsights_sitenote_active":false,"_monsterinsights_sitenote_note":"","_monsterinsights_sitenote_category":0},"product_brand":[],"product_cat":[12351,12324],"product_tag":[],"class_list":{"0":"post-690866","1":"product","2":"type-product","3":"status-publish","5":"product_cat-siyaset-sosyolojisi","6":"product_cat-sosyoloji","7":"pa_cilt-ciltsiz","8":"pa_tur-kitap","9":"pa_yayinevi-liberte-yayinlari","10":"pa_yazar-omer-caha","12":"first","13":"instock","14":"sale","15":"shipping-taxable","16":"purchasable","17":"product-type-simple"},"_links":{"self":[{"href":"https:\/\/roveyayinevi.com.tr\/index.php\/wp-json\/wp\/v2\/product\/690866","targetHints":{"allow":["GET"]}}],"collection":[{"href":"https:\/\/roveyayinevi.com.tr\/index.php\/wp-json\/wp\/v2\/product"}],"about":[{"href":"https:\/\/roveyayinevi.com.tr\/index.php\/wp-json\/wp\/v2\/types\/product"}],"wp:attachment":[{"href":"https:\/\/roveyayinevi.com.tr\/index.php\/wp-json\/wp\/v2\/media?parent=690866"}],"wp:term":[{"taxonomy":"product_brand","embeddable":true,"href":"https:\/\/roveyayinevi.com.tr\/index.php\/wp-json\/wp\/v2\/product_brand?post=690866"},{"taxonomy":"product_cat","embeddable":true,"href":"https:\/\/roveyayinevi.com.tr\/index.php\/wp-json\/wp\/v2\/product_cat?post=690866"},{"taxonomy":"product_tag","embeddable":true,"href":"https:\/\/roveyayinevi.com.tr\/index.php\/wp-json\/wp\/v2\/product_tag?post=690866"}],"curies":[{"name":"wp","href":"https:\/\/api.w.org\/{rel}","templated":true}]}}