{"id":690863,"date":"2025-08-27T13:54:33","date_gmt":"2025-08-27T10:54:33","guid":{"rendered":"https:\/\/roveyayinevi.com.tr\/index.php\/urun\/acik-toplum-ve-dusmanlari\/"},"modified":"2026-04-16T02:00:21","modified_gmt":"2026-04-15T23:00:21","slug":"acik-toplum-ve-dusmanlari","status":"publish","type":"product","link":"https:\/\/roveyayinevi.com.tr\/index.php\/urun\/acik-toplum-ve-dusmanlari\/","title":{"rendered":"A\u00e7\u0131k Toplum ve D\u00fc\u015fmanlar\u0131"},"content":{"rendered":"<p>Birinci D\u00fcnya Sava\u015f\u0131 s\u0131ras\u0131nda siyas\u00ee s\u00fcrg\u00fcnde yaz\u0131lan ve ilk kez 1945 y\u0131l\u0131nda bas\u0131lan A\u00e7\u0131k Toplum ve D\u00fc\u015fmanlar\u0131, 20. Y\u00fczy\u0131l&#8217;\u0131n en etkili kitaplar\u0131ndan biridir. Bertrand Russell&#8217;\u0131n &#8220;demokrasinin kuvvetli ve derin bir savunusu&#8221; diyerek selamlad\u0131\u011f\u0131 bu esere, Platon, Hegel ve Marx&#8217;\u0131n felsefelerinin merkezden pl\u00e2nlanm\u0131\u015f siyas\u00ee sistemlerinde m\u00fcndemi\u00e7 olan tehlikeleri a\u00e7\u0131\u011fa \u00e7\u0131karan efsanev\u00ee bir sald\u0131r\u0131d\u0131r. Popper&#8217;\u0131n olduk\u00e7a kolay kavranabilir \u00fcsl\u00fbbu, bilgeli\u011fi, b\u00fcy\u00fck filozoflar\u0131n fikirlerinin berrak a\u00e7\u0131klamalar\u0131 ve g\u00fcn\u00fcm\u00fczde d\u00fcnya genelinde totaliter sistemlerin yeniden dirilmeleri, A\u00e7\u0131k Toplum ve D\u00fc\u015fmanlar\u0131&#8217;n\u0131n h\u00e2l\u00e2 devam eden pop\u00fclaritesini a\u00e7\u0131klayan \u00fc\u00e7 sebeptir.<\/p>\n","protected":false},"excerpt":{"rendered":"<p>Birinci D\u00fcnya Sava\u015f\u0131 s\u0131ras\u0131nda siyas\u00ee s\u00fcrg\u00fcnde yaz\u0131lan ve ilk kez 1945 y\u0131l\u0131nda bas\u0131lan A\u00e7\u0131k Toplum ve D\u00fc\u015fmanlar\u0131, 20. Y\u00fczy\u0131l&#8217;\u0131n en etkili kitaplar\u0131ndan biridir. Bertrand Russell&#8217;\u0131n &#8220;demokrasinin<span class=\"excerpt-hellip\"> [\u2026]<\/span><\/p>\n","protected":false},"featured_media":0,"template":"","meta":{"_monsterinsights_skip_tracking":false,"_monsterinsights_sitenote_active":false,"_monsterinsights_sitenote_note":"","_monsterinsights_sitenote_category":0},"product_brand":[],"product_cat":[16038,12388],"product_tag":[],"class_list":{"0":"post-690863","1":"product","2":"type-product","3":"status-publish","5":"product_cat-arastirma-inceleme-referans-felsefe","6":"product_cat-felsefe","7":"pa_cilt-ciltsiz","8":"pa_tur-kitap","9":"pa_yayinevi-liberte-yayinlari","10":"pa_yazar-karl-r-popper","12":"first","13":"instock","14":"sale","15":"shipping-taxable","16":"purchasable","17":"product-type-simple"},"_links":{"self":[{"href":"https:\/\/roveyayinevi.com.tr\/index.php\/wp-json\/wp\/v2\/product\/690863","targetHints":{"allow":["GET"]}}],"collection":[{"href":"https:\/\/roveyayinevi.com.tr\/index.php\/wp-json\/wp\/v2\/product"}],"about":[{"href":"https:\/\/roveyayinevi.com.tr\/index.php\/wp-json\/wp\/v2\/types\/product"}],"wp:attachment":[{"href":"https:\/\/roveyayinevi.com.tr\/index.php\/wp-json\/wp\/v2\/media?parent=690863"}],"wp:term":[{"taxonomy":"product_brand","embeddable":true,"href":"https:\/\/roveyayinevi.com.tr\/index.php\/wp-json\/wp\/v2\/product_brand?post=690863"},{"taxonomy":"product_cat","embeddable":true,"href":"https:\/\/roveyayinevi.com.tr\/index.php\/wp-json\/wp\/v2\/product_cat?post=690863"},{"taxonomy":"product_tag","embeddable":true,"href":"https:\/\/roveyayinevi.com.tr\/index.php\/wp-json\/wp\/v2\/product_tag?post=690863"}],"curies":[{"name":"wp","href":"https:\/\/api.w.org\/{rel}","templated":true}]}}