{"id":690855,"date":"2025-08-27T13:54:31","date_gmt":"2025-08-27T10:54:31","guid":{"rendered":"https:\/\/roveyayinevi.com.tr\/index.php\/urun\/suyun-gizli-mesaji\/"},"modified":"2026-04-16T02:00:21","modified_gmt":"2026-04-15T23:00:21","slug":"suyun-gizli-mesaji","status":"publish","type":"product","link":"https:\/\/roveyayinevi.com.tr\/index.php\/urun\/suyun-gizli-mesaji\/","title":{"rendered":"Suyun Gizli Mesaj\u0131"},"content":{"rendered":"<p>Suyun Gizli Mesaj\u0131, uluslararas\u0131 \u00fcne sahip Japon ara\u015ft\u0131rmac\u0131 Masaru Emoto\u2019nun b\u00fct\u00fcn d\u00fcnyada b\u00fcy\u00fck yank\u0131 uyand\u0131ran su kristalleri foto\u011fraflar\u0131n\u0131 i\u00e7eren s\u0131ra d\u0131\u015f\u0131 kitab\u0131. Su molek\u00fcllerin d\u00fc\u015f\u00fcncelerimizden, duygular\u0131m\u0131zdan ve kulland\u0131\u011f\u0131m\u0131z kelimelerden etkilendi\u011fini bulgulayan Dr. Emoto, suyun, s\u00f6ylenen s\u00f6zlere, hissedilen duygulara, g\u00f6sterilen g\u00f6r\u00fcnt\u00fclere ve dinletilen m\u00fczi\u011fe g\u00f6re nas\u0131l bir de\u011fi\u015fim g\u00f6sterdi\u011fini birbirinden muhte\u015fem su kristali foto\u011fraflar\u0131yla g\u00f6zler \u00f6n\u00fcne seriyor. Hem d\u00fcnyam\u0131z hem de bizler b\u00fcy\u00fck \u00f6l\u00e7\u00fcde sudan olu\u015ftu\u011fumuz i\u00e7in suyun mesaj\u0131 hepimizin bireysel sa\u011fl\u0131\u011f\u0131, do\u011fan\u0131n yenilenmesi ve d\u00fcnya bar\u0131\u015f\u0131 a\u00e7\u0131s\u0131ndan muazzam bir \u00f6nem ta\u015f\u0131yor. Depremden hemen \u00f6nce ve hemen sonra yeralt\u0131 sular\u0131ndan ald\u0131\u011f\u0131 numunelerdeki kristal olu\u015fumlar\u0131n\u0131 inceleyen Dr. Emoto, bu verilerin biriktirilmesi durumunda, su kristali teknolojisinin depremleri \u00f6nceden tespit etmekte kullan\u0131labilece\u011fini de ortaya koyuyor. Y\u00fczy\u0131llar boyunca, insanl\u0131k, yery\u00fcz\u00fcnden s\u00fcrekli \u00e7ald\u0131 ve her seferinde geride \u00e7ok daha kirli bir d\u00fcnya b\u0131rakt\u0131. Ama \u015fimdi su bizimle konu\u015fuyor; su kristalleri arac\u0131l\u0131\u011f\u0131yla, bilmemiz gerekenleri bize s\u00f6yl\u00fcyor. Bug\u00fcnden itibaren yepyeni bir tarih bi\u00e7imlendirmeliyiz. Su, kendimize nas\u0131l bir y\u00f6n belirledi\u011fimizi b\u00fcy\u00fck bir dikkatle izliyor ve kayda ge\u00e7iriyor. Benim tek arzum, suyun b\u00fct\u00fcn insanl\u0131\u011fa verdi\u011fi mesaj\u0131n herkes\u00e7e duyulmas\u0131 ve \u00f6z\u00fcmsenmesi. \ufffcTan\u0131t\u0131m Metni<\/p>\n","protected":false},"excerpt":{"rendered":"<p>Suyun Gizli Mesaj\u0131, uluslararas\u0131 \u00fcne sahip Japon ara\u015ft\u0131rmac\u0131 Masaru Emoto\u2019nun b\u00fct\u00fcn d\u00fcnyada b\u00fcy\u00fck yank\u0131 uyand\u0131ran su kristalleri foto\u011fraflar\u0131n\u0131 i\u00e7eren s\u0131ra d\u0131\u015f\u0131 kitab\u0131. Su molek\u00fcllerin d\u00fc\u015f\u00fcncelerimizden, duygular\u0131m\u0131zdan<span class=\"excerpt-hellip\"> [\u2026]<\/span><\/p>\n","protected":false},"featured_media":0,"template":"","meta":{"_monsterinsights_skip_tracking":false,"_monsterinsights_sitenote_active":false,"_monsterinsights_sitenote_note":"","_monsterinsights_sitenote_category":0},"product_brand":[],"product_cat":[13005,13006],"product_tag":[],"class_list":{"0":"post-690855","1":"product","2":"type-product","3":"status-publish","5":"product_cat-bilim-muhendislik","6":"product_cat-populer-bilim","7":"pa_cilt-ciltsiz","8":"pa_tur-kitap","9":"pa_yayinevi-kuraldisi-yayinevi","10":"pa_yazar-masaru-emoto","12":"first","13":"instock","14":"sale","15":"shipping-taxable","16":"purchasable","17":"product-type-simple"},"_links":{"self":[{"href":"https:\/\/roveyayinevi.com.tr\/index.php\/wp-json\/wp\/v2\/product\/690855","targetHints":{"allow":["GET"]}}],"collection":[{"href":"https:\/\/roveyayinevi.com.tr\/index.php\/wp-json\/wp\/v2\/product"}],"about":[{"href":"https:\/\/roveyayinevi.com.tr\/index.php\/wp-json\/wp\/v2\/types\/product"}],"wp:attachment":[{"href":"https:\/\/roveyayinevi.com.tr\/index.php\/wp-json\/wp\/v2\/media?parent=690855"}],"wp:term":[{"taxonomy":"product_brand","embeddable":true,"href":"https:\/\/roveyayinevi.com.tr\/index.php\/wp-json\/wp\/v2\/product_brand?post=690855"},{"taxonomy":"product_cat","embeddable":true,"href":"https:\/\/roveyayinevi.com.tr\/index.php\/wp-json\/wp\/v2\/product_cat?post=690855"},{"taxonomy":"product_tag","embeddable":true,"href":"https:\/\/roveyayinevi.com.tr\/index.php\/wp-json\/wp\/v2\/product_tag?post=690855"}],"curies":[{"name":"wp","href":"https:\/\/api.w.org\/{rel}","templated":true}]}}