{"id":690849,"date":"2025-08-27T13:54:30","date_gmt":"2025-08-27T10:54:30","guid":{"rendered":"https:\/\/roveyayinevi.com.tr\/index.php\/urun\/turk-tarihinin-ana-hatlari\/"},"modified":"2026-04-16T02:00:21","modified_gmt":"2026-04-15T23:00:21","slug":"turk-tarihinin-ana-hatlari","status":"publish","type":"product","link":"https:\/\/roveyayinevi.com.tr\/index.php\/urun\/turk-tarihinin-ana-hatlari\/","title":{"rendered":"T\u00fcrk Tarihinin Ana Hatlar\u0131"},"content":{"rendered":"<p>T\u00fcrk Tarihinin Ana Hatlar\u0131, Kemalist y\u00f6netimin resmi tarih g\u00f6r\u00fc\u015f\u00fcn\u00fc yans\u0131t\u0131r.Kitap, Atat\u00fcrk\u2019\u00fcn, kendi eliyle d\u00fczeltmeler ve ekler yapmas\u0131ndan sonra, 1930 y\u0131l\u0131nda yaln\u0131z y\u00fcz n\u00fcsha bas\u0131ld\u0131.Toplumumuz bu eseri, 66 y\u0131l sonra ilk kez inceleme olana\u011f\u0131na kavu\u015fuyor.Elinizdeki kitap,Cumhuriyet d\u00f6nemi tarih \u00e7al\u0131\u015fmalar\u0131nda yol g\u00f6sterici say\u0131ld\u0131.Mustafa Kemal ve arkada\u015flar\u0131n\u0131n birinci amac\u0131, \u201cmill\u00ee bir tarih\u201d yazmakt\u0131, ikinci ama\u00e7lar\u0131 ise, Tevrat, \u0130ncil ve Kur\u2019an\u2019da yer alan yarat\u0131l\u0131\u015fa ili\u015fkin g\u00f6r\u00fc\u015fleri \u00e7\u00fcr\u00fctmek ve bilimin verilerini ortaya koymakt\u0131.Kemalist devrimciler, d\u00fcnya uygarl\u0131\u011f\u0131n\u0131 Roma-Atina ekseninde a\u00e7\u0131klayan Avrupa tarih\u00e7ili\u011finin kar\u015f\u0131s\u0131na, Asya-Afrika eksenli bir uygarl\u0131k teziyle \u00e7\u0131kt\u0131lar.Ancak Avrupa merkezlili\u011fin yerini bu kez T\u00fcrk merkezli bir tarih ald\u0131.Kemalist tarih\u00e7ili\u011fin milliyet\u00e7i ve burjuva-demokratik karakteri onun s\u0131n\u0131rlar\u0131n\u0131 da belirledi.T\u00fcrk Tarihinin Ana Hatlar\u0131, tarih kitab\u0131 olman\u0131n \u00f6tesinde, Kemalist Devrim\u2019in ideolojisi \u00fczerine yap\u0131lan \u00e7al\u0131\u015fmalar i\u00e7in temel kaynaklardan biridir; \u00e7ok \u00f6nemli bir belgedir.Do\u011fu Perin\u00e7ek\u2019in sunu\u015f yaz\u0131s\u0131yla. <\/p>\n","protected":false},"excerpt":{"rendered":"<p>T\u00fcrk Tarihinin Ana Hatlar\u0131, Kemalist y\u00f6netimin resmi tarih g\u00f6r\u00fc\u015f\u00fcn\u00fc yans\u0131t\u0131r.Kitap, Atat\u00fcrk\u2019\u00fcn, kendi eliyle d\u00fczeltmeler ve ekler yapmas\u0131ndan sonra, 1930 y\u0131l\u0131nda yaln\u0131z y\u00fcz n\u00fcsha bas\u0131ld\u0131.Toplumumuz bu eseri,<span class=\"excerpt-hellip\"> [\u2026]<\/span><\/p>\n","protected":false},"featured_media":0,"template":"","meta":{"_monsterinsights_skip_tracking":false,"_monsterinsights_sitenote_active":false,"_monsterinsights_sitenote_note":"","_monsterinsights_sitenote_category":0},"product_brand":[],"product_cat":[12312,12304],"product_tag":[],"class_list":{"0":"post-690849","1":"product","2":"type-product","3":"status-publish","5":"product_cat-diger","6":"product_cat-tarih","7":"pa_tur-kitap","8":"pa_yayinevi-kaynak-yayinlari","9":"pa_yazar-kolektif","11":"first","12":"instock","13":"sale","14":"shipping-taxable","15":"purchasable","16":"product-type-simple"},"_links":{"self":[{"href":"https:\/\/roveyayinevi.com.tr\/index.php\/wp-json\/wp\/v2\/product\/690849","targetHints":{"allow":["GET"]}}],"collection":[{"href":"https:\/\/roveyayinevi.com.tr\/index.php\/wp-json\/wp\/v2\/product"}],"about":[{"href":"https:\/\/roveyayinevi.com.tr\/index.php\/wp-json\/wp\/v2\/types\/product"}],"wp:attachment":[{"href":"https:\/\/roveyayinevi.com.tr\/index.php\/wp-json\/wp\/v2\/media?parent=690849"}],"wp:term":[{"taxonomy":"product_brand","embeddable":true,"href":"https:\/\/roveyayinevi.com.tr\/index.php\/wp-json\/wp\/v2\/product_brand?post=690849"},{"taxonomy":"product_cat","embeddable":true,"href":"https:\/\/roveyayinevi.com.tr\/index.php\/wp-json\/wp\/v2\/product_cat?post=690849"},{"taxonomy":"product_tag","embeddable":true,"href":"https:\/\/roveyayinevi.com.tr\/index.php\/wp-json\/wp\/v2\/product_tag?post=690849"}],"curies":[{"name":"wp","href":"https:\/\/api.w.org\/{rel}","templated":true}]}}