{"id":690846,"date":"2025-08-27T13:54:30","date_gmt":"2025-08-27T10:54:30","guid":{"rendered":"https:\/\/roveyayinevi.com.tr\/index.php\/urun\/turk-ihtilalinde-vatan-mudafaasi\/"},"modified":"2026-04-16T02:00:21","modified_gmt":"2026-04-15T23:00:21","slug":"turk-ihtilalinde-vatan-mudafaasi","status":"publish","type":"product","link":"https:\/\/roveyayinevi.com.tr\/index.php\/urun\/turk-ihtilalinde-vatan-mudafaasi\/","title":{"rendered":"T\u00fcrk \u0130htilali\u2019nde Vatan M\u00fcdafaas\u0131"},"content":{"rendered":"<p>Kemalist Devrim\u2019in kurmay kadrosu ve d\u00fc\u015f\u00fcn\u00fcrleri aras\u0131nda se\u00e7kin bir yeri olan Mahmut Esat Bozkurt, Atat\u00fcrk\u2019\u00fcn \u00f6nerisiyle, 1934\u2019te \u00fcniversite gen\u00e7li\u011fine T\u00fcrk devrimini anlatmak \u00fczere \u0130stanbul ve Ankara \u00dcniversitelerinde \u0130nk\u0131lap Tarihi Dersleri verdi. Bu k\u00fcrs\u00fc   ink\u0131lap a\u015fk\u0131 ve iman\u0131n\u0131n k\u00fcrs\u00fcs\u00fc oldu. B\u00fct\u00fcn fak\u00fcltelerin son s\u0131n\u0131f \u00f6\u011frencilerine zorunlu olan derste, her talebe ancak orada bir s\u0131nav ge\u00e7irdikten sonra diploma almay\u0131 vazife ve \u015feref bildi. <\/p>\n","protected":false},"excerpt":{"rendered":"<p>Kemalist Devrim\u2019in kurmay kadrosu ve d\u00fc\u015f\u00fcn\u00fcrleri aras\u0131nda se\u00e7kin bir yeri olan Mahmut Esat Bozkurt, Atat\u00fcrk\u2019\u00fcn \u00f6nerisiyle, 1934\u2019te \u00fcniversite gen\u00e7li\u011fine T\u00fcrk devrimini anlatmak \u00fczere \u0130stanbul ve Ankara<span class=\"excerpt-hellip\"> [\u2026]<\/span><\/p>\n","protected":false},"featured_media":0,"template":"","meta":{"_monsterinsights_skip_tracking":false,"_monsterinsights_sitenote_active":false,"_monsterinsights_sitenote_note":"","_monsterinsights_sitenote_category":0},"product_brand":[],"product_cat":[12304,13493],"product_tag":[],"class_list":{"0":"post-690846","1":"product","2":"type-product","3":"status-publish","5":"product_cat-tarih","6":"product_cat-turkiye-ve-cumhuriyet-tarihi","7":"pa_tur-kitap","8":"pa_yayinevi-kaynak-yayinlari","9":"pa_yazar-mahmut-esat-bozkurt","11":"first","12":"instock","13":"sale","14":"shipping-taxable","15":"purchasable","16":"product-type-simple"},"_links":{"self":[{"href":"https:\/\/roveyayinevi.com.tr\/index.php\/wp-json\/wp\/v2\/product\/690846","targetHints":{"allow":["GET"]}}],"collection":[{"href":"https:\/\/roveyayinevi.com.tr\/index.php\/wp-json\/wp\/v2\/product"}],"about":[{"href":"https:\/\/roveyayinevi.com.tr\/index.php\/wp-json\/wp\/v2\/types\/product"}],"wp:attachment":[{"href":"https:\/\/roveyayinevi.com.tr\/index.php\/wp-json\/wp\/v2\/media?parent=690846"}],"wp:term":[{"taxonomy":"product_brand","embeddable":true,"href":"https:\/\/roveyayinevi.com.tr\/index.php\/wp-json\/wp\/v2\/product_brand?post=690846"},{"taxonomy":"product_cat","embeddable":true,"href":"https:\/\/roveyayinevi.com.tr\/index.php\/wp-json\/wp\/v2\/product_cat?post=690846"},{"taxonomy":"product_tag","embeddable":true,"href":"https:\/\/roveyayinevi.com.tr\/index.php\/wp-json\/wp\/v2\/product_tag?post=690846"}],"curies":[{"name":"wp","href":"https:\/\/api.w.org\/{rel}","templated":true}]}}