{"id":690845,"date":"2025-08-27T13:54:30","date_gmt":"2025-08-27T10:54:30","guid":{"rendered":"https:\/\/roveyayinevi.com.tr\/index.php\/urun\/yolculuk\/"},"modified":"2026-04-16T02:00:21","modified_gmt":"2026-04-15T23:00:21","slug":"yolculuk","status":"publish","type":"product","link":"https:\/\/roveyayinevi.com.tr\/index.php\/urun\/yolculuk\/","title":{"rendered":"Yolculuk"},"content":{"rendered":"<p>Korku, kayg\u0131 ya da stres i\u00e7inizi kemiriyorsa Hi\u00e7bir \u015fey yapamadan donakal\u0131yor ya da etkili ve net davran\u0131\u015flar sergilemiyorsan\u0131z Duygusal karma\u015fadan kurtulam\u0131yor ya da ge\u00e7mi\u015fe tak\u0131l\u0131p kal\u0131yorsan\u0131z Bunal\u0131mdaysan\u0131z; ama\u00e7s\u0131z, bo\u015flukta hissediyor ya da hayattan tat alam\u0131yorsan\u0131z. \u00d6nemli bir hastal\u0131kla m\u00fccadele ediyorsan\u0131z ya da kronik hale gelmi\u015f fiziksel bir rahats\u0131zl\u0131\u011f\u0131n\u0131z varsa Yolculu\u011fa Haz\u0131rs\u0131n\u0131z! On y\u0131l kadar \u00f6nce Brandon Bays&#8217;in karn\u0131nda kanserli bir t\u00fcm\u00f6r te\u015fhis edilir; basket topu b\u00fcy\u00fckl\u00fc\u011f\u00fcnde ve i\u00e7 kanamaya sebep olan bir t\u00fcm\u00f6r. Doktor, acilen ameliyata almak ister. Ancak alternatif sa\u011falt\u0131m ve bireysel geli\u015fim konular\u0131na y\u0131llar\u0131n\u0131 vermi\u015f olan yazar ameliyata yana\u015fmaz; doktorunu ameliyat\u0131 \u00f6telemeye ikna eder ama tek ko\u015fulla; bildi\u011fi do\u011fal yollardan t\u00fcm\u00f6r\u00fc k\u00fc\u00e7\u00fcltmeyi ba\u015far\u0131rsa. Gev\u015feme tekniklerini ve homeopatik t\u0131bb\u0131 iyi tan\u0131yan Bays hemen i\u015fe koyulur; beslenme d\u00fczeninde radikal bir de\u011fi\u015fime gider; fiziksel ve duygusal \u00e7e\u015fitli terapilere ba\u015flar. Mucizevi bir \u015fekilde birka\u00e7 hafta i\u00e7inde t\u00fcm\u00f6r yok olur. Bu inan\u0131lmaz iyile\u015fme Brandon Bays&#8217;i kendi duygusal ve bedensel \u015fifa yolculu\u011funu ba\u015fkalar\u0131na da \u00f6\u011fretip uygulamaya te\u015fvik eder.<\/p>\n","protected":false},"excerpt":{"rendered":"<p>Korku, kayg\u0131 ya da stres i\u00e7inizi kemiriyorsa Hi\u00e7bir \u015fey yapamadan donakal\u0131yor ya da etkili ve net davran\u0131\u015flar sergilemiyorsan\u0131z Duygusal karma\u015fadan kurtulam\u0131yor ya da ge\u00e7mi\u015fe tak\u0131l\u0131p kal\u0131yorsan\u0131z<span class=\"excerpt-hellip\"> [\u2026]<\/span><\/p>\n","protected":false},"featured_media":0,"template":"","meta":{"_monsterinsights_skip_tracking":false,"_monsterinsights_sitenote_active":false,"_monsterinsights_sitenote_note":"","_monsterinsights_sitenote_category":0},"product_brand":[],"product_cat":[13397,13365],"product_tag":[],"class_list":{"0":"post-690845","1":"product","2":"type-product","3":"status-publish","5":"product_cat-alternatif-tip-sifali-bitkiler","6":"product_cat-saglik","7":"pa_cilt-ciltsiz","8":"pa_tur-kitap","9":"pa_yayinevi-kuraldisi-yayinevi","10":"pa_yazar-brandon-bays","12":"first","13":"instock","14":"sale","15":"shipping-taxable","16":"purchasable","17":"product-type-simple"},"_links":{"self":[{"href":"https:\/\/roveyayinevi.com.tr\/index.php\/wp-json\/wp\/v2\/product\/690845","targetHints":{"allow":["GET"]}}],"collection":[{"href":"https:\/\/roveyayinevi.com.tr\/index.php\/wp-json\/wp\/v2\/product"}],"about":[{"href":"https:\/\/roveyayinevi.com.tr\/index.php\/wp-json\/wp\/v2\/types\/product"}],"wp:attachment":[{"href":"https:\/\/roveyayinevi.com.tr\/index.php\/wp-json\/wp\/v2\/media?parent=690845"}],"wp:term":[{"taxonomy":"product_brand","embeddable":true,"href":"https:\/\/roveyayinevi.com.tr\/index.php\/wp-json\/wp\/v2\/product_brand?post=690845"},{"taxonomy":"product_cat","embeddable":true,"href":"https:\/\/roveyayinevi.com.tr\/index.php\/wp-json\/wp\/v2\/product_cat?post=690845"},{"taxonomy":"product_tag","embeddable":true,"href":"https:\/\/roveyayinevi.com.tr\/index.php\/wp-json\/wp\/v2\/product_tag?post=690845"}],"curies":[{"name":"wp","href":"https:\/\/api.w.org\/{rel}","templated":true}]}}