{"id":690840,"date":"2025-08-27T13:54:29","date_gmt":"2025-08-27T10:54:29","guid":{"rendered":"https:\/\/roveyayinevi.com.tr\/index.php\/urun\/kutsal-kitaplarin-kaynaklari-1-2-3\/"},"modified":"2026-04-16T02:00:21","modified_gmt":"2026-04-15T23:00:21","slug":"kutsal-kitaplarin-kaynaklari-1-2-3","status":"publish","type":"product","link":"https:\/\/roveyayinevi.com.tr\/index.php\/urun\/kutsal-kitaplarin-kaynaklari-1-2-3\/","title":{"rendered":"Kutsal Kitaplar\u0131n Kaynaklar\u0131 1-2-3"},"content":{"rendered":"<p>Turan Dursun\u2019un \u00fczerinde y\u0131llarca \u00e7al\u0131\u015ft\u0131\u011f\u0131 ve b\u00fcy\u00fck \u00f6nem verdi\u011fi, daha \u00f6nce Kutsal Kitaplar\u0131n Kaynaklar\u0131 I, II, III ad\u0131yla \u00fc\u00e7 kitap olarak yay\u0131mlad\u0131\u011f\u0131m\u0131z eserini, bu kez tek bir ciltte b\u00fcy\u00fck boy olarak, yeniden g\u00f6zden ge\u00e7irilmi\u015f ve dizin eklenmi\u015f haliyle okuyucular\u0131m\u0131za sunuyoruz. Cilt i\u00e7erisinde yer alan birinci kitapta; Korku ve Efendi Baba Tanr\u0131, ikinci kitapta; Peygamberlik, \u00fc\u00e7\u00fcnc\u00fc kitapta; Mucize ve Ger\u00e7ek konular\u0131 inceleniyor. Kutsal Kitaplar\u0131n Kaynaklar\u0131, Turan Dursun\u2019un \u00f6l\u00fcms\u00fczl\u00fc\u011f\u00fcn\u00fcn m\u00fchr\u00fcd\u00fcr. \ufffcTan\u0131t\u0131m Metni<\/p>\n","protected":false},"excerpt":{"rendered":"<p>Turan Dursun\u2019un \u00fczerinde y\u0131llarca \u00e7al\u0131\u015ft\u0131\u011f\u0131 ve b\u00fcy\u00fck \u00f6nem verdi\u011fi, daha \u00f6nce Kutsal Kitaplar\u0131n Kaynaklar\u0131 I, II, III ad\u0131yla \u00fc\u00e7 kitap olarak yay\u0131mlad\u0131\u011f\u0131m\u0131z eserini, bu kez tek<span class=\"excerpt-hellip\"> [\u2026]<\/span><\/p>\n","protected":false},"featured_media":0,"template":"","meta":{"_monsterinsights_skip_tracking":false,"_monsterinsights_sitenote_active":false,"_monsterinsights_sitenote_note":"","_monsterinsights_sitenote_category":0},"product_brand":[],"product_cat":[13036,12718,12719],"product_tag":[],"class_list":{"0":"post-690840","1":"product","2":"type-product","3":"status-publish","5":"product_cat-arastirma-inceleme-islam","6":"product_cat-din","7":"product_cat-islam","8":"pa_tur-kitap","9":"pa_yayinevi-kaynak-yayinlari","10":"pa_yazar-turan-dursun","12":"first","13":"instock","14":"sale","15":"shipping-taxable","16":"purchasable","17":"product-type-simple"},"_links":{"self":[{"href":"https:\/\/roveyayinevi.com.tr\/index.php\/wp-json\/wp\/v2\/product\/690840","targetHints":{"allow":["GET"]}}],"collection":[{"href":"https:\/\/roveyayinevi.com.tr\/index.php\/wp-json\/wp\/v2\/product"}],"about":[{"href":"https:\/\/roveyayinevi.com.tr\/index.php\/wp-json\/wp\/v2\/types\/product"}],"wp:attachment":[{"href":"https:\/\/roveyayinevi.com.tr\/index.php\/wp-json\/wp\/v2\/media?parent=690840"}],"wp:term":[{"taxonomy":"product_brand","embeddable":true,"href":"https:\/\/roveyayinevi.com.tr\/index.php\/wp-json\/wp\/v2\/product_brand?post=690840"},{"taxonomy":"product_cat","embeddable":true,"href":"https:\/\/roveyayinevi.com.tr\/index.php\/wp-json\/wp\/v2\/product_cat?post=690840"},{"taxonomy":"product_tag","embeddable":true,"href":"https:\/\/roveyayinevi.com.tr\/index.php\/wp-json\/wp\/v2\/product_tag?post=690840"}],"curies":[{"name":"wp","href":"https:\/\/api.w.org\/{rel}","templated":true}]}}