{"id":690836,"date":"2025-08-27T13:54:28","date_gmt":"2025-08-27T10:54:28","guid":{"rendered":"https:\/\/roveyayinevi.com.tr\/index.php\/urun\/kuran-incil-ve-tevratin-sumerdeki-kokeni\/"},"modified":"2026-04-16T02:00:21","modified_gmt":"2026-04-15T23:00:21","slug":"kuran-incil-ve-tevratin-sumerdeki-kokeni","status":"publish","type":"product","link":"https:\/\/roveyayinevi.com.tr\/index.php\/urun\/kuran-incil-ve-tevratin-sumerdeki-kokeni\/","title":{"rendered":"Kur\u2019an \u0130ncil ve Tevrat\u2019\u0131n Sumer\u2019deki K\u00f6keni"},"content":{"rendered":"<p>Muazzez \u0130lmiye \u00c7\u0131\u011f, 1914 yl\u0131nda Bursa\u2019da do\u011fdu. 1931\u2019de \u0130lkokul \u00f6\u011fretmeni oldu ve Eski\u015fehir\u2019de 4,5 y\u0131l \u00f6\u011fretmen olarak \u00e7al\u0131\u015ft\u0131. 1936\u2019da, yeni a\u00e7\u0131lan Ankara Dil ve Tarih Co\u011frafya Fak\u00fcltesi\u2019ne girdi. Fak\u00fcltenin Sumeroloji Hititoloji ve Arkeoloji b\u00f6l\u00fcmlerindeki e\u011fitimini 1940 y\u0131l\u0131nda tamamlayan \u00c7\u0131\u011f, \u0130stanbul Arkeoloji M\u00fczelerine \u00c7iviyaz\u0131lar\u0131 uzman\u0131 olarak atand\u0131. M\u00fczede bulunan Sumer, Akad, Hitit dillerinde yaz\u0131lm\u0131\u015f 74 bin \u00e7iviyaz\u0131l\u0131 belge \u00fczerinde 33 y\u0131l \u00e7al\u0131\u015ft\u0131ktan sonra emekli oldu. Yurti\u00e7inde ve yurtd\u0131\u015f\u0131nda \u00e7ok say\u0131da bilimsel kitab\u0131, makalesi yay\u0131mland\u0131. Muazzez \u0130lmiye \u00c7\u0131\u011f, Sumer k\u00fclt\u00fcr\u00fc \u00fczerindeki \u00e7al\u0131\u015fmalar\u0131n\u0131 bug\u00fcnde s\u00fcrd\u00fcr\u00fcyor. Yazar bu kitapta, Sumer dini ve edebiyat\u0131ndan Yahudilik, Hrsitiyanl\u0131k ve M\u00fcsl\u00fcmanl\u0131\u011fa; bu dinlerin kutsal kitaplar\u0131na ula\u015fan etkileri ve konular\u0131, belgeleriyle ve kar\u015f\u0131la\u015ft\u0131rmal\u0131 olarak sunulmaktad\u0131r. Sumerliler, bu dinlerin \u00e7\u0131k\u0131\u015f\u0131ndan y\u00fczlerce hatta binlerce y\u0131l \u00f6nce, siyasal ya\u015famlar\u0131n\u0131 yitirmi\u015flerdi. Ancak, Sumerliler, icat ettikleri ve istenileni yazacak bi\u00e7imde geli\u015ftirdikleri yaz\u0131lar\u0131yla, Ortado\u011fu kavimlerini etkileri alt\u0131na alm\u0131\u015flar ve bu etki Bat\u0131 d\u00fcnyas\u0131na kadar uzanm\u0131\u015ft\u0131r.<\/p>\n","protected":false},"excerpt":{"rendered":"<p>Muazzez \u0130lmiye \u00c7\u0131\u011f, 1914 yl\u0131nda Bursa\u2019da do\u011fdu. 1931\u2019de \u0130lkokul \u00f6\u011fretmeni oldu ve Eski\u015fehir\u2019de 4,5 y\u0131l \u00f6\u011fretmen olarak \u00e7al\u0131\u015ft\u0131. 1936\u2019da, yeni a\u00e7\u0131lan Ankara Dil ve Tarih Co\u011frafya<span class=\"excerpt-hellip\"> [\u2026]<\/span><\/p>\n","protected":false},"featured_media":0,"template":"","meta":{"_monsterinsights_skip_tracking":false,"_monsterinsights_sitenote_active":false,"_monsterinsights_sitenote_note":"","_monsterinsights_sitenote_category":0},"product_brand":[],"product_cat":[12312,12304],"product_tag":[],"class_list":{"0":"post-690836","1":"product","2":"type-product","3":"status-publish","5":"product_cat-diger","6":"product_cat-tarih","7":"pa_cilt-ciltsiz","8":"pa_tur-kitap","9":"pa_yayinevi-kaynak-yayinlari","10":"pa_yazar-muazzez-ilmiye-cig","12":"first","13":"instock","14":"sale","15":"shipping-taxable","16":"purchasable","17":"product-type-simple"},"_links":{"self":[{"href":"https:\/\/roveyayinevi.com.tr\/index.php\/wp-json\/wp\/v2\/product\/690836","targetHints":{"allow":["GET"]}}],"collection":[{"href":"https:\/\/roveyayinevi.com.tr\/index.php\/wp-json\/wp\/v2\/product"}],"about":[{"href":"https:\/\/roveyayinevi.com.tr\/index.php\/wp-json\/wp\/v2\/types\/product"}],"wp:attachment":[{"href":"https:\/\/roveyayinevi.com.tr\/index.php\/wp-json\/wp\/v2\/media?parent=690836"}],"wp:term":[{"taxonomy":"product_brand","embeddable":true,"href":"https:\/\/roveyayinevi.com.tr\/index.php\/wp-json\/wp\/v2\/product_brand?post=690836"},{"taxonomy":"product_cat","embeddable":true,"href":"https:\/\/roveyayinevi.com.tr\/index.php\/wp-json\/wp\/v2\/product_cat?post=690836"},{"taxonomy":"product_tag","embeddable":true,"href":"https:\/\/roveyayinevi.com.tr\/index.php\/wp-json\/wp\/v2\/product_tag?post=690836"}],"curies":[{"name":"wp","href":"https:\/\/api.w.org\/{rel}","templated":true}]}}