{"id":690835,"date":"2025-08-27T13:53:42","date_gmt":"2025-08-27T10:53:42","guid":{"rendered":"https:\/\/roveyayinevi.com.tr\/index.php\/urun\/fet-hullah-g-ulenin-konusmalari-ve-pensilvanya-ifadesi\/"},"modified":"2026-04-12T02:00:41","modified_gmt":"2026-04-11T23:00:41","slug":"fet-hullah-g-ulenin-konusmalari-ve-pensilvanya-ifadesi","status":"publish","type":"product","link":"https:\/\/roveyayinevi.com.tr\/index.php\/urun\/fet-hullah-g-ulenin-konusmalari-ve-pensilvanya-ifadesi\/","title":{"rendered":"Fet hullah G \u00fclen\u2019in Konu\u015fmalar\u0131 ve Pensilvanya \u0130fadesi"},"content":{"rendered":"<p>Fet*hullah G \u00fclen\u2019in cemaat \u00fcyelerine yapt\u0131\u011f\u0131 gizli konu\u015fmalar\u0131n ses kay\u0131tlar\u0131 savc\u0131lar taraf\u0131ndan \u00e7\u00f6z\u00fcl\u00fcp mahkeme dosyalar\u0131na oradan da bu kitaba al\u0131nm\u0131\u015ft\u0131r. Bu kay\u0131tlarda yer alan baz\u0131 ifadeler: Halk Partisi\u2019nin yapt\u0131\u011f\u0131 k\u00f6t\u00fcl\u00fc\u011f\u00fc tahmin etmeniz m\u00fcmk\u00fcn de\u011fil&#8230; Halk Partisi kuruldu\u011fu zaman 11 ya\u015f\u0131ndayd\u0131m. \u00c7ok fazla bilmem. Ama benim g\u00f6rd\u00fcklerim bile 300 sayfal\u0131k kitap yazar, o zul\u00fcm d\u00f6nemine ait&#8230; Bug\u00fcn bence, SHP, DYP, DSP, canlar\u0131 cehenneme&#8230; 80 seneden beri amans\u0131zca, hatta bu d\u00f6nem itibariyle imans\u0131zca da diyebiliriz, dinle diyanetle u\u011fra\u015f\u0131yorlar. B\u00fct\u00fcn anayasal m\u00fcesseselerdeki g\u00fc\u00e7 ve kuvveti cephemize \u00e7ekece\u011fimiz ana kadar her ad\u0131m erken say\u0131l\u0131r&#8230; D\u00fc\u015f\u00fcncemi mahremiyet i\u00e7inde anlatt\u0131m. Ancak sizin mahremiyete sad\u0131k duygular\u0131n\u0131za s\u0131\u011f\u0131narak anlatt\u0131m. D\u00f6n\u00fcp \u0131\u015f\u0131k evleri, \u0131\u015f\u0131k kompleksleri deyip, \u00fczerinde fazla durmayaca\u011f\u0131m. Madem ki sizler o evlerde imamlars\u0131n\u0131z, o evler bir medrese gibi i\u015fleyecek. (&#8230;) Orada \u00f6r\u00fcmcek sabr\u0131yla a\u011f\u0131m\u0131z\u0131 o g\u00fcn i\u00e7ine d\u00fc\u015fecek insanlar\u0131 bekleme, d\u00fc\u015fenlere bir \u015feyler anlatma, onlara dirilmeye giden yollar\u0131 g\u00f6sterme \u015feklinde a\u011f kurup bekleme&#8230; (Ankara DGM Ba\u015fsavc\u0131l\u0131\u011f\u0131\u2019nda bulunan bant \u00e7\u00f6z\u00fcm\u00fcnden) <\/p>\n","protected":false},"excerpt":{"rendered":"<p>Fet*hullah G \u00fclen\u2019in cemaat \u00fcyelerine yapt\u0131\u011f\u0131 gizli konu\u015fmalar\u0131n ses kay\u0131tlar\u0131 savc\u0131lar taraf\u0131ndan \u00e7\u00f6z\u00fcl\u00fcp mahkeme dosyalar\u0131na oradan da bu kitaba al\u0131nm\u0131\u015ft\u0131r. Bu kay\u0131tlarda yer alan baz\u0131 ifadeler:<span class=\"excerpt-hellip\"> [\u2026]<\/span><\/p>\n","protected":false},"featured_media":0,"template":"","meta":{"_monsterinsights_skip_tracking":false,"_monsterinsights_sitenote_active":false,"_monsterinsights_sitenote_note":"","_monsterinsights_sitenote_category":0},"product_brand":[],"product_cat":[16058,12337],"product_tag":[],"class_list":{"0":"post-690835","1":"product","2":"type-product","3":"status-publish","5":"product_cat-kurumlar-orgutler","6":"product_cat-politika-siyaset","7":"pa_tur-kitap","8":"pa_yayinevi-kaynak-yayinlari","9":"pa_yazar-nusret-senem","11":"first","12":"instock","13":"sale","14":"shipping-taxable","15":"purchasable","16":"product-type-simple"},"_links":{"self":[{"href":"https:\/\/roveyayinevi.com.tr\/index.php\/wp-json\/wp\/v2\/product\/690835","targetHints":{"allow":["GET"]}}],"collection":[{"href":"https:\/\/roveyayinevi.com.tr\/index.php\/wp-json\/wp\/v2\/product"}],"about":[{"href":"https:\/\/roveyayinevi.com.tr\/index.php\/wp-json\/wp\/v2\/types\/product"}],"wp:attachment":[{"href":"https:\/\/roveyayinevi.com.tr\/index.php\/wp-json\/wp\/v2\/media?parent=690835"}],"wp:term":[{"taxonomy":"product_brand","embeddable":true,"href":"https:\/\/roveyayinevi.com.tr\/index.php\/wp-json\/wp\/v2\/product_brand?post=690835"},{"taxonomy":"product_cat","embeddable":true,"href":"https:\/\/roveyayinevi.com.tr\/index.php\/wp-json\/wp\/v2\/product_cat?post=690835"},{"taxonomy":"product_tag","embeddable":true,"href":"https:\/\/roveyayinevi.com.tr\/index.php\/wp-json\/wp\/v2\/product_tag?post=690835"}],"curies":[{"name":"wp","href":"https:\/\/api.w.org\/{rel}","templated":true}]}}