{"id":690834,"date":"2025-08-27T13:53:42","date_gmt":"2025-08-27T10:53:42","guid":{"rendered":"https:\/\/roveyayinevi.com.tr\/index.php\/urun\/ergenekon-savunmasi\/"},"modified":"2026-04-16T02:00:21","modified_gmt":"2026-04-15T23:00:21","slug":"ergenekon-savunmasi","status":"publish","type":"product","link":"https:\/\/roveyayinevi.com.tr\/index.php\/urun\/ergenekon-savunmasi\/","title":{"rendered":"Ergenekon Savunmas\u0131"},"content":{"rendered":"<p>Bir milletin kahramanlar\u0131 intihar ediyorsa&#8230; Gladyo\u2019nun k\u00f6k\u00fc nas\u0131l kaz\u0131n\u0131r&#8230; Savc\u0131lar\u0131n da en sonunda kabul etti\u011fi uydurmalar&#8230; P*KK\u2019ya g\u00f6t\u00fcr\u00fclen silahlar, K\u0131r\u0131kkale MKE sabotaj\u0131, Genelkurmay-\u00d6ca*lan g\u00f6r\u00fc\u015fmeleri, Saddam H\u00fcseyin\u2019e mesaj, Cumhuriyet gazetesinin ele ge\u00e7irilmesi vb&#8230; Ergenekon belgelerinin s\u0131rlar\u0131&#8230; TSK i\u00e7inde faaliyet, Kararg\u00e2h Evleri, darbecilik ve Suikastlar, Ergenekon bombalar\u0131n\u0131n esrar\u0131&#8230; Tuncay G\u00fcney, Mehmet Eym\u00fcr, gizli tan\u0131klar ve di\u011ferleri&#8230; Ergenekon \u00d6rg\u00fct\u00fc var m\u0131&#8230; \u0130ddianame, F. Savc\u0131lar\u0131, hukuki de\u011ferlendirme&#8230; 2002 Darbesi, \u00c7uval Olay\u0131, Dan\u0131\u015ftay suikast\u0131 ve 32 k\u0131s\u0131m Ergenekon tertibi&#8230; Darbe senaryolar\u0131, Fethullah\u00e7\u0131 Gladyo, Gladyo\u2019nun s\u00f6zle\u015fmeli personeli&#8230; T\u00fcrkiye nereye gidiyor&#8230; <\/p>\n","protected":false},"excerpt":{"rendered":"<p>Bir milletin kahramanlar\u0131 intihar ediyorsa&#8230; Gladyo\u2019nun k\u00f6k\u00fc nas\u0131l kaz\u0131n\u0131r&#8230; Savc\u0131lar\u0131n da en sonunda kabul etti\u011fi uydurmalar&#8230; P*KK\u2019ya g\u00f6t\u00fcr\u00fclen silahlar, K\u0131r\u0131kkale MKE sabotaj\u0131, Genelkurmay-\u00d6ca*lan g\u00f6r\u00fc\u015fmeleri, Saddam H\u00fcseyin\u2019e<span class=\"excerpt-hellip\"> [\u2026]<\/span><\/p>\n","protected":false},"featured_media":0,"template":"","meta":{"_monsterinsights_skip_tracking":false,"_monsterinsights_sitenote_active":false,"_monsterinsights_sitenote_note":"","_monsterinsights_sitenote_category":0},"product_brand":[],"product_cat":[12346,12337],"product_tag":[],"class_list":{"0":"post-690834","1":"product","2":"type-product","3":"status-publish","5":"product_cat-derin-siyaset-komplo-teorileri","6":"product_cat-politika-siyaset","7":"pa_tur-kitap","8":"pa_yayinevi-kaynak-yayinlari","9":"pa_yazar-dogu-perincek","11":"first","12":"instock","13":"sale","14":"shipping-taxable","15":"purchasable","16":"product-type-simple"},"_links":{"self":[{"href":"https:\/\/roveyayinevi.com.tr\/index.php\/wp-json\/wp\/v2\/product\/690834","targetHints":{"allow":["GET"]}}],"collection":[{"href":"https:\/\/roveyayinevi.com.tr\/index.php\/wp-json\/wp\/v2\/product"}],"about":[{"href":"https:\/\/roveyayinevi.com.tr\/index.php\/wp-json\/wp\/v2\/types\/product"}],"wp:attachment":[{"href":"https:\/\/roveyayinevi.com.tr\/index.php\/wp-json\/wp\/v2\/media?parent=690834"}],"wp:term":[{"taxonomy":"product_brand","embeddable":true,"href":"https:\/\/roveyayinevi.com.tr\/index.php\/wp-json\/wp\/v2\/product_brand?post=690834"},{"taxonomy":"product_cat","embeddable":true,"href":"https:\/\/roveyayinevi.com.tr\/index.php\/wp-json\/wp\/v2\/product_cat?post=690834"},{"taxonomy":"product_tag","embeddable":true,"href":"https:\/\/roveyayinevi.com.tr\/index.php\/wp-json\/wp\/v2\/product_tag?post=690834"}],"curies":[{"name":"wp","href":"https:\/\/api.w.org\/{rel}","templated":true}]}}