{"id":690833,"date":"2025-08-27T13:53:42","date_gmt":"2025-08-27T10:53:42","guid":{"rendered":"https:\/\/roveyayinevi.com.tr\/index.php\/urun\/escinsellik-ve-yabancilasma\/"},"modified":"2026-04-16T02:00:21","modified_gmt":"2026-04-15T23:00:21","slug":"escinsellik-ve-yabancilasma","status":"publish","type":"product","link":"https:\/\/roveyayinevi.com.tr\/index.php\/urun\/escinsellik-ve-yabancilasma\/","title":{"rendered":"E\u015fcinsellik ve Yabanc\u0131la\u015fma"},"content":{"rendered":"<p>Do\u011fu Perin\u00e7ek, bu kitapta toplumsal ve k\u00fclt\u00fcrel k\u00f6kenli e\u015fcinselli\u011fi inceliyor. <\/p>\n","protected":false},"excerpt":{"rendered":"<p>Do\u011fu Perin\u00e7ek, bu kitapta toplumsal ve k\u00fclt\u00fcrel k\u00f6kenli e\u015fcinselli\u011fi inceliyor.<\/p>\n","protected":false},"featured_media":0,"template":"","meta":{"_monsterinsights_skip_tracking":false,"_monsterinsights_sitenote_active":false,"_monsterinsights_sitenote_note":"","_monsterinsights_sitenote_category":0},"product_brand":[],"product_cat":[17502,13488],"product_tag":[],"class_list":{"0":"post-690833","1":"product","2":"type-product","3":"status-publish","5":"product_cat-cinsellik","6":"product_cat-toplum-ve-insan","7":"pa_tur-kitap","8":"pa_yayinevi-kaynak-yayinlari","9":"pa_yazar-dogu-perincek","11":"first","12":"instock","13":"sale","14":"shipping-taxable","15":"purchasable","16":"product-type-simple"},"_links":{"self":[{"href":"https:\/\/roveyayinevi.com.tr\/index.php\/wp-json\/wp\/v2\/product\/690833","targetHints":{"allow":["GET"]}}],"collection":[{"href":"https:\/\/roveyayinevi.com.tr\/index.php\/wp-json\/wp\/v2\/product"}],"about":[{"href":"https:\/\/roveyayinevi.com.tr\/index.php\/wp-json\/wp\/v2\/types\/product"}],"wp:attachment":[{"href":"https:\/\/roveyayinevi.com.tr\/index.php\/wp-json\/wp\/v2\/media?parent=690833"}],"wp:term":[{"taxonomy":"product_brand","embeddable":true,"href":"https:\/\/roveyayinevi.com.tr\/index.php\/wp-json\/wp\/v2\/product_brand?post=690833"},{"taxonomy":"product_cat","embeddable":true,"href":"https:\/\/roveyayinevi.com.tr\/index.php\/wp-json\/wp\/v2\/product_cat?post=690833"},{"taxonomy":"product_tag","embeddable":true,"href":"https:\/\/roveyayinevi.com.tr\/index.php\/wp-json\/wp\/v2\/product_tag?post=690833"}],"curies":[{"name":"wp","href":"https:\/\/api.w.org\/{rel}","templated":true}]}}