{"id":690832,"date":"2025-08-27T13:53:42","date_gmt":"2025-08-27T10:53:42","guid":{"rendered":"https:\/\/roveyayinevi.com.tr\/index.php\/urun\/masonlar-dinleyiniz\/"},"modified":"2026-04-16T02:00:21","modified_gmt":"2026-04-15T23:00:21","slug":"masonlar-dinleyiniz","status":"publish","type":"product","link":"https:\/\/roveyayinevi.com.tr\/index.php\/urun\/masonlar-dinleyiniz\/","title":{"rendered":"Masonlar Dinleyiniz!"},"content":{"rendered":"<p>Bu eserde, Mahmut Esat Bozkurt\u2019un 1931 ve 1932 y\u0131llar\u0131nda Anadolu, H\u00fcrriyet ve Yeni As\u0131r gazetelerinde yay\u0131mlanan yaz\u0131lar\u0131 toplanm\u0131\u015ft\u0131r. Kitapta yer alan yaz\u0131lar, Mahmut Esat Bozkurt\u2019un masonlara kar\u015f\u0131 ki\u015fisel tutumunu de\u011fil Kemalist iktidar\u0131n ortak tutumunu ortaya koymaktad\u0131r. Nitekim Mahmut Esat Bozkurt\u2019un 1931\u2019de yaz\u0131lar\u0131yla masonlara kar\u015f\u0131 ba\u015flatt\u0131\u011f\u0131 kampanya, bizzat Mustafa Kemal taraf\u0131ndan y\u00f6nlendirilmi\u015ftir. Mahmut Esat Bozkurt\u2019un masonlarla ilgili bilgilenmesi i\u00e7in ona kitaplar veren Mustafa Kemal \u201cBunu g\u00fczelce m\u00fctalaa et, bir \u00f6nergeyle Halk Partisi grup ba\u015fkanl\u0131\u011f\u0131na ver, grupta bunlara \u015fiddetli h\u00fccum yap ve grup\u00e7a kapanmas\u0131na \u00f6nayak ol\u201d demi\u015ftir. Kemalist iktidar\u0131n masonlara kar\u015f\u0131 y\u00fcr\u00fctt\u00fc\u011f\u00fc bu faaliyetin sonunda, T\u00fcrkiye Mason Derne\u011fi\u2019nin b\u00fct\u00fcn mallar\u0131 Halkevleri\u2019ne ba\u011f\u0131\u015flanm\u0131\u015f; 1935\u2019te dernek kapat\u0131lm\u0131\u015ft\u0131r.   \u201cMason tekkesinin imtiyaz\u0131 nedir ki h\u00e2l\u00e2 duruyor?\u201d \u201cMilletimden ba\u015fka kimseye verecek hesab\u0131m yoktur. allah\u2019a bir kuru can borcum var.\u201d \u201cBen, masonlu\u011fun prensiplerine de tatbikat\u0131na da tecellilerine de T\u00fcrk olarak d\u00fc\u015fman\u0131m.\u201d \u201cFarmasonlukla aram\u0131zdaki fark \u015fudur ki, biz \u00f6nce milletimizi, sonra milletleri d\u00fc\u015f\u00fcn\u00fcr\u00fcz.\u201d \u201cMasonluk bir vicdan meselesi de de\u011fildir. T\u00fcrkiye\u2019de siyaset yap\u0131yor, memleketi ikiye ay\u0131r\u0131yor. T\u00fcrk gen\u00e7li\u011fini \u015fuursuz h\u00fclyalar i\u00e7inde b\u0131rak\u0131yor. Tehlike var! B\u00fcy\u00fck T\u00fcrk gen\u00e7li\u011fi, mefk\u00fbresini masonlukta bulamaz. O, idealini 10 bin y\u0131ll\u0131k T\u00fcrk tarihi kokan bu topraklarda, b\u00fct\u00fcn bir medeniyete 10 bin y\u0131l \u00fczerinden bakan milletinin ba\u011fr\u0131nda bulabilir. Her \u015feyden evvel T\u00fcrk\u00fcz, her \u015feyden sonra yine T\u00fcrk\u00fcz. Onun i\u00e7in ya\u015far\u0131z, onun i\u00e7in \u00f6l\u00fcr\u00fcz.\u201d \u201cMasonlu\u011fu fazla tela\u015f alm\u0131\u015f\u2026 Sanki k\u0131yamet kopuyor. Fazla \u00fczd\u00fcm galiba!.. Buna \u00e7ok \u00fcz\u00fcld\u00fcm. Fakat ne yapabilirim ki?! Bir g\u00fcn T\u00fcrk milleti a\u011flayaca\u011f\u0131na, vars\u0131n b\u00fct\u00fcn bir d\u00fcnya masonlu\u011fu \u00fcz\u00fcls\u00fcn\u2026\u201d      <\/p>\n","protected":false},"excerpt":{"rendered":"<p>Bu eserde, Mahmut Esat Bozkurt\u2019un 1931 ve 1932 y\u0131llar\u0131nda Anadolu, H\u00fcrriyet ve Yeni As\u0131r gazetelerinde yay\u0131mlanan yaz\u0131lar\u0131 toplanm\u0131\u015ft\u0131r. Kitapta yer alan yaz\u0131lar, Mahmut Esat Bozkurt\u2019un masonlara<span class=\"excerpt-hellip\"> [\u2026]<\/span><\/p>\n","protected":false},"featured_media":0,"template":"","meta":{"_monsterinsights_skip_tracking":false,"_monsterinsights_sitenote_active":false,"_monsterinsights_sitenote_note":"","_monsterinsights_sitenote_category":0},"product_brand":[],"product_cat":[13656,12337],"product_tag":[],"class_list":{"0":"post-690832","1":"product","2":"type-product","3":"status-publish","5":"product_cat-azinliklar-etnik-sorunlar","6":"product_cat-politika-siyaset","7":"pa_tur-kitap","8":"pa_yayinevi-kaynak-yayinlari","9":"pa_yazar-mahmut-esat-bozkurt","11":"first","12":"instock","13":"sale","14":"shipping-taxable","15":"purchasable","16":"product-type-simple"},"_links":{"self":[{"href":"https:\/\/roveyayinevi.com.tr\/index.php\/wp-json\/wp\/v2\/product\/690832","targetHints":{"allow":["GET"]}}],"collection":[{"href":"https:\/\/roveyayinevi.com.tr\/index.php\/wp-json\/wp\/v2\/product"}],"about":[{"href":"https:\/\/roveyayinevi.com.tr\/index.php\/wp-json\/wp\/v2\/types\/product"}],"wp:attachment":[{"href":"https:\/\/roveyayinevi.com.tr\/index.php\/wp-json\/wp\/v2\/media?parent=690832"}],"wp:term":[{"taxonomy":"product_brand","embeddable":true,"href":"https:\/\/roveyayinevi.com.tr\/index.php\/wp-json\/wp\/v2\/product_brand?post=690832"},{"taxonomy":"product_cat","embeddable":true,"href":"https:\/\/roveyayinevi.com.tr\/index.php\/wp-json\/wp\/v2\/product_cat?post=690832"},{"taxonomy":"product_tag","embeddable":true,"href":"https:\/\/roveyayinevi.com.tr\/index.php\/wp-json\/wp\/v2\/product_tag?post=690832"}],"curies":[{"name":"wp","href":"https:\/\/api.w.org\/{rel}","templated":true}]}}