{"id":690830,"date":"2025-08-27T13:53:41","date_gmt":"2025-08-27T10:53:41","guid":{"rendered":"https:\/\/roveyayinevi.com.tr\/index.php\/urun\/kurandaki-tanri-muhammedin-tanri-anlayisi\/"},"modified":"2026-04-16T02:00:21","modified_gmt":"2026-04-15T23:00:21","slug":"kurandaki-tanri-muhammedin-tanri-anlayisi","status":"publish","type":"product","link":"https:\/\/roveyayinevi.com.tr\/index.php\/urun\/kurandaki-tanri-muhammedin-tanri-anlayisi\/","title":{"rendered":"Kur\u2019an\u2019daki Tanr\u0131 Muhammed\u2019in Tanr\u0131 Anlay\u0131\u015f\u0131"},"content":{"rendered":"<p>Prof. Dr. \u0130lhan Arsel bu kitab\u0131nda, Muhammed\u2019in tan\u0131mlad\u0131\u011f\u0131 Tanr\u0131 kavram\u0131n\u0131 Kur\u2019an\u2019daki ayetlere ve hadislere dayand\u0131rarak, akl\u0131n ve bilimin \u0131\u015f\u0131\u011f\u0131nda inceliyor. Muhammed\u2019in Tanr\u0131\u2019dan gelme vahiyler\u2019 diyerek \u00f6ne s\u00fcrd\u00fc\u011f\u00fc, Tanr\u0131\u2019y\u0131 korkutucu, gaddar, kindar, k\u0131skan\u00e7, bencil, kaprisli vb. niteliklerde g\u00f6steren buyruklar, Tanr\u0131\u2019n\u0131n &#8216;Tanr\u0131sall\u0131\u011f\u0131\u2019yla ba\u011fda\u015fmayan \u015feylerdir. Bu buyruklar, Muhammed\u2019in \u2018Tanr\u0131 s\u00f6zleridir\u2019 (vahiy), Kur\u2019an olarak belletti\u011fi ya da Kur&#8217;an olmayarak (\u00f6rne\u011fin &#8216;hadis&#8217; \u015feklinde) yerle\u015ftirdi\u011fi s\u00f6zlerdir diyen Arsel, \u015f\u00f6yle devam ediyor: Kur&#8217;an&#8217;daki Tanr\u0131, Muhammed\u2019in kendi g\u00fcnl\u00fck siyasetinin gereksinimleri do\u011frultusunda tan\u0131mlad\u0131\u011f\u0131 bir Tanr\u0131\u2019d\u0131r. Muhammed, bu siyset sayesinde, insanlar\u0131 Tanr\u0131\u2019ya boyun e\u011fdirtiyor gibi g\u00f6r\u00fcnerek kendi buyru\u011fu alt\u0131na alm\u0131\u015f, din ve inan\u00e7 u\u011fruna birbirlerine sald\u0131rtm\u0131\u015f, bo\u011fazlatm\u0131\u015ft\u0131r. Tanr\u0131 diye tan\u0131mlad\u0131\u011f\u0131 \u015fey, \u00e7\u00f6l Arabas\u0131n\u0131n de\u011fer \u00f6l\u00e7\u00fclerine yatk\u0131n olmak \u00fczere kafas\u0131ndan yaratt\u0131\u011f\u0131 \u015feydir ki, Tanr\u0131 fikrini y\u00fcceltmeye de\u011fil aksine k\u00fc\u00e7\u00fcltmeye yetmi\u015ftir. Arsel, Kur\u2019an\u2019dan ve hadis kaynaklar\u0131ndan verdi\u011fi say\u0131s\u0131z \u00f6rneklerle zenginle\u015ftirdi\u011fi kitab\u0131yla okuyucuya yeni bir ufuk a\u00e7\u0131yor. \ufffcTan\u0131t\u0131m Metni<\/p>\n","protected":false},"excerpt":{"rendered":"<p>Prof. Dr. \u0130lhan Arsel bu kitab\u0131nda, Muhammed\u2019in tan\u0131mlad\u0131\u011f\u0131 Tanr\u0131 kavram\u0131n\u0131 Kur\u2019an\u2019daki ayetlere ve hadislere dayand\u0131rarak, akl\u0131n ve bilimin \u0131\u015f\u0131\u011f\u0131nda inceliyor. Muhammed\u2019in Tanr\u0131\u2019dan gelme vahiyler\u2019 diyerek \u00f6ne<span class=\"excerpt-hellip\"> [\u2026]<\/span><\/p>\n","protected":false},"featured_media":0,"template":"","meta":{"_monsterinsights_skip_tracking":false,"_monsterinsights_sitenote_active":false,"_monsterinsights_sitenote_note":"","_monsterinsights_sitenote_category":0},"product_brand":[],"product_cat":[16789,12718,12719],"product_tag":[],"class_list":{"0":"post-690830","1":"product","2":"type-product","3":"status-publish","5":"product_cat-diger-islam","6":"product_cat-din","7":"product_cat-islam","8":"pa_tur-kitap","9":"pa_yayinevi-kaynak-yayinlari","10":"pa_yazar-ilhan-arsel","12":"first","13":"instock","14":"sale","15":"shipping-taxable","16":"purchasable","17":"product-type-simple"},"_links":{"self":[{"href":"https:\/\/roveyayinevi.com.tr\/index.php\/wp-json\/wp\/v2\/product\/690830","targetHints":{"allow":["GET"]}}],"collection":[{"href":"https:\/\/roveyayinevi.com.tr\/index.php\/wp-json\/wp\/v2\/product"}],"about":[{"href":"https:\/\/roveyayinevi.com.tr\/index.php\/wp-json\/wp\/v2\/types\/product"}],"wp:attachment":[{"href":"https:\/\/roveyayinevi.com.tr\/index.php\/wp-json\/wp\/v2\/media?parent=690830"}],"wp:term":[{"taxonomy":"product_brand","embeddable":true,"href":"https:\/\/roveyayinevi.com.tr\/index.php\/wp-json\/wp\/v2\/product_brand?post=690830"},{"taxonomy":"product_cat","embeddable":true,"href":"https:\/\/roveyayinevi.com.tr\/index.php\/wp-json\/wp\/v2\/product_cat?post=690830"},{"taxonomy":"product_tag","embeddable":true,"href":"https:\/\/roveyayinevi.com.tr\/index.php\/wp-json\/wp\/v2\/product_tag?post=690830"}],"curies":[{"name":"wp","href":"https:\/\/api.w.org\/{rel}","templated":true}]}}