{"id":690829,"date":"2025-08-27T13:53:41","date_gmt":"2025-08-27T10:53:41","guid":{"rendered":"https:\/\/roveyayinevi.com.tr\/index.php\/urun\/kurandaki-kitaplilar\/"},"modified":"2026-04-16T02:00:21","modified_gmt":"2026-04-15T23:00:21","slug":"kurandaki-kitaplilar","status":"publish","type":"product","link":"https:\/\/roveyayinevi.com.tr\/index.php\/urun\/kurandaki-kitaplilar\/","title":{"rendered":"Kur\u2019an\u2019daki Kitapl\u0131lar"},"content":{"rendered":"<p>Prof. Dr. \u0130lhan Arsel, bu \u00e7al\u0131\u015fmas\u0131nda Kur&#8217;an&#8217;da yer alan kitapl\u0131 dinler (Yahudilik-H\u0131ristiyanl\u0131k) hakk\u0131ndaki h\u00fck\u00fcmleri incelemektedir. Kitapta yer alan baz\u0131 konu ba\u015fl\u0131klar\u0131 \u015f\u00f6yle:Allah Nezdinde &#8220;Hak&#8221; Din Sadece \u0130slam;Yahudiler ve H\u0131ristiyanlarM\u00fcsl\u00fcman Olmamalar\u0131n\u0131n Cezas\u0131 Olarak &#8220;Cizye&#8221; (Kafa Paras\u0131) \u00d6demeye Mahk\u00fbmdurlar;\u0130slam\u0131 Kabul Edene Kadar, Yahudilere ve H\u0131ristiyanlara Kar\u015f\u0131 M\u00fcsl\u00fcmanlar\u0131n Sava\u015fmalar\u0131 Emrolunuyor;M\u00fcsl\u00fcmanlar\u0131n &#8220;K\u00e2firler&#8221;le Dost Olmalar\u0131 Yasak;K\u00e2firlere Uygulanacak Cezalar;Tanr\u0131&#8217;n\u0131n K\u00e2fir Yapt\u0131\u011f\u0131 Ki\u015filer, K\u0131yamet G\u00fcn\u00fc, K\u00f6r, Dilsiz, ve Sa\u011f\u0131r Bir \u015eekilde Y\u00fcz\u00fckoyun Ha\u015fredileceklerdir;Yahudiler ve H\u0131ristiyanlar, Allah&#8217;\u0131n \u00c7ocuk Edindi\u011fini S\u00f6ylemekle G\u00fcnah \u0130\u015flemi\u015fler;&#8221;Kitapl\u0131lar (Yahudiler ve H\u0131ristiyanlar), Allah Ad\u0131na, Bile Bile Yalan S\u00f6yl\u00fcyorlar.&#8221; <\/p>\n","protected":false},"excerpt":{"rendered":"<p>Prof. Dr. \u0130lhan Arsel, bu \u00e7al\u0131\u015fmas\u0131nda Kur&#8217;an&#8217;da yer alan kitapl\u0131 dinler (Yahudilik-H\u0131ristiyanl\u0131k) hakk\u0131ndaki h\u00fck\u00fcmleri incelemektedir. Kitapta yer alan baz\u0131 konu ba\u015fl\u0131klar\u0131 \u015f\u00f6yle:Allah Nezdinde &#8220;Hak&#8221; Din Sadece<span class=\"excerpt-hellip\"> [\u2026]<\/span><\/p>\n","protected":false},"featured_media":0,"template":"","meta":{"_monsterinsights_skip_tracking":false,"_monsterinsights_sitenote_active":false,"_monsterinsights_sitenote_note":"","_monsterinsights_sitenote_category":0},"product_brand":[],"product_cat":[12718,12719],"product_tag":[],"class_list":{"0":"post-690829","1":"product","2":"type-product","3":"status-publish","5":"product_cat-din","6":"product_cat-islam","7":"pa_cilt-ciltsiz","8":"pa_tur-kitap","9":"pa_yayinevi-kaynak-yayinlari","10":"pa_yazar-ilhan-arsel","12":"first","13":"instock","14":"sale","15":"shipping-taxable","16":"purchasable","17":"product-type-simple"},"_links":{"self":[{"href":"https:\/\/roveyayinevi.com.tr\/index.php\/wp-json\/wp\/v2\/product\/690829","targetHints":{"allow":["GET"]}}],"collection":[{"href":"https:\/\/roveyayinevi.com.tr\/index.php\/wp-json\/wp\/v2\/product"}],"about":[{"href":"https:\/\/roveyayinevi.com.tr\/index.php\/wp-json\/wp\/v2\/types\/product"}],"wp:attachment":[{"href":"https:\/\/roveyayinevi.com.tr\/index.php\/wp-json\/wp\/v2\/media?parent=690829"}],"wp:term":[{"taxonomy":"product_brand","embeddable":true,"href":"https:\/\/roveyayinevi.com.tr\/index.php\/wp-json\/wp\/v2\/product_brand?post=690829"},{"taxonomy":"product_cat","embeddable":true,"href":"https:\/\/roveyayinevi.com.tr\/index.php\/wp-json\/wp\/v2\/product_cat?post=690829"},{"taxonomy":"product_tag","embeddable":true,"href":"https:\/\/roveyayinevi.com.tr\/index.php\/wp-json\/wp\/v2\/product_tag?post=690829"}],"curies":[{"name":"wp","href":"https:\/\/api.w.org\/{rel}","templated":true}]}}