{"id":690821,"date":"2025-08-27T13:53:40","date_gmt":"2025-08-27T10:53:40","guid":{"rendered":"https:\/\/roveyayinevi.com.tr\/index.php\/urun\/rakim-sifir\/"},"modified":"2026-04-16T02:00:20","modified_gmt":"2026-04-15T23:00:20","slug":"rakim-sifir","status":"publish","type":"product","link":"https:\/\/roveyayinevi.com.tr\/index.php\/urun\/rakim-sifir\/","title":{"rendered":"Rak\u0131m S\u0131f\u0131r"},"content":{"rendered":"<p>Ki\u015fi kendisinden ayr\u0131lmay\u0131, \u00e7ekilip al\u0131nmay\u0131 isteyece\u011fi e\u015fi\u011fi a\u015fmayag\u00f6rs\u00fcn, s\u0131\u011f\u0131naca\u011f\u0131 bur\u00e7 kalmaz hayat\u0131nda. Akl\u0131m\u0131 ve ruhumu ba\u015fkalar\u0131na teslim edecek raddeye dayanmak korkular\u0131m\u0131n ba\u015f\u0131nda gelir; elveri\u015fli, k\u0131r\u0131lgan bir b\u00fcnyem oldu\u011funu d\u00fc\u015f\u00fcnd\u00fc\u011f\u00fcmden de\u011fil, zaman zaman e\u015fi\u011fe yakla\u015fma olas\u0131l\u0131\u011f\u0131n\u0131 besleyen i\u00e7 kalk\u0131\u015f\u0131mlar\u0131m y\u00fcz\u00fcnden, dengeyi yitirmek, sallan\u0131\u015f\u0131m\u0131 denetleyememek kayg\u0131s\u0131 benli\u011fimi kaplar, her korkak gibi ba\u015f\u0131m\u0131 sokacak yer arar\u0131m. Yaz\u0131 benim s\u0131\u011f\u0131na\u011f\u0131m c\u00fcmlesini benimsemeyecek, abart\u0131l\u0131 bulacak, u\u011fra\u015f\u0131m\u0131 b\u00f6yle tan\u0131mlamay\u0131 yak\u0131\u015f\u0131ks\u0131z sayacak olanlara bir s\u00f6z\u00fcm yok, nas\u0131l olsun; genellemeye gitmiyorum, yazma ediminin \u00f6z\u00fcn\u00fc burada g\u00f6rd\u00fc\u011f\u00fcm\u00fc s\u00f6ylemiyorum, k\u0131rk y\u0131ll\u0131k masa ya\u015fant\u0131m\u0131 benim alg\u0131lay\u0131\u015f bi\u00e7imim bu, hem yan\u0131l\u0131yor olsam ne de\u011fi\u015fir: Hepimizde yanl\u0131\u015flara do\u011frular\u0131n bir ortalamas\u0131 kaz\u0131l\u0131. <\/p>\n","protected":false},"excerpt":{"rendered":"<p>Ki\u015fi kendisinden ayr\u0131lmay\u0131, \u00e7ekilip al\u0131nmay\u0131 isteyece\u011fi e\u015fi\u011fi a\u015fmayag\u00f6rs\u00fcn, s\u0131\u011f\u0131naca\u011f\u0131 bur\u00e7 kalmaz hayat\u0131nda. Akl\u0131m\u0131 ve ruhumu ba\u015fkalar\u0131na teslim edecek raddeye dayanmak korkular\u0131m\u0131n ba\u015f\u0131nda gelir; elveri\u015fli, k\u0131r\u0131lgan bir<span class=\"excerpt-hellip\"> [\u2026]<\/span><\/p>\n","protected":false},"featured_media":0,"template":"","meta":{"_monsterinsights_skip_tracking":false,"_monsterinsights_sitenote_active":false,"_monsterinsights_sitenote_note":"","_monsterinsights_sitenote_category":0},"product_brand":[],"product_cat":[12777,12291],"product_tag":[],"class_list":{"0":"post-690821","1":"product","2":"type-product","3":"status-publish","5":"product_cat-deneme","6":"product_cat-edebiyat","7":"pa_tur-kitap","8":"pa_yayinevi-kirmizi-kedi-yayinevi","9":"pa_yazar-enis-batur","11":"first","12":"instock","13":"sale","14":"shipping-taxable","15":"purchasable","16":"product-type-simple"},"_links":{"self":[{"href":"https:\/\/roveyayinevi.com.tr\/index.php\/wp-json\/wp\/v2\/product\/690821","targetHints":{"allow":["GET"]}}],"collection":[{"href":"https:\/\/roveyayinevi.com.tr\/index.php\/wp-json\/wp\/v2\/product"}],"about":[{"href":"https:\/\/roveyayinevi.com.tr\/index.php\/wp-json\/wp\/v2\/types\/product"}],"wp:attachment":[{"href":"https:\/\/roveyayinevi.com.tr\/index.php\/wp-json\/wp\/v2\/media?parent=690821"}],"wp:term":[{"taxonomy":"product_brand","embeddable":true,"href":"https:\/\/roveyayinevi.com.tr\/index.php\/wp-json\/wp\/v2\/product_brand?post=690821"},{"taxonomy":"product_cat","embeddable":true,"href":"https:\/\/roveyayinevi.com.tr\/index.php\/wp-json\/wp\/v2\/product_cat?post=690821"},{"taxonomy":"product_tag","embeddable":true,"href":"https:\/\/roveyayinevi.com.tr\/index.php\/wp-json\/wp\/v2\/product_tag?post=690821"}],"curies":[{"name":"wp","href":"https:\/\/api.w.org\/{rel}","templated":true}]}}