{"id":690819,"date":"2025-08-27T13:53:39","date_gmt":"2025-08-27T10:53:39","guid":{"rendered":"https:\/\/roveyayinevi.com.tr\/index.php\/urun\/filistine-gitmek\/"},"modified":"2026-04-16T02:00:20","modified_gmt":"2026-04-15T23:00:20","slug":"filistine-gitmek","status":"publish","type":"product","link":"https:\/\/roveyayinevi.com.tr\/index.php\/urun\/filistine-gitmek\/","title":{"rendered":"Filistin\u2019e Gitmek"},"content":{"rendered":"<p>Filistin&#8217;e Gitmek, Filistin&#8217;de ya\u015fanan insanl\u0131k dram\u0131n\u0131 bire bir g\u00f6rmek, \u015fiddete ve haks\u0131zl\u0131\u011fa maruz kalan insanlar\u0131n ac\u0131s\u0131n\u0131 payla\u015fmak i\u00e7in yap\u0131lan \u00fc\u00e7 yolculu\u011fun notlar\u0131ndan olu\u015fuyor. Bir T\u00fcrk g\u00f6n\u00fcll\u00fcs\u00fcn\u00fcn, kendi imk\u00e2nlar\u0131yla yapt\u0131\u011f\u0131 bu yolculuklar \u00f6nce merakla ba\u015fl\u0131yor. Daha sonra i\u015fin i\u00e7ine sevgi ve \u00f6zlem kar\u0131\u015f\u0131yor. \u00dc\u00e7\u00fcnc\u00fc ve son yolculuksa Filistin i\u00e7in eyleme ge\u00e7me iste\u011fiyle yap\u0131l\u0131yor. <\/p>\n","protected":false},"excerpt":{"rendered":"<p>Filistin&#8217;e Gitmek, Filistin&#8217;de ya\u015fanan insanl\u0131k dram\u0131n\u0131 bire bir g\u00f6rmek, \u015fiddete ve haks\u0131zl\u0131\u011fa maruz kalan insanlar\u0131n ac\u0131s\u0131n\u0131 payla\u015fmak i\u00e7in yap\u0131lan \u00fc\u00e7 yolculu\u011fun notlar\u0131ndan olu\u015fuyor. Bir T\u00fcrk g\u00f6n\u00fcll\u00fcs\u00fcn\u00fcn,<span class=\"excerpt-hellip\"> [\u2026]<\/span><\/p>\n","protected":false},"featured_media":0,"template":"","meta":{"_monsterinsights_skip_tracking":false,"_monsterinsights_sitenote_active":false,"_monsterinsights_sitenote_note":"","_monsterinsights_sitenote_category":0},"product_brand":[],"product_cat":[13059,12337],"product_tag":[],"class_list":{"0":"post-690819","1":"product","2":"type-product","3":"status-publish","5":"product_cat-diger-politika-siyaset","6":"product_cat-politika-siyaset","7":"pa_tur-kitap","8":"pa_yayinevi-kirmizi-kedi-yayinevi","9":"pa_yazar-selma-sevkli","11":"first","12":"instock","13":"sale","14":"shipping-taxable","15":"purchasable","16":"product-type-simple"},"_links":{"self":[{"href":"https:\/\/roveyayinevi.com.tr\/index.php\/wp-json\/wp\/v2\/product\/690819","targetHints":{"allow":["GET"]}}],"collection":[{"href":"https:\/\/roveyayinevi.com.tr\/index.php\/wp-json\/wp\/v2\/product"}],"about":[{"href":"https:\/\/roveyayinevi.com.tr\/index.php\/wp-json\/wp\/v2\/types\/product"}],"wp:attachment":[{"href":"https:\/\/roveyayinevi.com.tr\/index.php\/wp-json\/wp\/v2\/media?parent=690819"}],"wp:term":[{"taxonomy":"product_brand","embeddable":true,"href":"https:\/\/roveyayinevi.com.tr\/index.php\/wp-json\/wp\/v2\/product_brand?post=690819"},{"taxonomy":"product_cat","embeddable":true,"href":"https:\/\/roveyayinevi.com.tr\/index.php\/wp-json\/wp\/v2\/product_cat?post=690819"},{"taxonomy":"product_tag","embeddable":true,"href":"https:\/\/roveyayinevi.com.tr\/index.php\/wp-json\/wp\/v2\/product_tag?post=690819"}],"curies":[{"name":"wp","href":"https:\/\/api.w.org\/{rel}","templated":true}]}}