{"id":690816,"date":"2025-08-27T13:53:39","date_gmt":"2025-08-27T10:53:39","guid":{"rendered":"https:\/\/roveyayinevi.com.tr\/index.php\/urun\/butun-siirleri-3\/"},"modified":"2026-04-16T02:00:20","modified_gmt":"2026-04-15T23:00:20","slug":"butun-siirleri-3","status":"publish","type":"product","link":"https:\/\/roveyayinevi.com.tr\/index.php\/urun\/butun-siirleri-3\/","title":{"rendered":"B\u00fct\u00fcn \u015eiirleri &#8211; 3"},"content":{"rendered":"<p>G\u00fcne\u015f tanr\u0131m. \/ Ya\u011fmur annem. \/ Toprak \u00f6mr\u00fcm. \/ Bir su damlas\u0131ndan sonsuzluk veren hayat&#8230; \/ bir su damlas\u0131na kur mezar\u0131m\u0131. YALNIZLIK HECELER\u0130   K\u00f6knar a\u011fac\u0131n\u0131n dibine oturdum Akdenizdi. \u0130kiz gu\u0308ne\u015fti Ayaklanan bir kad\u0131n y\u00fcz\u00fcyd\u00fc Yaram\u0131 sever gibi sevdim gelincikleri Taslara sesini veriyordu ru\u0308zg\u00e2r E\u011fildim telas\u0131 \u00f6n\u00fcnde kertenkelenin Da\u011flar mavi bir zamand\u0131 Otlarda soluk al\u0131yordu tanr\u0131 Sevdi\u011fim kad\u0131nlardan bir mucize Bu\u0308tu\u0308n ac\u0131lar\u0131m\u0131n d\u0131\u015f\u0131na \u00e7\u0131kt\u0131m Elinden tuttum \u00e7ocuk babam\u0131n Annem yeni do\u011furuyordu beni. Sildim pi\u015fmanl\u0131\u011f\u0131 pay\u0131ma d\u00fc\u015fen hayattan. <\/p>\n","protected":false},"excerpt":{"rendered":"<p>G\u00fcne\u015f tanr\u0131m. \/ Ya\u011fmur annem. \/ Toprak \u00f6mr\u00fcm. \/ Bir su damlas\u0131ndan sonsuzluk veren hayat&#8230; \/ bir su damlas\u0131na kur mezar\u0131m\u0131. YALNIZLIK HECELER\u0130 K\u00f6knar a\u011fac\u0131n\u0131n dibine<span class=\"excerpt-hellip\"> [\u2026]<\/span><\/p>\n","protected":false},"featured_media":0,"template":"","meta":{"_monsterinsights_skip_tracking":false,"_monsterinsights_sitenote_active":false,"_monsterinsights_sitenote_note":"","_monsterinsights_sitenote_category":0},"product_brand":[],"product_cat":[12291,12509],"product_tag":[],"class_list":{"0":"post-690816","1":"product","2":"type-product","3":"status-publish","5":"product_cat-edebiyat","6":"product_cat-siir","7":"pa_cilt-ciltsiz","8":"pa_tur-kitap","9":"pa_yayinevi-kirmizi-kedi-yayinevi","10":"pa_yazar-sukru-erbas","12":"first","13":"instock","14":"sale","15":"shipping-taxable","16":"purchasable","17":"product-type-simple"},"_links":{"self":[{"href":"https:\/\/roveyayinevi.com.tr\/index.php\/wp-json\/wp\/v2\/product\/690816","targetHints":{"allow":["GET"]}}],"collection":[{"href":"https:\/\/roveyayinevi.com.tr\/index.php\/wp-json\/wp\/v2\/product"}],"about":[{"href":"https:\/\/roveyayinevi.com.tr\/index.php\/wp-json\/wp\/v2\/types\/product"}],"wp:attachment":[{"href":"https:\/\/roveyayinevi.com.tr\/index.php\/wp-json\/wp\/v2\/media?parent=690816"}],"wp:term":[{"taxonomy":"product_brand","embeddable":true,"href":"https:\/\/roveyayinevi.com.tr\/index.php\/wp-json\/wp\/v2\/product_brand?post=690816"},{"taxonomy":"product_cat","embeddable":true,"href":"https:\/\/roveyayinevi.com.tr\/index.php\/wp-json\/wp\/v2\/product_cat?post=690816"},{"taxonomy":"product_tag","embeddable":true,"href":"https:\/\/roveyayinevi.com.tr\/index.php\/wp-json\/wp\/v2\/product_tag?post=690816"}],"curies":[{"name":"wp","href":"https:\/\/api.w.org\/{rel}","templated":true}]}}