{"id":690813,"date":"2025-08-27T13:53:38","date_gmt":"2025-08-27T10:53:38","guid":{"rendered":"https:\/\/roveyayinevi.com.tr\/index.php\/urun\/kudus\/"},"modified":"2026-04-16T02:00:20","modified_gmt":"2026-04-15T23:00:20","slug":"kudus","status":"publish","type":"product","link":"https:\/\/roveyayinevi.com.tr\/index.php\/urun\/kudus\/","title":{"rendered":"Kud\u00fcs"},"content":{"rendered":"<p>Korkunun ve delili\u011fin s\u0131n\u0131r\u0131nda ya\u015fayan iki sevgili, vah\u015fetin tarihi \u00fczerine \u00e7al\u0131\u015fan bir doktor ve onlar\u0131n kesi\u015fen yazg\u0131lar\u0131n\u0131 sonsuza dek belirleyecek bir gece. Gon\u00e7alo M. Tavares\u2019ten insan\u0131n karanl\u0131k y\u00fcz\u00fcne korkusuzca bakmay\u0131 ba\u015farabilen \u00f6zg\u00fcn bir anlat\u0131m.     \u201cKud\u00fcs, Bat\u0131 edebiyat\u0131n\u0131n b\u00fcy\u00fck eserleri aras\u0131nda yer almay\u0131 hak eden \u00f6nemli bir kitap&#8230; Gon\u00e7alo M. Tavares\u2019in hen\u00fcz 35 ya\u015f\u0131nda bu kadar iyi yazmaya hakk\u0131 yok: \u0130nsan\u0131n onu d\u00f6vesi geliyor.\u201d Jos\u00e9 Saramago   \u201cPortekizli bir Kafka.\u201d Le Figaro   \u201cGen\u00e7 romanc\u0131 Gon\u00e7alo M. Tavares\u2019ten, kendi, yepyeni yarat\u0131s\u0131yla yeniden \u015fekillendirmek \u00fczere d\u00fcnyay\u0131 par\u00e7alara ay\u0131rd\u0131\u011f\u0131 b\u00fcy\u00fck bir arma\u011fan. Her kitab\u0131 ger\u00e7ekli\u011fi daha iyi g\u00f6zlemlememizi sa\u011flayan birer kaleydoskop&#8230; Kud\u00fcs, bunu en iyi ba\u015fard\u0131\u011f\u0131 kitab\u0131, insan\u0131n ac\u0131lar\u0131na e\u011filen \u00f6zg\u00fcn, derin ve zekice kotar\u0131lm\u0131\u015f bir ba\u015fyap\u0131t&#8230; G\u00fcn\u00fcm\u00fcz d\u00fcnyas\u0131ndaki yabanc\u0131la\u015fma \u00fczerine \u00e7ok y\u00f6nl\u00fc ve etkileyici bir dram.\u201d Alberto Manguel <\/p>\n","protected":false},"excerpt":{"rendered":"<p>Korkunun ve delili\u011fin s\u0131n\u0131r\u0131nda ya\u015fayan iki sevgili, vah\u015fetin tarihi \u00fczerine \u00e7al\u0131\u015fan bir doktor ve onlar\u0131n kesi\u015fen yazg\u0131lar\u0131n\u0131 sonsuza dek belirleyecek bir gece. Gon\u00e7alo M. Tavares\u2019ten insan\u0131n<span class=\"excerpt-hellip\"> [\u2026]<\/span><\/p>\n","protected":false},"featured_media":0,"template":"","meta":{"_monsterinsights_skip_tracking":false,"_monsterinsights_sitenote_active":false,"_monsterinsights_sitenote_note":"","_monsterinsights_sitenote_category":0},"product_brand":[],"product_cat":[12291,13113],"product_tag":[],"class_list":{"0":"post-690813","1":"product","2":"type-product","3":"status-publish","5":"product_cat-edebiyat","6":"product_cat-ispanyol-edebiyati","7":"pa_cilt-ciltsiz","8":"pa_tur-kitap","9":"pa_yayinevi-kirmizi-kedi-yayinevi","10":"pa_yazar-goncalo-m-tavares","12":"first","13":"instock","14":"sale","15":"shipping-taxable","16":"purchasable","17":"product-type-simple"},"_links":{"self":[{"href":"https:\/\/roveyayinevi.com.tr\/index.php\/wp-json\/wp\/v2\/product\/690813","targetHints":{"allow":["GET"]}}],"collection":[{"href":"https:\/\/roveyayinevi.com.tr\/index.php\/wp-json\/wp\/v2\/product"}],"about":[{"href":"https:\/\/roveyayinevi.com.tr\/index.php\/wp-json\/wp\/v2\/types\/product"}],"wp:attachment":[{"href":"https:\/\/roveyayinevi.com.tr\/index.php\/wp-json\/wp\/v2\/media?parent=690813"}],"wp:term":[{"taxonomy":"product_brand","embeddable":true,"href":"https:\/\/roveyayinevi.com.tr\/index.php\/wp-json\/wp\/v2\/product_brand?post=690813"},{"taxonomy":"product_cat","embeddable":true,"href":"https:\/\/roveyayinevi.com.tr\/index.php\/wp-json\/wp\/v2\/product_cat?post=690813"},{"taxonomy":"product_tag","embeddable":true,"href":"https:\/\/roveyayinevi.com.tr\/index.php\/wp-json\/wp\/v2\/product_tag?post=690813"}],"curies":[{"name":"wp","href":"https:\/\/api.w.org\/{rel}","templated":true}]}}