{"id":690809,"date":"2025-08-27T13:53:37","date_gmt":"2025-08-27T10:53:37","guid":{"rendered":"https:\/\/roveyayinevi.com.tr\/index.php\/urun\/belki-sessiz\/"},"modified":"2026-04-12T02:00:40","modified_gmt":"2026-04-11T23:00:40","slug":"belki-sessiz","status":"publish","type":"product","link":"https:\/\/roveyayinevi.com.tr\/index.php\/urun\/belki-sessiz\/","title":{"rendered":"Belki Sessiz"},"content":{"rendered":"<p>Sular varken eski sular Bana kald\u0131 bir ak\u015fam\u0131 s\u00f6ylemek Bir dalg\u0131nl\u0131ktan geldim ben bir dalg\u0131nl\u0131ktan Gitti\u011fim kime kal\u0131rsa \u00c7a\u011f\u0131r\u0131r evlerden uzun sesler Getirilir biri uykuda Her \u015fey kendine gizlenir neden Gizlendi\u011fim kime kal\u0131rsa <\/p>\n","protected":false},"excerpt":{"rendered":"<p>Sular varken eski sular Bana kald\u0131 bir ak\u015fam\u0131 s\u00f6ylemek Bir dalg\u0131nl\u0131ktan geldim ben bir dalg\u0131nl\u0131ktan Gitti\u011fim kime kal\u0131rsa \u00c7a\u011f\u0131r\u0131r evlerden uzun sesler Getirilir biri uykuda Her<span class=\"excerpt-hellip\"> [\u2026]<\/span><\/p>\n","protected":false},"featured_media":0,"template":"","meta":{"_monsterinsights_skip_tracking":false,"_monsterinsights_sitenote_active":false,"_monsterinsights_sitenote_note":"","_monsterinsights_sitenote_category":0},"product_brand":[],"product_cat":[12291,12509],"product_tag":[],"class_list":{"0":"post-690809","1":"product","2":"type-product","3":"status-publish","5":"product_cat-edebiyat","6":"product_cat-siir","7":"pa_cilt-ciltsiz","8":"pa_tur-kitap","9":"pa_yayinevi-kirmizi-kedi-yayinevi","10":"pa_yazar-gonca-ozmen","12":"first","13":"instock","14":"sale","15":"shipping-taxable","16":"purchasable","17":"product-type-simple"},"_links":{"self":[{"href":"https:\/\/roveyayinevi.com.tr\/index.php\/wp-json\/wp\/v2\/product\/690809","targetHints":{"allow":["GET"]}}],"collection":[{"href":"https:\/\/roveyayinevi.com.tr\/index.php\/wp-json\/wp\/v2\/product"}],"about":[{"href":"https:\/\/roveyayinevi.com.tr\/index.php\/wp-json\/wp\/v2\/types\/product"}],"wp:attachment":[{"href":"https:\/\/roveyayinevi.com.tr\/index.php\/wp-json\/wp\/v2\/media?parent=690809"}],"wp:term":[{"taxonomy":"product_brand","embeddable":true,"href":"https:\/\/roveyayinevi.com.tr\/index.php\/wp-json\/wp\/v2\/product_brand?post=690809"},{"taxonomy":"product_cat","embeddable":true,"href":"https:\/\/roveyayinevi.com.tr\/index.php\/wp-json\/wp\/v2\/product_cat?post=690809"},{"taxonomy":"product_tag","embeddable":true,"href":"https:\/\/roveyayinevi.com.tr\/index.php\/wp-json\/wp\/v2\/product_tag?post=690809"}],"curies":[{"name":"wp","href":"https:\/\/api.w.org\/{rel}","templated":true}]}}